{"id":264,"date":"2020-09-08T11:53:11","date_gmt":"2020-09-08T11:53:11","guid":{"rendered":"https:\/\/gprecruitment.eu\/?page_id=264"},"modified":"2025-07-01T13:59:28","modified_gmt":"2025-07-01T13:59:28","slug":"nodoklu-atmaksa","status":"publish","type":"page","link":"https:\/\/gprecruitment.eu\/lv\/darba-mekletajiem\/nodoklu-atmaksa\/","title":{"rendered":"NODOK\u013bU ATMAKSA"},"content":{"rendered":"\t\t<div data-elementor-type=\"wp-page\" data-elementor-id=\"264\" class=\"elementor elementor-264\">\n\t\t\t\t\t\t<div class=\"elementor-inner\">\n\t\t\t\t<div class=\"elementor-section-wrap\">\n\t\t\t\t\t\t\t\t\t<section class=\"elementor-section elementor-top-section elementor-element elementor-element-9b39a3e elementor-section-boxed elementor-section-height-default elementor-section-height-default\" data-id=\"9b39a3e\" data-element_type=\"section\">\n\t\t\t\t\t\t<div class=\"elementor-container elementor-column-gap-default\">\n\t\t\t\t\t\t\t<div class=\"elementor-row\">\n\t\t\t\t\t<div class=\"elementor-column elementor-col-100 elementor-top-column elementor-element elementor-element-2da6675\" data-id=\"2da6675\" data-element_type=\"column\">\n\t\t\t<div class=\"elementor-column-wrap elementor-element-populated\">\n\t\t\t\t\t\t\t<div class=\"elementor-widget-wrap\">\n\t\t\t\t\t\t<div class=\"elementor-element elementor-element-0753ad6 elementor-widget elementor-widget-heading\" data-id=\"0753ad6\" data-element_type=\"widget\" data-widget_type=\"heading.default\">\n\t\t\t\t<div class=\"elementor-widget-container\">\n\t\t\t<h4 class=\"elementor-heading-title elementor-size-default\">DARBA MEKL\u0112T\u0100JIEm<\/h4>\t\t<\/div>\n\t\t\t\t<\/div>\n\t\t\t\t\t\t<\/div>\n\t\t\t\t\t<\/div>\n\t\t<\/div>\n\t\t\t\t\t\t\t\t<\/div>\n\t\t\t\t\t<\/div>\n\t\t<\/section>\n\t\t\t\t<section class=\"elementor-section elementor-top-section elementor-element elementor-element-2f16740 elementor-section-boxed elementor-section-height-default elementor-section-height-default\" data-id=\"2f16740\" data-element_type=\"section\">\n\t\t\t\t\t\t<div class=\"elementor-container elementor-column-gap-default\">\n\t\t\t\t\t\t\t<div class=\"elementor-row\">\n\t\t\t\t\t<div class=\"elementor-column elementor-col-50 elementor-top-column elementor-element elementor-element-0ae5ca4\" data-id=\"0ae5ca4\" data-element_type=\"column\">\n\t\t\t<div class=\"elementor-column-wrap elementor-element-populated\">\n\t\t\t\t\t\t\t<div class=\"elementor-widget-wrap\">\n\t\t\t\t\t\t<div class=\"elementor-element elementor-element-233e175 elementor-widget elementor-widget-heading\" data-id=\"233e175\" data-element_type=\"widget\" data-widget_type=\"heading.default\">\n\t\t\t\t<div class=\"elementor-widget-container\">\n\t\t\t<h1 class=\"elementor-heading-title elementor-size-default\">Nodok\u013cu atmaksa<\/h1>\t\t<\/div>\n\t\t\t\t<\/div>\n\t\t\t\t\t\t<\/div>\n\t\t\t\t\t<\/div>\n\t\t<\/div>\n\t\t\t\t<div class=\"elementor-column elementor-col-50 elementor-top-column elementor-element elementor-element-440654c\" data-id=\"440654c\" data-element_type=\"column\">\n\t\t\t<div class=\"elementor-column-wrap elementor-element-populated\">\n\t\t\t\t\t\t\t<div class=\"elementor-widget-wrap\">\n\t\t\t\t\t\t<section class=\"elementor-section elementor-inner-section elementor-element elementor-element-c803f8f elementor-section-boxed elementor-section-height-default elementor-section-height-default\" data-id=\"c803f8f\" data-element_type=\"section\">\n\t\t\t\t\t\t<div class=\"elementor-container elementor-column-gap-default\">\n\t\t\t\t\t\t\t<div class=\"elementor-row\">\n\t\t\t\t\t<div class=\"elementor-column elementor-col-50 elementor-inner-column elementor-element elementor-element-6746dc5\" data-id=\"6746dc5\" data-element_type=\"column\">\n\t\t\t<div class=\"elementor-column-wrap elementor-element-populated\">\n\t\t\t\t\t\t\t<div class=\"elementor-widget-wrap\">\n\t\t\t\t\t\t<div class=\"elementor-element elementor-element-4bf77b5 elementor-widget elementor-widget-text-editor\" data-id=\"4bf77b5\" data-element_type=\"widget\" data-widget_type=\"text-editor.default\">\n\t\t\t\t<div class=\"elementor-widget-container\">\n\t\t\t\t\t\t\t\t<div class=\"elementor-text-editor elementor-clearfix\">\n\t\t\t\t<p>K\u0100 TAS STR\u0100D\u0100<\/p>\t\t\t\t\t<\/div>\n\t\t\t\t\t\t<\/div>\n\t\t\t\t<\/div>\n\t\t\t\t<div class=\"elementor-element elementor-element-9d1f972 elementor-widget elementor-widget-text-editor\" data-id=\"9d1f972\" data-element_type=\"widget\" data-widget_type=\"text-editor.default\">\n\t\t\t\t<div class=\"elementor-widget-container\">\n\t\t\t\t\t\t\t\t<div class=\"elementor-text-editor elementor-clearfix\">\n\t\t\t\t<p>DER ZIN\u0100T<\/p>\t\t\t\t\t<\/div>\n\t\t\t\t\t\t<\/div>\n\t\t\t\t<\/div>\n\t\t\t\t\t\t<\/div>\n\t\t\t\t\t<\/div>\n\t\t<\/div>\n\t\t\t\t<div class=\"elementor-column elementor-col-50 elementor-inner-column elementor-element elementor-element-830fb8d elementor-hidden-tablet elementor-hidden-phone\" data-id=\"830fb8d\" data-element_type=\"column\">\n\t\t\t<div class=\"elementor-column-wrap elementor-element-populated\">\n\t\t\t\t\t\t\t<div class=\"elementor-widget-wrap\">\n\t\t\t\t\t\t<div class=\"elementor-element elementor-element-9fee596 elementor-widget elementor-widget-image\" data-id=\"9fee596\" data-element_type=\"widget\" data-widget_type=\"image.default\">\n\t\t\t\t<div class=\"elementor-widget-container\">\n\t\t\t\t\t\t\t\t<div class=\"elementor-image\">\n\t\t\t\t\t\t\t\t\t\t\t\t\t<a href=\"https:\/\/gprecruitment.eu\/darba-mekletajiem\/ka-tas-strada\/\">\n\t\t\t\t\t\t\t<img loading=\"lazy\" decoding=\"async\" width=\"109\" height=\"19\" src=\"https:\/\/gprecruitment.eu\/wp-content\/uploads\/2020\/09\/bulta-1.png\" class=\"attachment-large size-large\" alt=\"\" \/>\t\t\t\t\t\t\t\t<\/a>\n\t\t\t\t\t\t\t\t\t\t\t\t\t\t<\/div>\n\t\t\t\t\t\t<\/div>\n\t\t\t\t<\/div>\n\t\t\t\t<div class=\"elementor-element elementor-element-460f28c elementor-widget elementor-widget-image\" data-id=\"460f28c\" data-element_type=\"widget\" data-widget_type=\"image.default\">\n\t\t\t\t<div class=\"elementor-widget-container\">\n\t\t\t\t\t\t\t\t<div class=\"elementor-image\">\n\t\t\t\t\t\t\t\t\t\t\t\t\t<a href=\"https:\/\/gprecruitment.eu\/darba-mekletajiem\/der-zinat\/\">\n\t\t\t\t\t\t\t<img loading=\"lazy\" decoding=\"async\" width=\"109\" height=\"19\" src=\"https:\/\/gprecruitment.eu\/wp-content\/uploads\/2020\/09\/bulta-1.png\" class=\"attachment-large size-large\" alt=\"\" \/>\t\t\t\t\t\t\t\t<\/a>\n\t\t\t\t\t\t\t\t\t\t\t\t\t\t<\/div>\n\t\t\t\t\t\t<\/div>\n\t\t\t\t<\/div>\n\t\t\t\t\t\t<\/div>\n\t\t\t\t\t<\/div>\n\t\t<\/div>\n\t\t\t\t\t\t\t\t<\/div>\n\t\t\t\t\t<\/div>\n\t\t<\/section>\n\t\t\t\t\t\t<\/div>\n\t\t\t\t\t<\/div>\n\t\t<\/div>\n\t\t\t\t\t\t\t\t<\/div>\n\t\t\t\t\t<\/div>\n\t\t<\/section>\n\t\t\t\t<section class=\"elementor-section elementor-top-section elementor-element elementor-element-9a0c611 elementor-section-boxed elementor-section-height-default elementor-section-height-default\" data-id=\"9a0c611\" data-element_type=\"section\">\n\t\t\t\t\t\t<div class=\"elementor-container elementor-column-gap-default\">\n\t\t\t\t\t\t\t<div class=\"elementor-row\">\n\t\t\t\t\t<div class=\"elementor-column elementor-col-25 elementor-top-column elementor-element elementor-element-4b02c10\" data-id=\"4b02c10\" data-element_type=\"column\">\n\t\t\t<div class=\"elementor-column-wrap elementor-element-populated\">\n\t\t\t\t\t\t\t<div class=\"elementor-widget-wrap\">\n\t\t\t\t\t\t<div class=\"elementor-element elementor-element-888d953 elementor-widget elementor-widget-image\" data-id=\"888d953\" data-element_type=\"widget\" data-widget_type=\"image.default\">\n\t\t\t\t<div class=\"elementor-widget-container\">\n\t\t\t\t\t\t\t\t<div class=\"elementor-image\">\n\t\t\t\t\t\t\t\t\t\t\t\t<img loading=\"lazy\" decoding=\"async\" width=\"356\" height=\"338\" src=\"https:\/\/gprecruitment.eu\/wp-content\/uploads\/2020\/11\/Nodoklu-atgriezsana-01-1.jpg\" class=\"attachment-large size-large\" alt=\"\" srcset=\"https:\/\/gprecruitment.eu\/wp-content\/uploads\/2020\/11\/Nodoklu-atgriezsana-01-1.jpg 356w, https:\/\/gprecruitment.eu\/wp-content\/uploads\/2020\/11\/Nodoklu-atgriezsana-01-1-300x285.jpg 300w\" sizes=\"auto, (max-width: 356px) 100vw, 356px\" \/>\t\t\t\t\t\t\t\t\t\t\t\t\t\t<\/div>\n\t\t\t\t\t\t<\/div>\n\t\t\t\t<\/div>\n\t\t\t\t<div class=\"elementor-element elementor-element-9f48254 elementor-widget elementor-widget-text-editor\" data-id=\"9f48254\" data-element_type=\"widget\" data-widget_type=\"text-editor.default\">\n\t\t\t\t<div class=\"elementor-widget-container\">\n\t\t\t\t\t\t\t\t<div class=\"elementor-text-editor elementor-clearfix\">\n\t\t\t\t<p>AIZPILDA NODOK\u013bU ATMAKSAS PIETEIKUMU.\u00a0<\/p>\t\t\t\t\t<\/div>\n\t\t\t\t\t\t<\/div>\n\t\t\t\t<\/div>\n\t\t\t\t\t\t<\/div>\n\t\t\t\t\t<\/div>\n\t\t<\/div>\n\t\t\t\t<div class=\"elementor-column elementor-col-25 elementor-top-column elementor-element elementor-element-4df7ad3\" data-id=\"4df7ad3\" data-element_type=\"column\">\n\t\t\t<div class=\"elementor-column-wrap elementor-element-populated\">\n\t\t\t\t\t\t\t<div class=\"elementor-widget-wrap\">\n\t\t\t\t\t\t<div class=\"elementor-element elementor-element-3ab44b9 elementor-widget elementor-widget-image\" data-id=\"3ab44b9\" data-element_type=\"widget\" data-widget_type=\"image.default\">\n\t\t\t\t<div class=\"elementor-widget-container\">\n\t\t\t\t\t\t\t\t<div class=\"elementor-image\">\n\t\t\t\t\t\t\t\t\t\t\t\t<img loading=\"lazy\" decoding=\"async\" width=\"356\" height=\"338\" src=\"https:\/\/gprecruitment.eu\/wp-content\/uploads\/2020\/11\/Nodoklu-atgriezsana-02-1.jpg\" class=\"attachment-large size-large\" alt=\"\" srcset=\"https:\/\/gprecruitment.eu\/wp-content\/uploads\/2020\/11\/Nodoklu-atgriezsana-02-1.jpg 356w, https:\/\/gprecruitment.eu\/wp-content\/uploads\/2020\/11\/Nodoklu-atgriezsana-02-1-300x285.jpg 300w\" sizes=\"auto, (max-width: 356px) 100vw, 356px\" \/>\t\t\t\t\t\t\t\t\t\t\t\t\t\t<\/div>\n\t\t\t\t\t\t<\/div>\n\t\t\t\t<\/div>\n\t\t\t\t<div class=\"elementor-element elementor-element-54bbbb3 elementor-widget elementor-widget-text-editor\" data-id=\"54bbbb3\" data-element_type=\"widget\" data-widget_type=\"text-editor.default\">\n\t\t\t\t<div class=\"elementor-widget-container\">\n\t\t\t\t\t\t\t\t<div class=\"elementor-text-editor elementor-clearfix\">\n\t\t\t\t<p>PIETEIKUMU NODODAM RT TAX KOMP\u0100NIJAI.<\/p>\t\t\t\t\t<\/div>\n\t\t\t\t\t\t<\/div>\n\t\t\t\t<\/div>\n\t\t\t\t\t\t<\/div>\n\t\t\t\t\t<\/div>\n\t\t<\/div>\n\t\t\t\t<div class=\"elementor-column elementor-col-25 elementor-top-column elementor-element elementor-element-a3b0a34\" data-id=\"a3b0a34\" data-element_type=\"column\">\n\t\t\t<div class=\"elementor-column-wrap elementor-element-populated\">\n\t\t\t\t\t\t\t<div class=\"elementor-widget-wrap\">\n\t\t\t\t\t\t<div class=\"elementor-element elementor-element-94e8b48 elementor-widget elementor-widget-image\" data-id=\"94e8b48\" data-element_type=\"widget\" data-widget_type=\"image.default\">\n\t\t\t\t<div class=\"elementor-widget-container\">\n\t\t\t\t\t\t\t\t<div class=\"elementor-image\">\n\t\t\t\t\t\t\t\t\t\t\t\t<img loading=\"lazy\" decoding=\"async\" width=\"356\" height=\"338\" src=\"https:\/\/gprecruitment.eu\/wp-content\/uploads\/2020\/11\/Nodoklu-atgriezsana-03-1.jpg\" class=\"attachment-large size-large\" alt=\"\" srcset=\"https:\/\/gprecruitment.eu\/wp-content\/uploads\/2020\/11\/Nodoklu-atgriezsana-03-1.jpg 356w, https:\/\/gprecruitment.eu\/wp-content\/uploads\/2020\/11\/Nodoklu-atgriezsana-03-1-300x285.jpg 300w\" sizes=\"auto, (max-width: 356px) 100vw, 356px\" \/>\t\t\t\t\t\t\t\t\t\t\t\t\t\t<\/div>\n\t\t\t\t\t\t<\/div>\n\t\t\t\t<\/div>\n\t\t\t\t<div class=\"elementor-element elementor-element-c40ed5e elementor-widget elementor-widget-text-editor\" data-id=\"c40ed5e\" data-element_type=\"widget\" data-widget_type=\"text-editor.default\">\n\t\t\t\t<div class=\"elementor-widget-container\">\n\t\t\t\t\t\t\t\t<div class=\"elementor-text-editor elementor-clearfix\">\n\t\t\t\t<p>RT TAX NODOD PIETEIKUMU ATBILD\u012aGAJAI ATTIEC\u012aG\u0100S VALSTS NODOK\u013bU P\u0100RVALDEI.\u00a0<\/p>\t\t\t\t\t<\/div>\n\t\t\t\t\t\t<\/div>\n\t\t\t\t<\/div>\n\t\t\t\t\t\t<\/div>\n\t\t\t\t\t<\/div>\n\t\t<\/div>\n\t\t\t\t<div class=\"elementor-column elementor-col-25 elementor-top-column elementor-element elementor-element-b5cb9ab\" data-id=\"b5cb9ab\" data-element_type=\"column\">\n\t\t\t<div class=\"elementor-column-wrap elementor-element-populated\">\n\t\t\t\t\t\t\t<div class=\"elementor-widget-wrap\">\n\t\t\t\t\t\t<div class=\"elementor-element elementor-element-9ce040a elementor-widget elementor-widget-image\" data-id=\"9ce040a\" data-element_type=\"widget\" data-widget_type=\"image.default\">\n\t\t\t\t<div class=\"elementor-widget-container\">\n\t\t\t\t\t\t\t\t<div class=\"elementor-image\">\n\t\t\t\t\t\t\t\t\t\t\t\t<img loading=\"lazy\" decoding=\"async\" width=\"356\" height=\"338\" src=\"https:\/\/gprecruitment.eu\/wp-content\/uploads\/2020\/11\/Nodoklu-atgriezsana-04-1.jpg\" class=\"attachment-large size-large\" alt=\"\" srcset=\"https:\/\/gprecruitment.eu\/wp-content\/uploads\/2020\/11\/Nodoklu-atgriezsana-04-1.jpg 356w, https:\/\/gprecruitment.eu\/wp-content\/uploads\/2020\/11\/Nodoklu-atgriezsana-04-1-300x285.jpg 300w\" sizes=\"auto, (max-width: 356px) 100vw, 356px\" \/>\t\t\t\t\t\t\t\t\t\t\t\t\t\t<\/div>\n\t\t\t\t\t\t<\/div>\n\t\t\t\t<\/div>\n\t\t\t\t<div class=\"elementor-element elementor-element-48ca9f3 elementor-widget elementor-widget-text-editor\" data-id=\"48ca9f3\" data-element_type=\"widget\" data-widget_type=\"text-editor.default\">\n\t\t\t\t<div class=\"elementor-widget-container\">\n\t\t\t\t\t\t\t\t<div class=\"elementor-text-editor elementor-clearfix\">\n\t\t\t\t<p>P\u0100RMAKS\u0100TIE NODOK\u013bI TIEK ATGRIEZTI.\u00a0<\/p>\t\t\t\t\t<\/div>\n\t\t\t\t\t\t<\/div>\n\t\t\t\t<\/div>\n\t\t\t\t\t\t<\/div>\n\t\t\t\t\t<\/div>\n\t\t<\/div>\n\t\t\t\t\t\t\t\t<\/div>\n\t\t\t\t\t<\/div>\n\t\t<\/section>\n\t\t\t\t\t\t\t\t\t<\/div>\n\t\t\t<\/div>\n\t\t\t\t\t<\/div>\n\t\t","protected":false},"excerpt":{"rendered":"<p>DARBA MEKL\u0112T\u0100JIEm Nodok\u013cu atmaksa K\u0100 TAS STR\u0100D\u0100 DER ZIN\u0100T AIZPILDA NODOK\u013bU ATMAKSAS PIETEIKUMU.\u00a0 PIETEIKUMU NODODAM RT TAX KOMP\u0100NIJAI. RT TAX NODOD PIETEIKUMU ATBILD\u012aGAJAI ATTIEC\u012aG\u0100S VALSTS NODOK\u013bU P\u0100RVALDEI.\u00a0 P\u0100RMAKS\u0100TIE NODOK\u013bI TIEK ATGRIEZTI.\u00a0<\/p>\n","protected":false},"author":6,"featured_media":0,"parent":38,"menu_order":1,"comment_status":"closed","ping_status":"closed","template":"elementor_header_footer","meta":{"footnotes":""},"class_list":["post-264","page","type-page","status-publish","hentry"],"yoast_head":"<!-- This site is optimized with the Yoast SEO plugin v26.4 - https:\/\/yoast.com\/wordpress\/plugins\/seo\/ -->\n<title>NODOK\u013bU ATMAKSA - GP Recruitment<\/title>\n<meta name=\"robots\" content=\"index, follow, max-snippet:-1, max-image-preview:large, max-video-preview:-1\" \/>\n<link rel=\"canonical\" href=\"https:\/\/gprecruitment.eu\/lv\/darba-mekletajiem\/nodoklu-atmaksa\/\" \/>\n<meta property=\"og:locale\" content=\"lv_LV\" \/>\n<meta property=\"og:type\" content=\"article\" \/>\n<meta property=\"og:title\" content=\"NODOK\u013bU ATMAKSA - GP Recruitment\" \/>\n<meta property=\"og:description\" content=\"DARBA MEKL\u0112T\u0100JIEm Nodok\u013cu atmaksa K\u0100 TAS STR\u0100D\u0100 DER ZIN\u0100T AIZPILDA NODOK\u013bU ATMAKSAS PIETEIKUMU.\u00a0 PIETEIKUMU NODODAM RT TAX KOMP\u0100NIJAI. RT TAX NODOD PIETEIKUMU ATBILD\u012aGAJAI ATTIEC\u012aG\u0100S VALSTS NODOK\u013bU P\u0100RVALDEI.\u00a0 P\u0100RMAKS\u0100TIE NODOK\u013bI TIEK ATGRIEZTI.\u00a0\" \/>\n<meta property=\"og:url\" content=\"https:\/\/gprecruitment.eu\/lv\/darba-mekletajiem\/nodoklu-atmaksa\/\" \/>\n<meta property=\"og:site_name\" content=\"GP Recruitment\" \/>\n<meta property=\"article:modified_time\" content=\"2025-07-01T13:59:28+00:00\" \/>\n<meta property=\"og:image\" content=\"https:\/\/gprecruitment.eu\/wp-content\/uploads\/2020\/09\/bulta-1.png\" \/>\n<meta name=\"twitter:card\" content=\"summary_large_image\" \/>\n<meta name=\"twitter:label1\" content=\"Est. reading time\" \/>\n\t<meta name=\"twitter:data1\" content=\"2 minutes\" \/>\n<script type=\"application\/ld+json\" class=\"yoast-schema-graph\">{\"@context\":\"https:\/\/schema.org\",\"@graph\":[{\"@type\":\"WebPage\",\"@id\":\"https:\/\/gprecruitment.eu\/lv\/darba-mekletajiem\/nodoklu-atmaksa\/\",\"url\":\"https:\/\/gprecruitment.eu\/lv\/darba-mekletajiem\/nodoklu-atmaksa\/\",\"name\":\"NODOK\u013bU ATMAKSA - GP Recruitment\",\"isPartOf\":{\"@id\":\"https:\/\/gpr.lv\/bg\/#website\"},\"primaryImageOfPage\":{\"@id\":\"https:\/\/gprecruitment.eu\/lv\/darba-mekletajiem\/nodoklu-atmaksa\/#primaryimage\"},\"image\":{\"@id\":\"https:\/\/gprecruitment.eu\/lv\/darba-mekletajiem\/nodoklu-atmaksa\/#primaryimage\"},\"thumbnailUrl\":\"https:\/\/gprecruitment.eu\/wp-content\/uploads\/2020\/09\/bulta-1.png\",\"datePublished\":\"2020-09-08T11:53:11+00:00\",\"dateModified\":\"2025-07-01T13:59:28+00:00\",\"breadcrumb\":{\"@id\":\"https:\/\/gprecruitment.eu\/lv\/darba-mekletajiem\/nodoklu-atmaksa\/#breadcrumb\"},\"inLanguage\":\"lv-LV\",\"potentialAction\":[{\"@type\":\"ReadAction\",\"target\":[\"https:\/\/gprecruitment.eu\/lv\/darba-mekletajiem\/nodoklu-atmaksa\/\"]}]},{\"@type\":\"ImageObject\",\"inLanguage\":\"lv-LV\",\"@id\":\"https:\/\/gprecruitment.eu\/lv\/darba-mekletajiem\/nodoklu-atmaksa\/#primaryimage\",\"url\":\"https:\/\/gprecruitment.eu\/wp-content\/uploads\/2020\/09\/bulta-1.png\",\"contentUrl\":\"https:\/\/gprecruitment.eu\/wp-content\/uploads\/2020\/09\/bulta-1.png\"},{\"@type\":\"BreadcrumbList\",\"@id\":\"https:\/\/gprecruitment.eu\/lv\/darba-mekletajiem\/nodoklu-atmaksa\/#breadcrumb\",\"itemListElement\":[{\"@type\":\"ListItem\",\"position\":1,\"name\":\"Home\",\"item\":\"https:\/\/gprecruitment.eu\/lv\/\"},{\"@type\":\"ListItem\",\"position\":2,\"name\":\"DARBA MEKL\u0112T\u0100JIEM\",\"item\":\"https:\/\/gpr.lv\/en\/job-seekers-2\/\"},{\"@type\":\"ListItem\",\"position\":3,\"name\":\"NODOK\u013bU ATMAKSA\"}]},{\"@type\":\"WebSite\",\"@id\":\"https:\/\/gpr.lv\/bg\/#website\",\"url\":\"https:\/\/gpr.lv\/bg\/\",\"name\":\"GP Recruitment\",\"description\":\"Find job abroad quickly\",\"publisher\":{\"@id\":\"https:\/\/gpr.lv\/bg\/#organization\"},\"potentialAction\":[{\"@type\":\"SearchAction\",\"target\":{\"@type\":\"EntryPoint\",\"urlTemplate\":\"https:\/\/gpr.lv\/bg\/?s={search_term_string}\"},\"query-input\":{\"@type\":\"PropertyValueSpecification\",\"valueRequired\":true,\"valueName\":\"search_term_string\"}}],\"inLanguage\":\"lv-LV\"},{\"@type\":\"Organization\",\"@id\":\"https:\/\/gpr.lv\/bg\/#organization\",\"name\":\"GP Recruitment\",\"url\":\"https:\/\/gpr.lv\/bg\/\",\"logo\":{\"@type\":\"ImageObject\",\"inLanguage\":\"lv-LV\",\"@id\":\"https:\/\/gpr.lv\/bg\/#\/schema\/logo\/image\/\",\"url\":\"https:\/\/gprecruitment.eu\/wp-content\/uploads\/2020\/09\/Logo_gpr.png\",\"contentUrl\":\"https:\/\/gprecruitment.eu\/wp-content\/uploads\/2020\/09\/Logo_gpr.png\",\"width\":171,\"height\":83,\"caption\":\"GP Recruitment\"},\"image\":{\"@id\":\"https:\/\/gpr.lv\/bg\/#\/schema\/logo\/image\/\"}}]}<\/script>\n<!-- \/ Yoast SEO plugin. -->","yoast_head_json":{"title":"NODOK\u013bU ATMAKSA - GP Recruitment","robots":{"index":"index","follow":"follow","max-snippet":"max-snippet:-1","max-image-preview":"max-image-preview:large","max-video-preview":"max-video-preview:-1"},"canonical":"https:\/\/gprecruitment.eu\/lv\/darba-mekletajiem\/nodoklu-atmaksa\/","og_locale":"lv_LV","og_type":"article","og_title":"NODOK\u013bU ATMAKSA - GP Recruitment","og_description":"DARBA MEKL\u0112T\u0100JIEm Nodok\u013cu atmaksa K\u0100 TAS STR\u0100D\u0100 DER ZIN\u0100T AIZPILDA NODOK\u013bU ATMAKSAS PIETEIKUMU.\u00a0 PIETEIKUMU NODODAM RT TAX KOMP\u0100NIJAI. RT TAX NODOD PIETEIKUMU ATBILD\u012aGAJAI ATTIEC\u012aG\u0100S VALSTS NODOK\u013bU P\u0100RVALDEI.\u00a0 P\u0100RMAKS\u0100TIE NODOK\u013bI TIEK ATGRIEZTI.\u00a0","og_url":"https:\/\/gprecruitment.eu\/lv\/darba-mekletajiem\/nodoklu-atmaksa\/","og_site_name":"GP Recruitment","article_modified_time":"2025-07-01T13:59:28+00:00","og_image":[{"url":"https:\/\/gprecruitment.eu\/wp-content\/uploads\/2020\/09\/bulta-1.png","type":"","width":"","height":""}],"twitter_card":"summary_large_image","twitter_misc":{"Est. reading time":"2 minutes"},"schema":{"@context":"https:\/\/schema.org","@graph":[{"@type":"WebPage","@id":"https:\/\/gprecruitment.eu\/lv\/darba-mekletajiem\/nodoklu-atmaksa\/","url":"https:\/\/gprecruitment.eu\/lv\/darba-mekletajiem\/nodoklu-atmaksa\/","name":"NODOK\u013bU ATMAKSA - GP Recruitment","isPartOf":{"@id":"https:\/\/gpr.lv\/bg\/#website"},"primaryImageOfPage":{"@id":"https:\/\/gprecruitment.eu\/lv\/darba-mekletajiem\/nodoklu-atmaksa\/#primaryimage"},"image":{"@id":"https:\/\/gprecruitment.eu\/lv\/darba-mekletajiem\/nodoklu-atmaksa\/#primaryimage"},"thumbnailUrl":"https:\/\/gprecruitment.eu\/wp-content\/uploads\/2020\/09\/bulta-1.png","datePublished":"2020-09-08T11:53:11+00:00","dateModified":"2025-07-01T13:59:28+00:00","breadcrumb":{"@id":"https:\/\/gprecruitment.eu\/lv\/darba-mekletajiem\/nodoklu-atmaksa\/#breadcrumb"},"inLanguage":"lv-LV","potentialAction":[{"@type":"ReadAction","target":["https:\/\/gprecruitment.eu\/lv\/darba-mekletajiem\/nodoklu-atmaksa\/"]}]},{"@type":"ImageObject","inLanguage":"lv-LV","@id":"https:\/\/gprecruitment.eu\/lv\/darba-mekletajiem\/nodoklu-atmaksa\/#primaryimage","url":"https:\/\/gprecruitment.eu\/wp-content\/uploads\/2020\/09\/bulta-1.png","contentUrl":"https:\/\/gprecruitment.eu\/wp-content\/uploads\/2020\/09\/bulta-1.png"},{"@type":"BreadcrumbList","@id":"https:\/\/gprecruitment.eu\/lv\/darba-mekletajiem\/nodoklu-atmaksa\/#breadcrumb","itemListElement":[{"@type":"ListItem","position":1,"name":"Home","item":"https:\/\/gprecruitment.eu\/lv\/"},{"@type":"ListItem","position":2,"name":"DARBA MEKL\u0112T\u0100JIEM","item":"https:\/\/gpr.lv\/en\/job-seekers-2\/"},{"@type":"ListItem","position":3,"name":"NODOK\u013bU ATMAKSA"}]},{"@type":"WebSite","@id":"https:\/\/gpr.lv\/bg\/#website","url":"https:\/\/gpr.lv\/bg\/","name":"GP Recruitment","description":"Find job abroad quickly","publisher":{"@id":"https:\/\/gpr.lv\/bg\/#organization"},"potentialAction":[{"@type":"SearchAction","target":{"@type":"EntryPoint","urlTemplate":"https:\/\/gpr.lv\/bg\/?s={search_term_string}"},"query-input":{"@type":"PropertyValueSpecification","valueRequired":true,"valueName":"search_term_string"}}],"inLanguage":"lv-LV"},{"@type":"Organization","@id":"https:\/\/gpr.lv\/bg\/#organization","name":"GP Recruitment","url":"https:\/\/gpr.lv\/bg\/","logo":{"@type":"ImageObject","inLanguage":"lv-LV","@id":"https:\/\/gpr.lv\/bg\/#\/schema\/logo\/image\/","url":"https:\/\/gprecruitment.eu\/wp-content\/uploads\/2020\/09\/Logo_gpr.png","contentUrl":"https:\/\/gprecruitment.eu\/wp-content\/uploads\/2020\/09\/Logo_gpr.png","width":171,"height":83,"caption":"GP Recruitment"},"image":{"@id":"https:\/\/gpr.lv\/bg\/#\/schema\/logo\/image\/"}}]}},"_links":{"self":[{"href":"https:\/\/gprecruitment.eu\/lv\/wp-json\/wp\/v2\/pages\/264","targetHints":{"allow":["GET"]}}],"collection":[{"href":"https:\/\/gprecruitment.eu\/lv\/wp-json\/wp\/v2\/pages"}],"about":[{"href":"https:\/\/gprecruitment.eu\/lv\/wp-json\/wp\/v2\/types\/page"}],"author":[{"embeddable":true,"href":"https:\/\/gprecruitment.eu\/lv\/wp-json\/wp\/v2\/users\/6"}],"replies":[{"embeddable":true,"href":"https:\/\/gprecruitment.eu\/lv\/wp-json\/wp\/v2\/comments?post=264"}],"version-history":[{"count":3,"href":"https:\/\/gprecruitment.eu\/lv\/wp-json\/wp\/v2\/pages\/264\/revisions"}],"predecessor-version":[{"id":5668,"href":"https:\/\/gprecruitment.eu\/lv\/wp-json\/wp\/v2\/pages\/264\/revisions\/5668"}],"up":[{"embeddable":true,"href":"https:\/\/gprecruitment.eu\/lv\/wp-json\/wp\/v2\/pages\/38"}],"wp:attachment":[{"href":"https:\/\/gprecruitment.eu\/lv\/wp-json\/wp\/v2\/media?parent=264"}],"curies":[{"name":"wp","href":"https:\/\/api.w.org\/{rel}","templated":true}]}}