{"id":3245,"date":"2022-01-26T22:17:13","date_gmt":"2022-01-26T22:17:13","guid":{"rendered":"https:\/\/gprecruitment.eu\/?page_id=3245"},"modified":"2022-01-27T00:57:24","modified_gmt":"2022-01-27T00:57:24","slug":"darbs-islande","status":"publish","type":"page","link":"https:\/\/gprecruitment.eu\/lv\/darba-mekletajiem\/der-zinat\/darbs-islande\/","title":{"rendered":"Darbs Island\u0113"},"content":{"rendered":"\t\t<div data-elementor-type=\"wp-page\" data-elementor-id=\"3245\" class=\"elementor elementor-3245\">\n\t\t\t\t\t\t<div class=\"elementor-inner\">\n\t\t\t\t<div class=\"elementor-section-wrap\">\n\t\t\t\t\t\t\t\t\t<section class=\"elementor-section elementor-top-section elementor-element elementor-element-af0b52a elementor-section-boxed elementor-section-height-default elementor-section-height-default\" data-id=\"af0b52a\" data-element_type=\"section\">\n\t\t\t\t\t\t<div class=\"elementor-container elementor-column-gap-default\">\n\t\t\t\t\t\t\t<div class=\"elementor-row\">\n\t\t\t\t\t<div class=\"elementor-column elementor-col-100 elementor-top-column elementor-element elementor-element-3f70c86\" data-id=\"3f70c86\" data-element_type=\"column\">\n\t\t\t<div class=\"elementor-column-wrap elementor-element-populated\">\n\t\t\t\t\t\t\t<div class=\"elementor-widget-wrap\">\n\t\t\t\t\t\t<div class=\"elementor-element elementor-element-70fac79 elementor-widget elementor-widget-heading\" data-id=\"70fac79\" data-element_type=\"widget\" data-widget_type=\"heading.default\">\n\t\t\t\t<div class=\"elementor-widget-container\">\n\t\t\t<h1 class=\"elementor-heading-title elementor-size-default\">Darbs Island\u0113<\/h1>\t\t<\/div>\n\t\t\t\t<\/div>\n\t\t\t\t\t\t<\/div>\n\t\t\t\t\t<\/div>\n\t\t<\/div>\n\t\t\t\t\t\t\t\t<\/div>\n\t\t\t\t\t<\/div>\n\t\t<\/section>\n\t\t\t\t<section class=\"elementor-section elementor-top-section elementor-element elementor-element-9d5f194 elementor-section-boxed elementor-section-height-default elementor-section-height-default\" data-id=\"9d5f194\" data-element_type=\"section\">\n\t\t\t\t\t\t<div class=\"elementor-container elementor-column-gap-default\">\n\t\t\t\t\t\t\t<div class=\"elementor-row\">\n\t\t\t\t\t<div class=\"elementor-column elementor-col-100 elementor-top-column elementor-element elementor-element-f1c24f4\" data-id=\"f1c24f4\" data-element_type=\"column\">\n\t\t\t<div class=\"elementor-column-wrap elementor-element-populated\">\n\t\t\t\t\t\t\t<div class=\"elementor-widget-wrap\">\n\t\t\t\t\t\t<div class=\"elementor-element elementor-element-81dccf7 elementor-widget elementor-widget-text-editor\" data-id=\"81dccf7\" data-element_type=\"widget\" data-widget_type=\"text-editor.default\">\n\t\t\t\t<div class=\"elementor-widget-container\">\n\t\t\t\t\t\t\t\t<div class=\"elementor-text-editor elementor-clearfix\">\n\t\t\t\t<p class=\"p1\"><span style=\"font-size: inherit; text-align: inherit; color: var( --e-global-color-d0b923d );\">Darbs Island\u0113 sniedz unik\u0101lu iesp\u0113ju ne tikai nopeln\u012bt, bet ar\u012b iepaz\u012bt vienu no eksotisk\u0101kaj\u0101m viet\u0101m pasaul\u0113 ar geizeriem, fjordiem un led\u0101jiem. Islande ir pasaules tur\u012bg\u0101ko valstu Top 15 ar modernu ekonomiku, l\u0113tu elektroener\u0123iju, k\u0101 ar\u012b v\u012bnogu un ban\u0101nu kokiem siltumn\u012bc\u0101s. Island\u0113 ir viens no zem\u0101kajiem bezdarba l\u012bme\u0146iem Eirop\u0101, t.i. \u2013 2,5%, tom\u0113r iedz\u012bvot\u0101ju vecuma palielin\u0101\u0161an\u0101s rada arvien liel\u0101ku piepras\u012bjumu p\u0113c \u0101rzemnieku darbasp\u0113ka.<\/span><\/p><p class=\"p1\">B\u016btiski, ka uz Islandes galvaspils\u0113tu Reikjav\u012bku iesp\u0113jams aizlidot ar tie\u0161o avio reisu no R\u012bgas. Reikjav\u012bk\u0101 dz\u012bvo tre\u0161\u0101 da\u013ca Islandes salas iedz\u012bvot\u0101ju un tur ar\u012b pieejama liel\u0101k\u0101 da\u013ca darba vakan\u010du. Ja j\u016bs interes\u0113 darbs Island\u0113, apskatiet visas m\u016bsu aktu\u0101l\u0101s vakances \u0161aj\u0101 valst\u012b!<\/p><h2><b style=\"font-size: inherit; text-align: inherit; color: var( --e-global-color-d0b923d );\">Nepiecie\u0161amie dokumenti darbam Island\u0113<\/b><\/h2><p class=\"p1\">T\u0101 k\u0101 Islande ir Eiropas ekonomiskaj\u0101 zon\u0101, Latvijas pilso\u0146iem Island\u0113 nav nepiecie\u0161ama darba at\u013cauja &#8211; j\u016bsu personas apliec\u012bba vai pase b\u016bs pier\u0101d\u012bjums ties\u012bb\u0101m str\u0101d\u0101t Island\u0113. Savuk\u0101rt Latvijas nepilso\u0146iem gan nepiecie\u0161ams nok\u0101rtot darba at\u013cauju. Ja v\u0113laties str\u0101d\u0101t Island\u0113 ilg\u0101k par 3 m\u0113ne\u0161iem, tad jums j\u0101veic uztur\u0113\u0161anas re\u0123istr\u0101cija Nacion\u0101laj\u0101 re\u0123istr\u0101 un j\u0101sa\u0146em uztur\u0113\u0161an\u0101s at\u013cauja no Islandes Imigr\u0101cijas direktor\u0101ta.<span class=\"Apple-converted-space\">\u00a0<\/span><\/p><p class=\"p1\">Str\u0101d\u0101jot Island\u0113, jums b\u016bs j\u0101veic nodok\u013cu maks\u0101jumi valstij, pa\u0161vald\u012bbai un pensijas apdro\u0161in\u0101\u0161anas fondam. Lai darba dev\u0113js var\u0113tu veiktu nepiecie\u0161amos nodok\u013cu maks\u0101jumus no j\u016bsu algas, jums ir j\u0101noform\u0113 nodok\u013cu karte. T\u0101s ieg\u016b\u0161anai, ierodoties Island\u0113, jums vispirms ir j\u0101sa\u0146em personas identifik\u0101cijas numurs, j\u0101piesak\u0101s Nacion\u0101laj\u0101 re\u0123istr\u0101 un j\u0101re\u0123istr\u0113 dz\u012bvesvieta.<\/p><p class=\"p1\">Vesel\u012bbai un dro\u0161\u012bbai rekomend\u0113jam noform\u0113t bezmaksas Eiropas vesel\u012bbas apdro\u0161in\u0101\u0161anas karti (EVAK). Ar to vajadz\u012bbas gad\u012bjum\u0101 var\u0113siet sa\u0146emt neatliekamo pal\u012bdz\u012bbu Island\u0113 bez maksas.<span class=\"Apple-converted-space\">\u00a0<\/span><\/p><h2><b>Darb\u0101 iek\u0101rto\u0161an\u0101s Island\u0113<\/b><\/h2><p class=\"p1\">Darbu Island\u0113 ir viegl\u0101k atrast ar priv\u0101t\u0101s darba a\u0123ent\u016bras pal\u012bdz\u012bbu, jo liel\u0101k\u0101 da\u013ca sludin\u0101jumu ir islandie\u0161u valod\u0101 un darba mekl\u0113jumi uz vietas var pras\u012bt daudz laika un dz\u012bvo\u0161anas izmaksu. Darba proces\u0101 b\u016bs v\u0113lamas ang\u013cu sarunvalodas zin\u0101\u0161anas, kas lielai da\u013cai Islandes iedz\u012bvot\u0101ju ir pie\u0146emam\u0101 l\u012bmen\u012b. GP Recruitment tie\u0161\u0101 veid\u0101 sadarbojas ar da\u017e\u0101diem Islandes uz\u0146\u0113mumiem, kuri regul\u0101ri pied\u0101v\u0101 jaunas darba iesp\u0113jas, t\u0101d\u0113\u013c aicin\u0101m sekot l\u012bdzi m\u016bsu vakan\u010du sarakstam. Darba pied\u0101v\u0101jumu kl\u0101st\u0101 atrodamas darba iesp\u0113jas da\u017e\u0101d\u0101s nozar\u0113s. Visbie\u017e\u0101k Island\u0113 pieejamas vakances celtniec\u012bb\u0101, lauksaimniec\u012bb\u0101, ener\u0123\u0113tik\u0101 un apkop\u0161anas servis\u0101 gan kvalific\u0113tiem speci\u0101listiem, gan cilv\u0113kiem ar maz\u0101ku darba pieredzi.<\/p><h3><b>Vakances celtniec\u012bb\u0101 Island\u0113<\/b><\/h3><p class=\"p1\">Celtniec\u012bb\u0101, tehniskaj\u0101s industrij\u0101s un ce\u013cu b\u016bvniec\u012bb\u0101 Island\u0113 ierasti tiek mekl\u0113ti kvalific\u0113ti speci\u0101listi ar darba pieredzi. \u0160ie darbi p\u0101rsvar\u0101 tiek pied\u0101v\u0101ti ilgtermi\u0146\u0101, tikm\u0113r atsevi\u0161\u0137\u0101s viet\u0101s darbinieki nepiecie\u0161ami noteikt\u0101 laika period\u0101. T\u0101 k\u0101 ziemas Island\u0113 ir barg\u0101kas nek\u0101 Latvij\u0101, tad \u0101ra darbi (piem\u0113ram, ce\u013cu b\u016bve, bru\u0123\u0113\u0161ana vai jumtu lik\u0161ana) ir izteikti sezon\u0101li \u2013 no pavasara l\u012bdz pirmajam rudens sniegam. J\u0101piemin Islandes \u0123eogr\u0101fijai specifisk\u0101k\u0101s darba vietas \u0123eoterm\u0101l\u0101s sp\u0113kstacij\u0101s un hidrostacij\u0101s. Taj\u0101s tiek mekl\u0113ti t\u0101di speci\u0101listi k\u0101 meh\u0101ni\u0137i, metin\u0101t\u0101ji, elektri\u0137i, kuriem var b\u016bt nepiecie\u0161ama Islandes kvalifik\u0101cijas ieg\u016b\u0161ana, ko ierasti darba dev\u0113js pal\u012bdz nok\u0101rtot.<\/p><h3><b>Vasaras darbs Island\u0113 t\u016brisma sezon\u0101<\/b><\/h3><p class=\"p1\">Pateicoties Islandes garaj\u0101m vasaras dien\u0101m, kad saule sp\u012bd teju 21 stundu diennakt\u012b, ir daudz iesp\u0113ju vasaras darbam. Ja labi p\u0101rvald\u0101t ang\u013cu valodu, tad vasaras laik\u0101 b\u016bs viegli pieejamas pagaidu amata vietas, piem\u0113ram, restor\u0101nos, b\u0101ros un viesn\u012bc\u0101s. T\u0101 k\u0101 ce\u013co\u0161anas apjoms un t\u016brisma izaugsmes pras\u012bbas Island\u0113 pieaug, palielin\u0101s ar\u012b piepras\u012bjums p\u0113c darbiniekiem t\u016brisma nozar\u0113.<\/p><h3><b>Darbs Islandes ferm\u0101s un siltumn\u012bc\u0101s<\/b><\/h3><p class=\"p1\">K\u0101 alternat\u012bvu pieredzi varat izv\u0113l\u0113ties darbu aitu, zirgu un liellopu ferm\u0101s vai tom\u0101tu, ban\u0101nu, v\u012bnogu un citu kult\u016bru siltumn\u012bc\u0101s. Labas perspekt\u012bvas atrast darbu d\u0101rzkop\u012bbas un lopkop\u012bbas darbos ir jaunie\u0161iem ar minim\u0101lu pieredzi attiec\u012bgaj\u0101s jom\u0101s.<span class=\"Apple-converted-space\">\u00a0<\/span><\/p><p class=\"p1\">Lai ar\u012b tas izklaus\u0101s netipiski, industri\u0101l\u0101 lauksaimniec\u012bba ir viena no domin\u0113jo\u0161aj\u0101m jom\u0101m Islandes ekonomik\u0101, pateicoties \u0123eoterm\u0101lajiem avotiem, kas \u013cauj siltumn\u012bc\u0101m str\u0101d\u0101t 100% re\u017e\u012bm\u0101 ar\u012b aukstaj\u0101s ziem\u0101s.<span class=\"Apple-converted-space\">\u00a0<\/span><\/p><h2><b>Atalgojums un sadz\u012bves apst\u0101k\u013ci Island\u0113<\/b><\/h2><p class=\"p1\">D\u0101rdz\u012bbas l\u012bmen\u012b Island\u0113 raksturo fakts, ka divistabu dz\u012bvok\u013ca izmaksas \u012bre Reikjavik\u0101 ir vid\u0113ji 1500 EUR m\u0113nes\u012b. Toties algas apm\u0113rs p\u0113c nodok\u013cu nomaksas GP Recruitment pied\u0101v\u0101tajos darbos ir vid\u0113ji 2500-3000 EUR m\u0113nes\u012b, atsevi\u0161\u0137\u0101s darba poz\u012bcij\u0101s algai sasniedzot 4000 EUR m\u0113nes\u012b. Attiec\u012bb\u0101 uz m\u0101jok\u013ca atra\u0161anu, Island\u0113 liela da\u013ca m\u016bsu sadarb\u012bbas darba dev\u0113ju pied\u0101v\u0101 rezerv\u0113tu dz\u012bvesvietu, par izdev\u012bgu maksu, to nosedzot no algas. Islande noteikti ir \u012bst\u0101 vieta, kur izveidot iekr\u0101jumus, ja r\u012bkojaties piesardz\u012bgi attiec\u012bb\u0101 uz ikdienas t\u0113ri\u0146iem.<\/p><p class=\"p1\">Klasisk\u0101 darba ned\u0113\u013ca Island\u0113 ir 40 stundas. Savuk\u0101rt virsstundas tiek apmaks\u0101tas ar teju 2 reizes liel\u0101ku likmi. Gada ietvaros darba \u0146\u0113m\u0113jiem pien\u0101kas 24 atva\u013cin\u0101juma dienas, k\u0101 ar\u012b 13 ofici\u0101l\u0101s sv\u0113tku br\u012bvdienas.<span class=\"Apple-converted-space\">\u00a0<\/span><\/p><p class=\"p1\">Islandie\u0161u kult\u016bru raksturo m\u016bsdien\u012bgas urb\u0101n\u0101s kult\u016bras un sen\u0101 s\u0101gu laika dz\u012bves stila kombin\u0101cija. Apk\u0101rt salai bangojo\u0161\u0101 j\u016bra un v\u0113ju sp\u0113ks islandie\u0161iem pal\u012bdz\u0113jis saglab\u0101t vikingu gribassp\u0113ku un sp\u012bt\u012bbu. Liel\u0101k\u0101 da\u013ca Islandes iedz\u012bvot\u0101ju p\u0101rvalda ang\u013cu valodu lab\u0101 l\u012bmen\u012b, attiec\u012bgi jums nav j\u0101m\u0101cas islandie\u0161u valodu, lai str\u0101d\u0101tu un dz\u012bvotu Island\u0113.<span class=\"Apple-converted-space\">\u00a0<\/span><\/p><h2><b>Darbs Island\u0113 ar GP Recruitment<\/b><\/h2><p class=\"p1\">Latvijas pilso\u0146iem dz\u012bves uzs\u0101k\u0161ana Island\u0113 prasa krietni maz\u0101k formalit\u0101\u0161u nek\u0101 darba mekl\u0113t\u0101jiem no valst\u012bm, kas neatrodas Eiropas Ekonomiskaj\u0101 Zon\u0101. Piesakoties darbam Island\u0113 ar GP Recruitment j\u016bs sa\u0146emsiet pal\u012bdz\u012bbu gan m\u0101jok\u013ca atra\u0161an\u0101, gan dokument\u0101cijas sak\u0101rto\u0161an\u0101 (ko liel\u0101 m\u0113r\u0101 var paveikt elektroniski). M\u0113s pied\u0101v\u0101jam vakances tikai no p\u0101rbaud\u012btiem darba dev\u0113jiem ar garant\u0113t\u0101m darba stund\u0101m. Svar\u012bga nianse &#8211; par darb\u0101 iek\u0101rto\u0161anu m\u0113s nepras\u0101m samaksu vai komisiju.<\/p>\t\t\t\t\t<\/div>\n\t\t\t\t\t\t<\/div>\n\t\t\t\t<\/div>\n\t\t\t\t\t\t<\/div>\n\t\t\t\t\t<\/div>\n\t\t<\/div>\n\t\t\t\t\t\t\t\t<\/div>\n\t\t\t\t\t<\/div>\n\t\t<\/section>\n\t\t\t\t\t\t\t\t\t<\/div>\n\t\t\t<\/div>\n\t\t\t\t\t<\/div>\n\t\t","protected":false},"excerpt":{"rendered":"<p>Darbs Island\u0113 Darbs Island\u0113 sniedz unik\u0101lu iesp\u0113ju ne tikai nopeln\u012bt, bet ar\u012b iepaz\u012bt vienu no eksotisk\u0101kaj\u0101m viet\u0101m pasaul\u0113 ar geizeriem, fjordiem un led\u0101jiem. Islande ir pasaules tur\u012bg\u0101ko valstu Top 15 ar modernu ekonomiku, l\u0113tu elektroener\u0123iju, k\u0101 ar\u012b v\u012bnogu un ban\u0101nu kokiem siltumn\u012bc\u0101s. Island\u0113 ir viens no zem\u0101kajiem bezdarba l\u012bme\u0146iem Eirop\u0101, t.i. \u2013 2,5%, tom\u0113r iedz\u012bvot\u0101ju [&hellip;]<\/p>\n","protected":false},"author":6,"featured_media":0,"parent":3251,"menu_order":0,"comment_status":"closed","ping_status":"closed","template":"","meta":{"footnotes":""},"class_list":["post-3245","page","type-page","status-publish","hentry"],"yoast_head":"<!-- This site is optimized with the Yoast SEO plugin v26.4 - https:\/\/yoast.com\/wordpress\/plugins\/seo\/ -->\n<title>Darbs Island\u0113 - Vakances un ieteikumi | GP Recruitment<\/title>\n<meta name=\"description\" content=\"Interes\u0113 darbs Island\u0113? Apl\u016bkojiet aktu\u0101l\u0101s darba vakances celtniec\u012bb\u0101 un galdniec\u012bb\u0101, k\u0101 ar\u012b uzziniet svar\u012bg\u0101ko par darba pied\u0101v\u0101jumiem un sadz\u012bvi Island\u0113!\" \/>\n<meta name=\"robots\" content=\"index, follow, max-snippet:-1, max-image-preview:large, max-video-preview:-1\" \/>\n<link rel=\"canonical\" href=\"https:\/\/gpr.lv\/lv\/darba-mekletajiem\/der-zinat\/darbs-islande\/\" \/>\n<meta property=\"og:locale\" content=\"lv_LV\" \/>\n<meta property=\"og:type\" content=\"article\" \/>\n<meta property=\"og:title\" content=\"Darbs Island\u0113 - Vakances un ieteikumi | GP Recruitment\" \/>\n<meta property=\"og:description\" content=\"Interes\u0113 darbs Island\u0113? Apl\u016bkojiet aktu\u0101l\u0101s darba vakances celtniec\u012bb\u0101 un galdniec\u012bb\u0101, k\u0101 ar\u012b uzziniet svar\u012bg\u0101ko par darba pied\u0101v\u0101jumiem un sadz\u012bvi Island\u0113!\" \/>\n<meta property=\"og:url\" content=\"https:\/\/gpr.lv\/lv\/darba-mekletajiem\/der-zinat\/darbs-islande\/\" \/>\n<meta property=\"og:site_name\" content=\"GP Recruitment\" \/>\n<meta property=\"article:modified_time\" content=\"2022-01-27T00:57:24+00:00\" \/>\n<meta name=\"twitter:card\" content=\"summary_large_image\" \/>\n<meta name=\"twitter:label1\" content=\"Est. reading time\" \/>\n\t<meta name=\"twitter:data1\" content=\"5 minutes\" \/>\n<script type=\"application\/ld+json\" class=\"yoast-schema-graph\">{\"@context\":\"https:\/\/schema.org\",\"@graph\":[{\"@type\":\"WebPage\",\"@id\":\"https:\/\/gpr.lv\/lv\/darba-mekletajiem\/der-zinat\/darbs-islande\/\",\"url\":\"https:\/\/gpr.lv\/lv\/darba-mekletajiem\/der-zinat\/darbs-islande\/\",\"name\":\"Darbs Island\u0113 - Vakances un ieteikumi | GP Recruitment\",\"isPartOf\":{\"@id\":\"https:\/\/gpr.lv\/bg\/#website\"},\"datePublished\":\"2022-01-26T22:17:13+00:00\",\"dateModified\":\"2022-01-27T00:57:24+00:00\",\"description\":\"Interes\u0113 darbs Island\u0113? Apl\u016bkojiet aktu\u0101l\u0101s darba vakances celtniec\u012bb\u0101 un galdniec\u012bb\u0101, k\u0101 ar\u012b uzziniet svar\u012bg\u0101ko par darba pied\u0101v\u0101jumiem un sadz\u012bvi Island\u0113!\",\"breadcrumb\":{\"@id\":\"https:\/\/gpr.lv\/lv\/darba-mekletajiem\/der-zinat\/darbs-islande\/#breadcrumb\"},\"inLanguage\":\"lv-LV\",\"potentialAction\":[{\"@type\":\"ReadAction\",\"target\":[\"https:\/\/gpr.lv\/lv\/darba-mekletajiem\/der-zinat\/darbs-islande\/\"]}]},{\"@type\":\"BreadcrumbList\",\"@id\":\"https:\/\/gpr.lv\/lv\/darba-mekletajiem\/der-zinat\/darbs-islande\/#breadcrumb\",\"itemListElement\":[{\"@type\":\"ListItem\",\"position\":1,\"name\":\"Home\",\"item\":\"https:\/\/gprecruitment.eu\/lv\/\"},{\"@type\":\"ListItem\",\"position\":2,\"name\":\"DARBA MEKL\u0112T\u0100JIEM\",\"item\":\"https:\/\/gpr.lv\/en\/job-seekers-2\/\"},{\"@type\":\"ListItem\",\"position\":3,\"name\":\"Der zin\u0101t\",\"item\":\"https:\/\/gpr.lv\/lv\/darba-mekletajiem\/der-zinat\/\"},{\"@type\":\"ListItem\",\"position\":4,\"name\":\"Darbs Island\u0113\"}]},{\"@type\":\"WebSite\",\"@id\":\"https:\/\/gpr.lv\/bg\/#website\",\"url\":\"https:\/\/gpr.lv\/bg\/\",\"name\":\"GP Recruitment\",\"description\":\"Find job abroad quickly\",\"publisher\":{\"@id\":\"https:\/\/gpr.lv\/bg\/#organization\"},\"potentialAction\":[{\"@type\":\"SearchAction\",\"target\":{\"@type\":\"EntryPoint\",\"urlTemplate\":\"https:\/\/gpr.lv\/bg\/?s={search_term_string}\"},\"query-input\":{\"@type\":\"PropertyValueSpecification\",\"valueRequired\":true,\"valueName\":\"search_term_string\"}}],\"inLanguage\":\"lv-LV\"},{\"@type\":\"Organization\",\"@id\":\"https:\/\/gpr.lv\/bg\/#organization\",\"name\":\"GP Recruitment\",\"url\":\"https:\/\/gpr.lv\/bg\/\",\"logo\":{\"@type\":\"ImageObject\",\"inLanguage\":\"lv-LV\",\"@id\":\"https:\/\/gpr.lv\/bg\/#\/schema\/logo\/image\/\",\"url\":\"https:\/\/gprecruitment.eu\/wp-content\/uploads\/2020\/09\/Logo_gpr.png\",\"contentUrl\":\"https:\/\/gprecruitment.eu\/wp-content\/uploads\/2020\/09\/Logo_gpr.png\",\"width\":171,\"height\":83,\"caption\":\"GP Recruitment\"},\"image\":{\"@id\":\"https:\/\/gpr.lv\/bg\/#\/schema\/logo\/image\/\"}}]}<\/script>\n<!-- \/ Yoast SEO plugin. -->","yoast_head_json":{"title":"Darbs Island\u0113 - Vakances un ieteikumi | GP Recruitment","description":"Interes\u0113 darbs Island\u0113? Apl\u016bkojiet aktu\u0101l\u0101s darba vakances celtniec\u012bb\u0101 un galdniec\u012bb\u0101, k\u0101 ar\u012b uzziniet svar\u012bg\u0101ko par darba pied\u0101v\u0101jumiem un sadz\u012bvi Island\u0113!","robots":{"index":"index","follow":"follow","max-snippet":"max-snippet:-1","max-image-preview":"max-image-preview:large","max-video-preview":"max-video-preview:-1"},"canonical":"https:\/\/gpr.lv\/lv\/darba-mekletajiem\/der-zinat\/darbs-islande\/","og_locale":"lv_LV","og_type":"article","og_title":"Darbs Island\u0113 - Vakances un ieteikumi | GP Recruitment","og_description":"Interes\u0113 darbs Island\u0113? Apl\u016bkojiet aktu\u0101l\u0101s darba vakances celtniec\u012bb\u0101 un galdniec\u012bb\u0101, k\u0101 ar\u012b uzziniet svar\u012bg\u0101ko par darba pied\u0101v\u0101jumiem un sadz\u012bvi Island\u0113!","og_url":"https:\/\/gpr.lv\/lv\/darba-mekletajiem\/der-zinat\/darbs-islande\/","og_site_name":"GP Recruitment","article_modified_time":"2022-01-27T00:57:24+00:00","twitter_card":"summary_large_image","twitter_misc":{"Est. reading time":"5 minutes"},"schema":{"@context":"https:\/\/schema.org","@graph":[{"@type":"WebPage","@id":"https:\/\/gpr.lv\/lv\/darba-mekletajiem\/der-zinat\/darbs-islande\/","url":"https:\/\/gpr.lv\/lv\/darba-mekletajiem\/der-zinat\/darbs-islande\/","name":"Darbs Island\u0113 - Vakances un ieteikumi | GP Recruitment","isPartOf":{"@id":"https:\/\/gpr.lv\/bg\/#website"},"datePublished":"2022-01-26T22:17:13+00:00","dateModified":"2022-01-27T00:57:24+00:00","description":"Interes\u0113 darbs Island\u0113? Apl\u016bkojiet aktu\u0101l\u0101s darba vakances celtniec\u012bb\u0101 un galdniec\u012bb\u0101, k\u0101 ar\u012b uzziniet svar\u012bg\u0101ko par darba pied\u0101v\u0101jumiem un sadz\u012bvi Island\u0113!","breadcrumb":{"@id":"https:\/\/gpr.lv\/lv\/darba-mekletajiem\/der-zinat\/darbs-islande\/#breadcrumb"},"inLanguage":"lv-LV","potentialAction":[{"@type":"ReadAction","target":["https:\/\/gpr.lv\/lv\/darba-mekletajiem\/der-zinat\/darbs-islande\/"]}]},{"@type":"BreadcrumbList","@id":"https:\/\/gpr.lv\/lv\/darba-mekletajiem\/der-zinat\/darbs-islande\/#breadcrumb","itemListElement":[{"@type":"ListItem","position":1,"name":"Home","item":"https:\/\/gprecruitment.eu\/lv\/"},{"@type":"ListItem","position":2,"name":"DARBA MEKL\u0112T\u0100JIEM","item":"https:\/\/gpr.lv\/en\/job-seekers-2\/"},{"@type":"ListItem","position":3,"name":"Der zin\u0101t","item":"https:\/\/gpr.lv\/lv\/darba-mekletajiem\/der-zinat\/"},{"@type":"ListItem","position":4,"name":"Darbs Island\u0113"}]},{"@type":"WebSite","@id":"https:\/\/gpr.lv\/bg\/#website","url":"https:\/\/gpr.lv\/bg\/","name":"GP Recruitment","description":"Find job abroad quickly","publisher":{"@id":"https:\/\/gpr.lv\/bg\/#organization"},"potentialAction":[{"@type":"SearchAction","target":{"@type":"EntryPoint","urlTemplate":"https:\/\/gpr.lv\/bg\/?s={search_term_string}"},"query-input":{"@type":"PropertyValueSpecification","valueRequired":true,"valueName":"search_term_string"}}],"inLanguage":"lv-LV"},{"@type":"Organization","@id":"https:\/\/gpr.lv\/bg\/#organization","name":"GP Recruitment","url":"https:\/\/gpr.lv\/bg\/","logo":{"@type":"ImageObject","inLanguage":"lv-LV","@id":"https:\/\/gpr.lv\/bg\/#\/schema\/logo\/image\/","url":"https:\/\/gprecruitment.eu\/wp-content\/uploads\/2020\/09\/Logo_gpr.png","contentUrl":"https:\/\/gprecruitment.eu\/wp-content\/uploads\/2020\/09\/Logo_gpr.png","width":171,"height":83,"caption":"GP Recruitment"},"image":{"@id":"https:\/\/gpr.lv\/bg\/#\/schema\/logo\/image\/"}}]}},"_links":{"self":[{"href":"https:\/\/gprecruitment.eu\/lv\/wp-json\/wp\/v2\/pages\/3245","targetHints":{"allow":["GET"]}}],"collection":[{"href":"https:\/\/gprecruitment.eu\/lv\/wp-json\/wp\/v2\/pages"}],"about":[{"href":"https:\/\/gprecruitment.eu\/lv\/wp-json\/wp\/v2\/types\/page"}],"author":[{"embeddable":true,"href":"https:\/\/gprecruitment.eu\/lv\/wp-json\/wp\/v2\/users\/6"}],"replies":[{"embeddable":true,"href":"https:\/\/gprecruitment.eu\/lv\/wp-json\/wp\/v2\/comments?post=3245"}],"version-history":[{"count":0,"href":"https:\/\/gprecruitment.eu\/lv\/wp-json\/wp\/v2\/pages\/3245\/revisions"}],"up":[{"embeddable":true,"href":"https:\/\/gprecruitment.eu\/lv\/wp-json\/wp\/v2\/pages\/3251"}],"wp:attachment":[{"href":"https:\/\/gprecruitment.eu\/lv\/wp-json\/wp\/v2\/media?parent=3245"}],"curies":[{"name":"wp","href":"https:\/\/api.w.org\/{rel}","templated":true}]}}