{"id":3254,"date":"2022-01-26T23:08:05","date_gmt":"2022-01-26T23:08:05","guid":{"rendered":"https:\/\/gprecruitment.eu\/?page_id=3254"},"modified":"2022-01-27T00:55:45","modified_gmt":"2022-01-27T00:55:45","slug":"darbs-belgija","status":"publish","type":"page","link":"https:\/\/gprecruitment.eu\/lv\/darba-mekletajiem\/der-zinat\/darbs-belgija\/","title":{"rendered":"Darbs Be\u013c\u0123ij\u0101"},"content":{"rendered":"\t\t<div data-elementor-type=\"wp-page\" data-elementor-id=\"3254\" class=\"elementor elementor-3254\">\n\t\t\t\t\t\t<div class=\"elementor-inner\">\n\t\t\t\t<div class=\"elementor-section-wrap\">\n\t\t\t\t\t\t\t\t\t<section class=\"elementor-section elementor-top-section elementor-element elementor-element-527e2ee elementor-section-boxed elementor-section-height-default elementor-section-height-default\" data-id=\"527e2ee\" data-element_type=\"section\">\n\t\t\t\t\t\t<div class=\"elementor-container elementor-column-gap-default\">\n\t\t\t\t\t\t\t<div class=\"elementor-row\">\n\t\t\t\t\t<div class=\"elementor-column elementor-col-100 elementor-top-column elementor-element elementor-element-0a1c50e\" data-id=\"0a1c50e\" data-element_type=\"column\">\n\t\t\t<div class=\"elementor-column-wrap elementor-element-populated\">\n\t\t\t\t\t\t\t<div class=\"elementor-widget-wrap\">\n\t\t\t\t\t\t<div class=\"elementor-element elementor-element-ffca7bb elementor-widget elementor-widget-heading\" data-id=\"ffca7bb\" data-element_type=\"widget\" data-widget_type=\"heading.default\">\n\t\t\t\t<div class=\"elementor-widget-container\">\n\t\t\t<h1 class=\"elementor-heading-title elementor-size-default\">Darbs Be\u013c\u0123ij\u0101<\/h1>\t\t<\/div>\n\t\t\t\t<\/div>\n\t\t\t\t\t\t<\/div>\n\t\t\t\t\t<\/div>\n\t\t<\/div>\n\t\t\t\t\t\t\t\t<\/div>\n\t\t\t\t\t<\/div>\n\t\t<\/section>\n\t\t\t\t<section class=\"elementor-section elementor-top-section elementor-element elementor-element-7ca0021 elementor-section-boxed elementor-section-height-default elementor-section-height-default\" data-id=\"7ca0021\" data-element_type=\"section\">\n\t\t\t\t\t\t<div class=\"elementor-container elementor-column-gap-default\">\n\t\t\t\t\t\t\t<div class=\"elementor-row\">\n\t\t\t\t\t<div class=\"elementor-column elementor-col-100 elementor-top-column elementor-element elementor-element-a4d1f37\" data-id=\"a4d1f37\" data-element_type=\"column\">\n\t\t\t<div class=\"elementor-column-wrap elementor-element-populated\">\n\t\t\t\t\t\t\t<div class=\"elementor-widget-wrap\">\n\t\t\t\t\t\t<div class=\"elementor-element elementor-element-755c899 elementor-widget elementor-widget-text-editor\" data-id=\"755c899\" data-element_type=\"widget\" data-widget_type=\"text-editor.default\">\n\t\t\t\t<div class=\"elementor-widget-container\">\n\t\t\t\t\t\t\t\t<div class=\"elementor-text-editor elementor-clearfix\">\n\t\t\t\t<p class=\"p1\">Darbs Be\u013c\u0123ij\u0101 ir viena no popul\u0101r\u0101kaj\u0101m izv\u0113l\u0113m Latvijas iedz\u012bvot\u0101ju vid\u016b, mekl\u0113jot nodarbin\u0101t\u012bbas iesp\u0113jas \u0101rzem\u0113s. Be\u013c\u0123ija ir viena no Eiropas Savien\u012bbas dibin\u0101t\u0101jvalst\u012bm, pied\u0101v\u0101jot pievilc\u012bgas darba iesp\u0113jas ar atvieglotu darba gaita uzs\u0101k\u0161anu Latvijas iedz\u012bvot\u0101jiem. Be\u013c\u0123ijas augsto dz\u012bves l\u012bmeni apliecina vid\u0113j\u0101\u00a0bruto darba alga\u00a05113 EUR m\u0113nes\u012b, p\u0113c nodok\u013cu nomaksas \u2013 3160 EUR. Lai ar\u012b Latvijas pilso\u0146iem Be\u013c\u0123ij\u0101 nav nepiecie\u0161ama darba at\u013cauja, atrast darbu \u0161aj\u0101 zem\u0113 nav tik vienk\u0101r\u0161i, jo Be\u013c\u0123ij\u0101 domin\u0113 fl\u0101mu, fran\u010du un v\u0101cu valoda. Lai kandid\u0113tu uz labi atalgotu darbu Be\u013c\u0123ij\u0101, jums b\u016bs nepiecie\u0161ama darb\u0101 iek\u0101rto\u0161anas a\u0123ent\u016bras pal\u012bdz\u012bba. GP Recruitment pied\u0101v\u0101 bezmaksas iek\u0101rto\u0161anu darb\u0101 \u2013 iepaz\u012bsties ar jaun\u0101kaj\u0101m darba vakanc\u0113m Be\u013c\u0123ij\u0101 un piesakies intervijai!<\/p><h2><b style=\"font-size: inherit; text-align: inherit; color: var( --e-global-color-d0b923d );\">Nepiecie\u0161amie dokumenti darbam Be\u013c\u0123ij\u0101<\/b><\/h2><p class=\"p1\">K\u0101 min\u0113ts, Latvijas pilso\u0146iem\u00a0ir br\u012bva piek\u013cuve darba tirgum Be\u013c\u0123ij\u0101 \u2013 laika period\u0101 l\u012bdz 3 m\u0113ne\u0161iem varat atrasties un str\u0101d\u0101t valst\u012b bez uztur\u0113\u0161an\u0101s at\u013caujas. Ja pl\u0101nojat str\u0101d\u0101t Be\u013c\u0123ij\u0101 ilg\u0101k par 3 m\u0113ne\u0161iem, tad ir j\u0101nok\u0101rto re\u0123istr\u0101cijas apliec\u012bbu viet\u0113j\u0101 pa\u0161vald\u012bbas iest\u0101d\u0113. Savuk\u0101rt Latvijas nepilso\u0146iem ir nepiecie\u0161ama uztur\u0113\u0161an\u0101s at\u013cauja ar ties\u012bb\u0101m str\u0101d\u0101t. \u0160o at\u013cauju garant\u0113tas izredzes ir sa\u0146emt kvalific\u0113tiem speci\u0101listiem \u2013 medi\u0137iem, zin\u0101tniekiem, in\u017eenieriem un celtniec\u012bbas speci\u0101listiem.<\/p><p class=\"p1\">L\u012bdz\u012bgi k\u0101 jebkur\u0101 Eiropas Savien\u012bbas valst\u012b, ar\u012b pirms darba gaitu uzs\u0101k\u0161anas Be\u013c\u0123ij\u0101 ir ieteicams nok\u0101rtot Eiropas vesel\u012bbas apdro\u0161in\u0101\u0161anas karti (EVAK). EVAK vajadz\u012bbas gad\u012bjum\u0101 nodro\u0161ina iesp\u0113jas sa\u0146emt neatliekamo pal\u012bdz\u012bbu Be\u013c\u0123ij\u0101 bez maksas.<\/p><p class=\"p1\">Darba gaitu uzs\u0101k\u0161ana Be\u013c\u0123ij\u0101 ietekm\u0113 nodok\u013cu maks\u0101jumus un saist\u012bbu izpildi Latvij\u0101, t\u0101d\u0113j\u0101di par darba uzs\u0101k\u0161anu Be\u013c\u0123ij\u0101 nepiecie\u0161ams inform\u0113t Valsts soci\u0101l\u0101s apdro\u0161in\u0101\u0161anas a\u0123ent\u016bru, k\u0101 ar\u012b Valsts ie\u0146\u0113mumu dienestu. Ar\u012b \u0161os jaut\u0101jumus pirms darba uzs\u0101k\u0161anas Be\u013c\u0123ij\u0101 jums pal\u012bdz\u0113s sak\u0101rtot GP Recruitment speci\u0101listi.<\/p><h2><b>Darb\u0101 iek\u0101rto\u0161ana Be\u013c\u0123ij\u0101 \u2013 darba l\u012bgumu specifika<\/b><\/h2><p class=\"p1\"><span class=\"s2\">Vienk\u0101r\u0161\u0101kais veids, k\u0101 atrast darbu Be\u013c\u0123ij\u0101, ir izmantot darb\u0101 iek\u0101rto\u0161anas a\u0123ent\u016bru pakalpojumus, jo darba pied\u0101v\u0101jumi visbie\u017e\u0101k tiek public\u0113ti <\/span>fl\u0101mu, fran\u010du vai v\u0101cu valod\u0101s. Turkl\u0101t ir b\u016btiski p\u0101rzin\u0101t darba likumdo\u0161anu, piem\u0113ram, <span class=\"s2\">Be\u013c\u0123ij\u0101 ir <\/span>vair\u0101ku veidu darba l\u012bgumi, kas \u013cauj elast\u012bgi piem\u0113roties gan darba dev\u0113ja, gan darba \u0146\u0113m\u0113ja interes\u0113m. Iesp\u0113jams nosl\u0113gt l\u012bgumu par past\u0101v\u012bgu darbu, par darbu uz noteiktu laiku vai par noteiktu darba apjomu. Specifiskas nianses skar ar\u012b darba l\u012bgumus ar studentiem, \u0101r\u0161tata darbiniekiem, istaben\u0113m un tirdzniec\u012bbas p\u0101rst\u0101vjiem. Turkl\u0101t darba dev\u0113ji Be\u013c\u0123ij\u0101 nedr\u012bkst darbiniekiem noteikt p\u0101rbaudes laiku, iz\u0146emot gad\u012bjumus, ja darba l\u012bgums tiek sl\u0113gts ar studentu.<\/p><h2><b>Be\u013c\u0123ijai rakstur\u012bg\u0101k\u0101s saimniec\u012bbas nozares<\/b><\/h2><p class=\"p2\">V\u0113sturiski Be\u013c\u0123ija ir izc\u0113lusies ar augsti att\u012bst\u012btu smago r\u016bpniec\u012bbu \u2013 t\u0113rauda ra\u017eo\u0161anu un og\u013cu ieguvi \u2013 tom\u0113r, sekojot l\u012bdzi pasaules tendenc\u0113m, Be\u013c\u0123ij\u0101 ir att\u012bst\u012bta ar\u012b \u0137imik\u0101liju, sodas un miner\u0101lm\u0113slu ra\u017eo\u0161ana, k\u0101 ar\u012b elektroier\u012b\u010du ra\u017eo\u0161ana. Tom\u0113r divas tre\u0161da\u013cas Be\u013c\u0123ijas darbasp\u0113ka str\u0101d\u0101 ar\u012b pakalpojumu snieg\u0161anas jom\u0101 \u2013 banku sektor\u0101, administrat\u012bvajos darbos, izgl\u012bt\u012bb\u0101, tirdzniec\u012bb\u0101 un m\u0101rketing\u0101.<\/p><h3><b>Darbs Be\u013c\u0123ij\u0101 augstas kvalifik\u0101cijas speci\u0101listiem<\/b><\/h3><p class=\"p1\">Be\u013c\u0123ij\u0101 ir liels piepras\u012bjums p\u0113c augsti kvalific\u0113tiem darbiniekiem da\u017e\u0101d\u0101s nozar\u0113s \u2013 celtniec\u012bb\u0101, izgl\u012bt\u012bb\u0101, soci\u0101lajos pakalpojumos, transporta lo\u0123istik\u0101 un finan\u0161u jom\u0101. Neskatoties uz zemo bezdarba l\u012bmeni, ir liels darbasp\u0113ka defic\u012bts un piepras\u012bjums p\u0113c in\u017eenieriem, r\u016bpniec\u012bbas un IT speci\u0101listiem. Liel\u0101kaj\u0101 da\u013c\u0101 no \u0161\u0101d\u0101m vakanc\u0113m darbinieki tiek mekl\u0113ti uz past\u0101v\u012bgu laiku.<\/p><h3><b>Darbs uz pagaidu laiku lopkop\u012bb\u0101, d\u0101rzkop\u012bb\u0101, ferm\u0101s, p\u0101rtikas apstr\u0101d\u0113 <\/b><\/h3><p class=\"p1\">GP Recruitment regul\u0101ri apkopo sezonas darbu pied\u0101v\u0101jumus Be\u013c\u0123ij\u0101 lauksaimniec\u012bb\u0101 \u2013 ferm\u0101s, siltumn\u012bc\u0101s, p\u0101rtikas produktu iepako\u0161anas cehos un \u0101ra darbos uz lauka. Vasaras sezon\u0101 izplat\u012bti ir darba pied\u0101v\u0101jumi d\u0101rzkop\u012bb\u0101, pils\u0113tvides parku apsaimnieko\u0161an\u0101, ogu las\u012b\u0161an\u0101, golfa laukumu apkop\u0113, ce\u013cu b\u016bves pal\u012bgdarbos un daudz\u0101s cit\u0101s jom\u0101s. Lai pieteiktos min\u0113taj\u0101m vakanc\u0113m, svar\u012bgas ir ang\u013cu valodas pamatzin\u0101\u0161anas.<\/p><h2><b>Dz\u012bve un darbs Be\u013c\u0123ij\u0101 &#8211; atalgojums un sadz\u012bves apst\u0101k\u013ci <\/b><\/h2><p class=\"p1\">Dz\u012bves d\u0101rdz\u012bbas Be\u013c\u0123ij\u0101 ir viena no augst\u0101kaj\u0101m Eiropas Savien\u012bb\u0101. Labiek\u0101rtotu dz\u012bvesvietu Be\u013c\u0123ij\u0101 varat atrast, s\u0101kot no 500 EUR m\u0113nes\u012b, savuk\u0101rt vid\u0113j\u0101\u00a0bruto darba alga\u00a05113 EUR m\u0113nes\u012b. M\u0101jvietas atra\u0161ana liel\u0101kaj\u0101s pils\u0113t\u0101s var pras\u012bt ilg\u0101ku laiku, t\u0101d\u0113\u013c nepiecie\u0161ams laikus uzs\u0101kt dz\u012bves vietas mekl\u0113jumus savlaic\u012bgi.<\/p><p class=\"p1\">Lai ar\u012b Be\u013c\u0123ija p\u0113c plat\u012bbas ir divreiz maz\u0101ka par Latviju, \u0161aj\u0101 zem\u0113 sadz\u012bvo tr\u012bs da\u017e\u0101das kult\u016bras ar at\u0161\u0137ir\u012bg\u0101m valod\u0101m. Valsts dienvidu da\u013c\u0101 dz\u012bvo valo\u0146i, kuri run\u0101 fran\u010du valod\u0101, savuk\u0101rt uz zieme\u013ciem no Briseles domin\u0113 fl\u0101mu valoda, bet austrumos \u2013 v\u0101cu valoda. Be\u013c\u0123ij\u0101 ir bl\u012bv\u0101kais ce\u013cu t\u012bkls Eirop\u0101, k\u0101 ar\u012b nelieli att\u0101lumi starp pils\u0113t\u0101m un svar\u012bgiem objektiem. Tas noz\u012bm\u0113, ka \u012bs\u0101 laik\u0101 varat iepaz\u012bt Be\u013c\u0123ijas pils\u0113tas \u2013 j\u016bgendstila galvaspils\u0113tu Briseli, sen\u0101s auras apv\u012bto un mierpilno Brigi, naktsdz\u012bv\u0113 virpu\u013cojo\u0161o Antverpeni un studentu pils\u0113tu Genti.<\/p><p class=\"p1\">Be\u013c\u0123ijas klimatu var sal\u012bdzin\u0101t ar izslav\u0113to britu klimatu, kam rakstur\u012bgas siltas ziemas un viegli siltas vasaras bez karstuma rekordiem. Laiks nereti ir m\u0101ko\u0146ains, k\u0101 ar\u012b lietains (tom\u0113r maz\u0101k lietains k\u0101 Lielbrit\u0101nijas sal\u0101s). Be\u013c\u0123ija ir slavena ar daudzveid\u012bgo virtuvi un unik\u0101liem p\u0101rtikas produktiem, k\u0101, piem\u0113ram, m\u012bdij\u0101m, paeg\u013cu og\u0101m, gliemjiem ar kartupe\u013ciem, svaigiem zu\u0161iem un cigori\u0146u sal\u0101tiem. Visizteikt\u0101k Be\u013c\u0123iju raksturo \u0161okol\u0101des gardumi un bag\u0101t\u012bg\u0101 alus izv\u0113le, kas pla\u0161i p\u0101rst\u0101v\u0113ti ar\u012b Latvijas veikalos.<b><\/b><\/p><h2><b>Darbs Be\u013c\u0123ij\u0101 ar GP Recruitment<\/b><\/h2><p class=\"p1\">Piesakoties darbam Be\u013c\u0123ij\u0101 GP Recruitment, jums b\u016bs iesp\u0113ja izv\u0113l\u0113ties piem\u0113rot\u0101ko darbu no m\u016bsu pla\u0161\u0101 vakan\u010du saraksta, k\u0101 ar\u012b sa\u0146emt pal\u012bdz\u012bbu gan m\u0101jok\u013ca atra\u0161an\u0101, gan dokumentu noform\u0113\u0161an\u0101. M\u016bsu vakan\u010du sarakst\u0101 atrad\u012bsiet darba pied\u0101v\u0101jumus tikai no uzticamiem un iepriek\u0161 p\u0101rbaud\u012btiem darba dev\u0113jiem, kuri nodro\u0161ina garant\u0113tu darba apjomu. Lai atrastu darbu Be\u013c\u0123ij\u0101, jums nav j\u0101veic priek\u0161apmaksa &#8211; darb\u0101 iek\u0101rto\u0161ana ar GP Recruitment ir bez maksas!<\/p>\t\t\t\t\t<\/div>\n\t\t\t\t\t\t<\/div>\n\t\t\t\t<\/div>\n\t\t\t\t\t\t<\/div>\n\t\t\t\t\t<\/div>\n\t\t<\/div>\n\t\t\t\t\t\t\t\t<\/div>\n\t\t\t\t\t<\/div>\n\t\t<\/section>\n\t\t\t\t\t\t\t\t\t<\/div>\n\t\t\t<\/div>\n\t\t\t\t\t<\/div>\n\t\t","protected":false},"excerpt":{"rendered":"<p>Darbs Be\u013c\u0123ij\u0101 Darbs Be\u013c\u0123ij\u0101 ir viena no popul\u0101r\u0101kaj\u0101m izv\u0113l\u0113m Latvijas iedz\u012bvot\u0101ju vid\u016b, mekl\u0113jot nodarbin\u0101t\u012bbas iesp\u0113jas \u0101rzem\u0113s. Be\u013c\u0123ija ir viena no Eiropas Savien\u012bbas dibin\u0101t\u0101jvalst\u012bm, pied\u0101v\u0101jot pievilc\u012bgas darba iesp\u0113jas ar atvieglotu darba gaita uzs\u0101k\u0161anu Latvijas iedz\u012bvot\u0101jiem. Be\u013c\u0123ijas augsto dz\u012bves l\u012bmeni apliecina vid\u0113j\u0101\u00a0bruto darba alga\u00a05113 EUR m\u0113nes\u012b, p\u0113c nodok\u013cu nomaksas \u2013 3160 EUR. Lai ar\u012b Latvijas pilso\u0146iem Be\u013c\u0123ij\u0101 [&hellip;]<\/p>\n","protected":false},"author":6,"featured_media":0,"parent":3251,"menu_order":0,"comment_status":"closed","ping_status":"closed","template":"","meta":{"footnotes":""},"class_list":["post-3254","page","type-page","status-publish","hentry"],"yoast_head":"<!-- This site is optimized with the Yoast SEO plugin v26.4 - https:\/\/yoast.com\/wordpress\/plugins\/seo\/ -->\n<title>Darbs Be\u013c\u0123ij\u0101 - Vakances un Padomi | GP Recruitment<\/title>\n<meta name=\"description\" content=\"Interes\u0113 darbs Be\u013c\u0123ij\u0101? Apl\u016bkojiet vakances da\u017e\u0101d\u0101s nozar\u0113s! Uzziniet praktiskus padomus par str\u0101d\u0101\u0161anu un dz\u012bvo\u0161anu Be\u013c\u0123ij\u0101! Darb\u0101 iek\u0101rtojam bez maksas.\" \/>\n<meta name=\"robots\" content=\"index, follow, max-snippet:-1, max-image-preview:large, max-video-preview:-1\" \/>\n<link rel=\"canonical\" href=\"https:\/\/gpr.lv\/lv\/darba-mekletajiem\/der-zinat\/darbs-belgija\/\" \/>\n<meta property=\"og:locale\" content=\"lv_LV\" \/>\n<meta property=\"og:type\" content=\"article\" \/>\n<meta property=\"og:title\" content=\"Darbs Be\u013c\u0123ij\u0101 - Vakances un Padomi | GP Recruitment\" \/>\n<meta property=\"og:description\" content=\"Interes\u0113 darbs Be\u013c\u0123ij\u0101? Apl\u016bkojiet vakances da\u017e\u0101d\u0101s nozar\u0113s! Uzziniet praktiskus padomus par str\u0101d\u0101\u0161anu un dz\u012bvo\u0161anu Be\u013c\u0123ij\u0101! Darb\u0101 iek\u0101rtojam bez maksas.\" \/>\n<meta property=\"og:url\" content=\"https:\/\/gpr.lv\/lv\/darba-mekletajiem\/der-zinat\/darbs-belgija\/\" \/>\n<meta property=\"og:site_name\" content=\"GP Recruitment\" \/>\n<meta property=\"article:modified_time\" content=\"2022-01-27T00:55:45+00:00\" \/>\n<meta name=\"twitter:card\" content=\"summary_large_image\" \/>\n<meta name=\"twitter:label1\" content=\"Est. reading time\" \/>\n\t<meta name=\"twitter:data1\" content=\"5 minutes\" \/>\n<script type=\"application\/ld+json\" class=\"yoast-schema-graph\">{\"@context\":\"https:\/\/schema.org\",\"@graph\":[{\"@type\":\"WebPage\",\"@id\":\"https:\/\/gpr.lv\/lv\/darba-mekletajiem\/der-zinat\/darbs-belgija\/\",\"url\":\"https:\/\/gpr.lv\/lv\/darba-mekletajiem\/der-zinat\/darbs-belgija\/\",\"name\":\"Darbs Be\u013c\u0123ij\u0101 - Vakances un Padomi | GP Recruitment\",\"isPartOf\":{\"@id\":\"https:\/\/gpr.lv\/bg\/#website\"},\"datePublished\":\"2022-01-26T23:08:05+00:00\",\"dateModified\":\"2022-01-27T00:55:45+00:00\",\"description\":\"Interes\u0113 darbs Be\u013c\u0123ij\u0101? Apl\u016bkojiet vakances da\u017e\u0101d\u0101s nozar\u0113s! Uzziniet praktiskus padomus par str\u0101d\u0101\u0161anu un dz\u012bvo\u0161anu Be\u013c\u0123ij\u0101! Darb\u0101 iek\u0101rtojam bez maksas.\",\"breadcrumb\":{\"@id\":\"https:\/\/gpr.lv\/lv\/darba-mekletajiem\/der-zinat\/darbs-belgija\/#breadcrumb\"},\"inLanguage\":\"lv-LV\",\"potentialAction\":[{\"@type\":\"ReadAction\",\"target\":[\"https:\/\/gpr.lv\/lv\/darba-mekletajiem\/der-zinat\/darbs-belgija\/\"]}]},{\"@type\":\"BreadcrumbList\",\"@id\":\"https:\/\/gpr.lv\/lv\/darba-mekletajiem\/der-zinat\/darbs-belgija\/#breadcrumb\",\"itemListElement\":[{\"@type\":\"ListItem\",\"position\":1,\"name\":\"Home\",\"item\":\"https:\/\/gprecruitment.eu\/lv\/\"},{\"@type\":\"ListItem\",\"position\":2,\"name\":\"DARBA MEKL\u0112T\u0100JIEM\",\"item\":\"https:\/\/gpr.lv\/en\/job-seekers-2\/\"},{\"@type\":\"ListItem\",\"position\":3,\"name\":\"Der zin\u0101t\",\"item\":\"https:\/\/gpr.lv\/lv\/darba-mekletajiem\/der-zinat\/\"},{\"@type\":\"ListItem\",\"position\":4,\"name\":\"Darbs Be\u013c\u0123ij\u0101\"}]},{\"@type\":\"WebSite\",\"@id\":\"https:\/\/gpr.lv\/bg\/#website\",\"url\":\"https:\/\/gpr.lv\/bg\/\",\"name\":\"GP Recruitment\",\"description\":\"Find job abroad quickly\",\"publisher\":{\"@id\":\"https:\/\/gpr.lv\/bg\/#organization\"},\"potentialAction\":[{\"@type\":\"SearchAction\",\"target\":{\"@type\":\"EntryPoint\",\"urlTemplate\":\"https:\/\/gpr.lv\/bg\/?s={search_term_string}\"},\"query-input\":{\"@type\":\"PropertyValueSpecification\",\"valueRequired\":true,\"valueName\":\"search_term_string\"}}],\"inLanguage\":\"lv-LV\"},{\"@type\":\"Organization\",\"@id\":\"https:\/\/gpr.lv\/bg\/#organization\",\"name\":\"GP Recruitment\",\"url\":\"https:\/\/gpr.lv\/bg\/\",\"logo\":{\"@type\":\"ImageObject\",\"inLanguage\":\"lv-LV\",\"@id\":\"https:\/\/gpr.lv\/bg\/#\/schema\/logo\/image\/\",\"url\":\"https:\/\/gprecruitment.eu\/wp-content\/uploads\/2020\/09\/Logo_gpr.png\",\"contentUrl\":\"https:\/\/gprecruitment.eu\/wp-content\/uploads\/2020\/09\/Logo_gpr.png\",\"width\":171,\"height\":83,\"caption\":\"GP Recruitment\"},\"image\":{\"@id\":\"https:\/\/gpr.lv\/bg\/#\/schema\/logo\/image\/\"}}]}<\/script>\n<!-- \/ Yoast SEO plugin. -->","yoast_head_json":{"title":"Darbs Be\u013c\u0123ij\u0101 - Vakances un Padomi | GP Recruitment","description":"Interes\u0113 darbs Be\u013c\u0123ij\u0101? Apl\u016bkojiet vakances da\u017e\u0101d\u0101s nozar\u0113s! Uzziniet praktiskus padomus par str\u0101d\u0101\u0161anu un dz\u012bvo\u0161anu Be\u013c\u0123ij\u0101! Darb\u0101 iek\u0101rtojam bez maksas.","robots":{"index":"index","follow":"follow","max-snippet":"max-snippet:-1","max-image-preview":"max-image-preview:large","max-video-preview":"max-video-preview:-1"},"canonical":"https:\/\/gpr.lv\/lv\/darba-mekletajiem\/der-zinat\/darbs-belgija\/","og_locale":"lv_LV","og_type":"article","og_title":"Darbs Be\u013c\u0123ij\u0101 - Vakances un Padomi | GP Recruitment","og_description":"Interes\u0113 darbs Be\u013c\u0123ij\u0101? Apl\u016bkojiet vakances da\u017e\u0101d\u0101s nozar\u0113s! Uzziniet praktiskus padomus par str\u0101d\u0101\u0161anu un dz\u012bvo\u0161anu Be\u013c\u0123ij\u0101! Darb\u0101 iek\u0101rtojam bez maksas.","og_url":"https:\/\/gpr.lv\/lv\/darba-mekletajiem\/der-zinat\/darbs-belgija\/","og_site_name":"GP Recruitment","article_modified_time":"2022-01-27T00:55:45+00:00","twitter_card":"summary_large_image","twitter_misc":{"Est. reading time":"5 minutes"},"schema":{"@context":"https:\/\/schema.org","@graph":[{"@type":"WebPage","@id":"https:\/\/gpr.lv\/lv\/darba-mekletajiem\/der-zinat\/darbs-belgija\/","url":"https:\/\/gpr.lv\/lv\/darba-mekletajiem\/der-zinat\/darbs-belgija\/","name":"Darbs Be\u013c\u0123ij\u0101 - Vakances un Padomi | GP Recruitment","isPartOf":{"@id":"https:\/\/gpr.lv\/bg\/#website"},"datePublished":"2022-01-26T23:08:05+00:00","dateModified":"2022-01-27T00:55:45+00:00","description":"Interes\u0113 darbs Be\u013c\u0123ij\u0101? Apl\u016bkojiet vakances da\u017e\u0101d\u0101s nozar\u0113s! Uzziniet praktiskus padomus par str\u0101d\u0101\u0161anu un dz\u012bvo\u0161anu Be\u013c\u0123ij\u0101! Darb\u0101 iek\u0101rtojam bez maksas.","breadcrumb":{"@id":"https:\/\/gpr.lv\/lv\/darba-mekletajiem\/der-zinat\/darbs-belgija\/#breadcrumb"},"inLanguage":"lv-LV","potentialAction":[{"@type":"ReadAction","target":["https:\/\/gpr.lv\/lv\/darba-mekletajiem\/der-zinat\/darbs-belgija\/"]}]},{"@type":"BreadcrumbList","@id":"https:\/\/gpr.lv\/lv\/darba-mekletajiem\/der-zinat\/darbs-belgija\/#breadcrumb","itemListElement":[{"@type":"ListItem","position":1,"name":"Home","item":"https:\/\/gprecruitment.eu\/lv\/"},{"@type":"ListItem","position":2,"name":"DARBA MEKL\u0112T\u0100JIEM","item":"https:\/\/gpr.lv\/en\/job-seekers-2\/"},{"@type":"ListItem","position":3,"name":"Der zin\u0101t","item":"https:\/\/gpr.lv\/lv\/darba-mekletajiem\/der-zinat\/"},{"@type":"ListItem","position":4,"name":"Darbs Be\u013c\u0123ij\u0101"}]},{"@type":"WebSite","@id":"https:\/\/gpr.lv\/bg\/#website","url":"https:\/\/gpr.lv\/bg\/","name":"GP Recruitment","description":"Find job abroad quickly","publisher":{"@id":"https:\/\/gpr.lv\/bg\/#organization"},"potentialAction":[{"@type":"SearchAction","target":{"@type":"EntryPoint","urlTemplate":"https:\/\/gpr.lv\/bg\/?s={search_term_string}"},"query-input":{"@type":"PropertyValueSpecification","valueRequired":true,"valueName":"search_term_string"}}],"inLanguage":"lv-LV"},{"@type":"Organization","@id":"https:\/\/gpr.lv\/bg\/#organization","name":"GP Recruitment","url":"https:\/\/gpr.lv\/bg\/","logo":{"@type":"ImageObject","inLanguage":"lv-LV","@id":"https:\/\/gpr.lv\/bg\/#\/schema\/logo\/image\/","url":"https:\/\/gprecruitment.eu\/wp-content\/uploads\/2020\/09\/Logo_gpr.png","contentUrl":"https:\/\/gprecruitment.eu\/wp-content\/uploads\/2020\/09\/Logo_gpr.png","width":171,"height":83,"caption":"GP Recruitment"},"image":{"@id":"https:\/\/gpr.lv\/bg\/#\/schema\/logo\/image\/"}}]}},"_links":{"self":[{"href":"https:\/\/gprecruitment.eu\/lv\/wp-json\/wp\/v2\/pages\/3254","targetHints":{"allow":["GET"]}}],"collection":[{"href":"https:\/\/gprecruitment.eu\/lv\/wp-json\/wp\/v2\/pages"}],"about":[{"href":"https:\/\/gprecruitment.eu\/lv\/wp-json\/wp\/v2\/types\/page"}],"author":[{"embeddable":true,"href":"https:\/\/gprecruitment.eu\/lv\/wp-json\/wp\/v2\/users\/6"}],"replies":[{"embeddable":true,"href":"https:\/\/gprecruitment.eu\/lv\/wp-json\/wp\/v2\/comments?post=3254"}],"version-history":[{"count":0,"href":"https:\/\/gprecruitment.eu\/lv\/wp-json\/wp\/v2\/pages\/3254\/revisions"}],"up":[{"embeddable":true,"href":"https:\/\/gprecruitment.eu\/lv\/wp-json\/wp\/v2\/pages\/3251"}],"wp:attachment":[{"href":"https:\/\/gprecruitment.eu\/lv\/wp-json\/wp\/v2\/media?parent=3254"}],"curies":[{"name":"wp","href":"https:\/\/api.w.org\/{rel}","templated":true}]}}