{"id":3255,"date":"2022-01-26T23:09:38","date_gmt":"2022-01-26T23:09:38","guid":{"rendered":"https:\/\/gprecruitment.eu\/?page_id=3255"},"modified":"2022-01-27T00:59:43","modified_gmt":"2022-01-27T00:59:43","slug":"darbs-niderlande","status":"publish","type":"page","link":"https:\/\/gprecruitment.eu\/lv\/darba-mekletajiem\/der-zinat\/darbs-niderlande\/","title":{"rendered":"Darbs N\u012bderland\u0113"},"content":{"rendered":"\t\t<div data-elementor-type=\"wp-page\" data-elementor-id=\"3255\" class=\"elementor elementor-3255\">\n\t\t\t\t\t\t<div class=\"elementor-inner\">\n\t\t\t\t<div class=\"elementor-section-wrap\">\n\t\t\t\t\t\t\t\t\t<section class=\"elementor-section elementor-top-section elementor-element elementor-element-a71c692 elementor-section-boxed elementor-section-height-default elementor-section-height-default\" data-id=\"a71c692\" data-element_type=\"section\">\n\t\t\t\t\t\t<div class=\"elementor-container elementor-column-gap-default\">\n\t\t\t\t\t\t\t<div class=\"elementor-row\">\n\t\t\t\t\t<div class=\"elementor-column elementor-col-100 elementor-top-column elementor-element elementor-element-9abd5b0\" data-id=\"9abd5b0\" data-element_type=\"column\">\n\t\t\t<div class=\"elementor-column-wrap elementor-element-populated\">\n\t\t\t\t\t\t\t<div class=\"elementor-widget-wrap\">\n\t\t\t\t\t\t<div class=\"elementor-element elementor-element-de939fa elementor-widget elementor-widget-heading\" data-id=\"de939fa\" data-element_type=\"widget\" data-widget_type=\"heading.default\">\n\t\t\t\t<div class=\"elementor-widget-container\">\n\t\t\t<h1 class=\"elementor-heading-title elementor-size-default\">Darbs N\u012bderland\u0113<\/h1>\t\t<\/div>\n\t\t\t\t<\/div>\n\t\t\t\t\t\t<\/div>\n\t\t\t\t\t<\/div>\n\t\t<\/div>\n\t\t\t\t\t\t\t\t<\/div>\n\t\t\t\t\t<\/div>\n\t\t<\/section>\n\t\t\t\t<section class=\"elementor-section elementor-top-section elementor-element elementor-element-1a7e1f1 elementor-section-boxed elementor-section-height-default elementor-section-height-default\" data-id=\"1a7e1f1\" data-element_type=\"section\">\n\t\t\t\t\t\t<div class=\"elementor-container elementor-column-gap-default\">\n\t\t\t\t\t\t\t<div class=\"elementor-row\">\n\t\t\t\t\t<div class=\"elementor-column elementor-col-100 elementor-top-column elementor-element elementor-element-3de4be0\" data-id=\"3de4be0\" data-element_type=\"column\">\n\t\t\t<div class=\"elementor-column-wrap elementor-element-populated\">\n\t\t\t\t\t\t\t<div class=\"elementor-widget-wrap\">\n\t\t\t\t\t\t<div class=\"elementor-element elementor-element-b0a9e51 elementor-widget elementor-widget-text-editor\" data-id=\"b0a9e51\" data-element_type=\"widget\" data-widget_type=\"text-editor.default\">\n\t\t\t\t<div class=\"elementor-widget-container\">\n\t\t\t\t\t\t\t\t<div class=\"elementor-text-editor elementor-clearfix\">\n\t\t\t\t<p class=\"p1\"><span style=\"font-size: inherit; text-align: inherit; color: var( --e-global-color-d0b923d );\">Daudziem no tiem, kas v\u0113las str\u0101d\u0101t \u0101rvalst\u012bs, tie\u0161i darbs N\u012bderland\u0113 \u0161\u0137iet viena no pievilc\u012bg\u0101kaj\u0101m iesp\u0113j\u0101m. Tam par pamatu ir gan t\u0101s iedz\u012bvot\u0101ju augstais dz\u012bves l\u012bmenis, gan visnota\u013c pla\u0161\u0101 vakan\u010du izv\u0113le, ar iesp\u0113j\u0101m ar\u012b \u0101rvalstniekiem atrast darbu visda\u017e\u0101d\u0101kaj\u0101s jom\u0101s. Turkl\u0101t liel\u0101k\u0101 da\u013ca iedz\u012bvot\u0101ju labi p\u0101rvalda ang\u013cu valodu, kas iev\u0113rojami atvieglo valodas barjeru vai pat atbr\u012bvo no t\u0101s piln\u012bb\u0101. Ja ar\u012b j\u016bs interes\u0113 darbs N\u012bderland\u0113, \u0161eit atrad\u012bsiet visas pieejam\u0101s vakances, k\u0101 ar\u012b citus v\u0113rt\u012bgus padomus darba mekl\u0113t\u0101jiem!<\/span><\/p><h2><b style=\"font-size: inherit; text-align: inherit; color: var( --e-global-color-d0b923d );\">Nepiecie\u0161amie dokumenti darbam N\u012bderland\u0113<\/b><\/h2><p class=\"p1\">Liel\u0101kajai da\u013cai darba mekl\u0113t\u0101ju no Latvijas darba gaitu uzs\u0101k\u0161ana Holand\u0113 ir krietni atvieglota, jo visiem Eiropas Savien\u012bbas dal\u012bbvalstu pilso\u0146iem nav nepiecie\u0161ama ne uztur\u0113\u0161anas, ne darba at\u013cauja, lai str\u0101d\u0101tu \u0161aj\u0101 valst\u012b. T\u0101pat nav nepiecie\u0161ams p\u0113c iera\u0161an\u0101s valst\u012b re\u0123istr\u0113ties N\u012bderlandes Imigr\u0101cijas un Naturaliz\u0101cijas dienest\u0101 \u2013 j\u016bsu pase vai ID karte ir pietiekams pier\u0101d\u012bjums ties\u012bb\u0101m str\u0101d\u0101t \u0161aj\u0101 valst\u012b. Tiesa gan, visiem, kas dz\u012bvo vai str\u0101d\u0101 N\u012bderland\u0113, ir j\u0101b\u016bt iz\u0146emtai oblig\u0101tajai vesel\u012bbas apdro\u0161in\u0101\u0161anas polisei, un tas j\u0101paveic pirmo \u010detru m\u0113ne\u0161u laik\u0101 no iera\u0161an\u0101s br\u012b\u017ea. T\u0101pat, ja pl\u0101nojat valst\u012b palikt ilg\u0101k par \u010detriem m\u0113ne\u0161iem, jums b\u016bs nepiecie\u0161ams re\u0123istr\u0113ties viet\u0113j\u0101 pa\u0161vald\u012bb\u0101, lai sa\u0146emtu N\u012bderlandes personas kodu.<\/p><h2><b>Darb\u0101 iek\u0101rto\u0161an\u0101s N\u012bderland\u0113<\/b><\/h2><p class=\"p1\">GP Recruitment pied\u0101v\u0101to vakan\u010du kl\u0101st\u0101 atrodamas darba iesp\u0113jas da\u017e\u0101d\u0101s nozar\u0113s un darbiniekiem ar \u013coti da\u017e\u0101du pieredzes un izgl\u012bt\u012bbas l\u012bmeni. T\u0101p\u0113c darbu N\u012bderland\u0113 neb\u016bs gr\u016bti atrast ne jaunie\u0161iem, ne gados vec\u0101kiem cilv\u0113kiem, un pat p\u0101riem, kas darbu mekl\u0113 kop\u012bgi. M\u016bsu klientu lok\u0101 ir darba dev\u0113ji no visda\u017e\u0101d\u0101kaj\u0101m nozar\u0113m &#8211; no lauksaimniec\u012bbas un celtniec\u012bbai l\u012bdz pat inform\u0101cijas tehnolo\u0123ij\u0101m.<\/p><h3><b>Darbs Holand\u0113 siltumn\u012bc\u0101s un ferm\u0101s<\/b><\/h3><p class=\"p1\">T\u0101 k\u0101 \u0161aj\u0101 valst\u012b ir att\u012bst\u012bta industri\u0101l\u0101 lauksaimniec\u012bba, liela da\u013ca pied\u0101v\u0101to darbu Holand\u0113 ir tie\u0161i siltumn\u012bc\u0101s un citos ar lauksaimniec\u012bbas nozari saist\u012btos uz\u0146\u0113mumos. Liel\u0101k\u0101 da\u013ca no tiem mekl\u0113 darbiniekus uz past\u0101v\u012bgu laiku, tikm\u0113r atsevi\u0161\u0137\u0101s viet\u0101s pal\u012bgi nepiecie\u0161ami tikai noteikt\u0101 laika period\u0101. Tom\u0113r vakan\u010du skaits \u0161aj\u0101 nozar\u0113 ir nemain\u012bgi augsts, turkl\u0101t \u0161aj\u0101 nozar\u0113 past\u0101v darba vietas, kur\u0101s iesp\u0113jams str\u0101d\u0101t ne tikai bez n\u012bderlandie\u0161u, bet pat bez ang\u013cu valodas zin\u0101\u0161an\u0101m.<\/p><h3><b>Darbs N\u012bderland\u0113 jaunie\u0161iem<span class=\"Apple-converted-space\">\u00a0<\/span><\/b><\/h3><p class=\"p1\">Pla\u0161\u0101 vakan\u010du kl\u0101sta d\u0113\u013c da\u017e\u0101d\u0101s nozar\u0113s, darbs N\u012bderland\u0113 ir \u013coti pievilc\u012bgs jaunie\u0161iem. Darba dev\u0113jiem nepiecie\u0161ami darbinieki ar da\u017e\u0101diem pieredzes un prasmju l\u012bme\u0146iem, t\u0101p\u0113c darbu iesp\u0113jams atrast gan tiem, kuri mekl\u0113 iesp\u0113jas piepeln\u012bties v\u0113l pirms ieg\u016bta specialit\u0101te, gan tiem, kuri nesen apguvu\u0161i savu profesiju un mekl\u0113 iesp\u0113jas to pielietot praks\u0113.<\/p><h3><b>Darbs Holand\u0113 p\u0101riem<span class=\"Apple-converted-space\">\u00a0<\/span><\/b><\/h3><p class=\"p1\">Darbs Holand\u0113 ir piem\u0113rots ar\u012b p\u0101riem, kas darbu mekl\u0113 kop\u012bgi, jo veicamie darbi liel\u0101 da\u013c\u0101 lauksaimniec\u012bbas vai ra\u017eo\u0161anas uz\u0146\u0113mumu ir vienl\u012bdz piem\u0113roti abiem dzimumiem. T\u0101p\u0113c \u0161\u012b ir lieliska iesp\u0113ja tiem, kas v\u0113las uz \u0101rzem\u0113m p\u0101rcelties divat\u0101. Turkl\u0101t atsevi\u0161\u0137os gad\u012bjumos ar\u012b darba dev\u0113ja pied\u0101v\u0101tais m\u0101joklis var b\u016bt piem\u0113rots dz\u012bvo\u0161anai p\u0101riem.<\/p><h2><b>Atalgojums un sadz\u012bves apst\u0101k\u013ci N\u012bderland\u0113<\/b><\/h2><p class=\"p1\">\u013boti svar\u012bgs iemesls N\u012bderlandes pievilc\u012bbai darba mekl\u0113t\u0101ju vid\u016b ir augstais atalgojuma l\u012bmenis \u0161aj\u0101 valst\u012b \u2013 taj\u0101 ir viena no augst\u0101kaj\u0101m minim\u0101l\u0101s algas likm\u0113m Eirop\u0101, k\u0101 ar\u012b augsts vid\u0113j\u0101 atalgojuma l\u012bmenis. L\u012bdz ar to \u0161\u012b ir lieliska iesp\u0113ja tiem, kas mekl\u0113 darbu \u0101rzem\u0113s, lai veidotu iekr\u0101jumus. Tiesa gan, mekl\u0113jot darbu lauksaimniec\u012bb\u0101, j\u0101r\u0113\u0137in\u0101s ar to, ka da\u013ca darbu \u0161aj\u0101 nozar\u0113 var b\u016bt sezon\u0101li, piem\u0113ram, ferm\u0101s, kas neizmanto siltumn\u012bcas, papildu darbinieki ir nepiecie\u0161ami tikai s\u0113jas un ra\u017eo\u0161anas sezonas laik\u0101 \u2013 no agra pavasara l\u012bdz oktobra beig\u0101m.<span class=\"Apple-converted-space\">\u00a0<\/span><\/p><p class=\"p1\">Tikm\u0113r, ja j\u016bs uztrauc m\u0101jok\u013ca atra\u0161ana jaunaj\u0101 valst\u012b, \u0146emiet v\u0113r\u0101, ka liela da\u013ca m\u016bsu vakan\u010du iek\u013cauj darba dev\u0113ja pied\u0101v\u0101tu dz\u012bvesvietu, par \u012bri maks\u0101jot no algas. Savuk\u0101rt, izv\u0113loties darba vietu, kas nenodro\u0161ina m\u0101jokli, to atrast jums pal\u012bdz\u0113sim m\u0113s, t\u0101pat k\u0101 nok\u0101rtot visas citas nepiecie\u0161am\u0101s formalit\u0101tes. Turkl\u0101t par m\u016bsu darb\u0101 iek\u0101rto\u0161anas pakalpojumiem jums neb\u016bs j\u0101maks\u0101.<\/p><h2><b>Darbs N\u012bderland\u0113 ar GP Recruitment<\/b><\/h2><p class=\"p1\">Lai gan Latvijas pilso\u0146iem, t\u0101pat k\u0101 citu ES valstu pavalstniekiem, dz\u012bves uzs\u0101k\u0161ana N\u012bderland\u0113 prasa krietni maz\u0101k formalit\u0101\u0161u, nek\u0101 darba mekl\u0113t\u0101jiem no cit\u0101m valst\u012bm, ar\u012b darba atra\u0161ana \u0161aj\u0101 valst\u012b pieprasa zin\u0101mu ieguld\u012bjumu. Pirmk\u0101rt, nep\u0101rzinot viet\u0113jo darba tirgu, darba mekl\u0113t\u0101js var nezin\u0101t, kur mekl\u0113t vakances un kam piev\u0113rst uzman\u012bbu. Otrk\u0101rt, t\u0101 k\u0101 \u0161\u012b valsts ir visai bl\u012bvi apdz\u012bvota, probl\u0113mas var sag\u0101d\u0101t ar\u012b dz\u012bvesvietas atra\u0161ana. T\u0101p\u0113c GP Recruitment sniegtie pakalpojumi darba atra\u0161anu N\u012bderland\u0113 krietni atvieglo, jo m\u0113s pied\u0101v\u0101jam tikai vakances no p\u0101rbaud\u012btiem darba dev\u0113jiem, ar garant\u0113t\u0101m darba stund\u0101m, turkl\u0101t pal\u012bdz\u0113sim ar\u012b ar dz\u012bvesvietas atra\u0161anu un nepiecie\u0161amo formalit\u0101\u0161u nok\u0101rto\u0161anu<\/p>\t\t\t\t\t<\/div>\n\t\t\t\t\t\t<\/div>\n\t\t\t\t<\/div>\n\t\t\t\t\t\t<\/div>\n\t\t\t\t\t<\/div>\n\t\t<\/div>\n\t\t\t\t\t\t\t\t<\/div>\n\t\t\t\t\t<\/div>\n\t\t<\/section>\n\t\t\t\t\t\t\t\t\t<\/div>\n\t\t\t<\/div>\n\t\t\t\t\t<\/div>\n\t\t","protected":false},"excerpt":{"rendered":"<p>Darbs N\u012bderland\u0113 Daudziem no tiem, kas v\u0113las str\u0101d\u0101t \u0101rvalst\u012bs, tie\u0161i darbs N\u012bderland\u0113 \u0161\u0137iet viena no pievilc\u012bg\u0101kaj\u0101m iesp\u0113j\u0101m. Tam par pamatu ir gan t\u0101s iedz\u012bvot\u0101ju augstais dz\u012bves l\u012bmenis, gan visnota\u013c pla\u0161\u0101 vakan\u010du izv\u0113le, ar iesp\u0113j\u0101m ar\u012b \u0101rvalstniekiem atrast darbu visda\u017e\u0101d\u0101kaj\u0101s jom\u0101s. Turkl\u0101t liel\u0101k\u0101 da\u013ca iedz\u012bvot\u0101ju labi p\u0101rvalda ang\u013cu valodu, kas iev\u0113rojami atvieglo valodas barjeru vai pat [&hellip;]<\/p>\n","protected":false},"author":6,"featured_media":0,"parent":3251,"menu_order":0,"comment_status":"closed","ping_status":"closed","template":"","meta":{"footnotes":""},"class_list":["post-3255","page","type-page","status-publish","hentry"],"yoast_head":"<!-- This site is optimized with the Yoast SEO plugin v26.4 - https:\/\/yoast.com\/wordpress\/plugins\/seo\/ -->\n<title>Darbs N\u012bderland\u0113 - Vakances un Padomi | GP Recruitment<\/title>\n<meta name=\"description\" content=\"Interes\u0113 darbs N\u012bderland\u0113? Apskatiet GP Recruitment pied\u0101v\u0101t\u0101s vakances no da\u017e\u0101du nozaru uz\u0146\u0113mumiem un uzziniet svar\u012bg\u0101ko par str\u0101d\u0101\u0161anu \u0161aj\u0101 valst\u012b!\" \/>\n<meta name=\"robots\" content=\"index, follow, max-snippet:-1, max-image-preview:large, max-video-preview:-1\" \/>\n<link rel=\"canonical\" href=\"https:\/\/gpr.lv\/lv\/darba-mekletajiem\/der-zinat\/darbs-niderlande\/\" \/>\n<meta property=\"og:locale\" content=\"lv_LV\" \/>\n<meta property=\"og:type\" content=\"article\" \/>\n<meta property=\"og:title\" content=\"Darbs N\u012bderland\u0113 - Vakances un Padomi | GP Recruitment\" \/>\n<meta property=\"og:description\" content=\"Interes\u0113 darbs N\u012bderland\u0113? Apskatiet GP Recruitment pied\u0101v\u0101t\u0101s vakances no da\u017e\u0101du nozaru uz\u0146\u0113mumiem un uzziniet svar\u012bg\u0101ko par str\u0101d\u0101\u0161anu \u0161aj\u0101 valst\u012b!\" \/>\n<meta property=\"og:url\" content=\"https:\/\/gpr.lv\/lv\/darba-mekletajiem\/der-zinat\/darbs-niderlande\/\" \/>\n<meta property=\"og:site_name\" content=\"GP Recruitment\" \/>\n<meta property=\"article:modified_time\" content=\"2022-01-27T00:59:43+00:00\" \/>\n<meta name=\"twitter:card\" content=\"summary_large_image\" \/>\n<meta name=\"twitter:label1\" content=\"Est. reading time\" \/>\n\t<meta name=\"twitter:data1\" content=\"4 minutes\" \/>\n<script type=\"application\/ld+json\" class=\"yoast-schema-graph\">{\"@context\":\"https:\/\/schema.org\",\"@graph\":[{\"@type\":\"WebPage\",\"@id\":\"https:\/\/gpr.lv\/lv\/darba-mekletajiem\/der-zinat\/darbs-niderlande\/\",\"url\":\"https:\/\/gpr.lv\/lv\/darba-mekletajiem\/der-zinat\/darbs-niderlande\/\",\"name\":\"Darbs N\u012bderland\u0113 - Vakances un Padomi | GP Recruitment\",\"isPartOf\":{\"@id\":\"https:\/\/gpr.lv\/bg\/#website\"},\"datePublished\":\"2022-01-26T23:09:38+00:00\",\"dateModified\":\"2022-01-27T00:59:43+00:00\",\"description\":\"Interes\u0113 darbs N\u012bderland\u0113? Apskatiet GP Recruitment pied\u0101v\u0101t\u0101s vakances no da\u017e\u0101du nozaru uz\u0146\u0113mumiem un uzziniet svar\u012bg\u0101ko par str\u0101d\u0101\u0161anu \u0161aj\u0101 valst\u012b!\",\"breadcrumb\":{\"@id\":\"https:\/\/gpr.lv\/lv\/darba-mekletajiem\/der-zinat\/darbs-niderlande\/#breadcrumb\"},\"inLanguage\":\"lv-LV\",\"potentialAction\":[{\"@type\":\"ReadAction\",\"target\":[\"https:\/\/gpr.lv\/lv\/darba-mekletajiem\/der-zinat\/darbs-niderlande\/\"]}]},{\"@type\":\"BreadcrumbList\",\"@id\":\"https:\/\/gpr.lv\/lv\/darba-mekletajiem\/der-zinat\/darbs-niderlande\/#breadcrumb\",\"itemListElement\":[{\"@type\":\"ListItem\",\"position\":1,\"name\":\"Home\",\"item\":\"https:\/\/gprecruitment.eu\/lv\/\"},{\"@type\":\"ListItem\",\"position\":2,\"name\":\"DARBA MEKL\u0112T\u0100JIEM\",\"item\":\"https:\/\/gpr.lv\/en\/job-seekers-2\/\"},{\"@type\":\"ListItem\",\"position\":3,\"name\":\"Der zin\u0101t\",\"item\":\"https:\/\/gpr.lv\/lv\/darba-mekletajiem\/der-zinat\/\"},{\"@type\":\"ListItem\",\"position\":4,\"name\":\"Darbs N\u012bderland\u0113\"}]},{\"@type\":\"WebSite\",\"@id\":\"https:\/\/gpr.lv\/bg\/#website\",\"url\":\"https:\/\/gpr.lv\/bg\/\",\"name\":\"GP Recruitment\",\"description\":\"Find job abroad quickly\",\"publisher\":{\"@id\":\"https:\/\/gpr.lv\/bg\/#organization\"},\"potentialAction\":[{\"@type\":\"SearchAction\",\"target\":{\"@type\":\"EntryPoint\",\"urlTemplate\":\"https:\/\/gpr.lv\/bg\/?s={search_term_string}\"},\"query-input\":{\"@type\":\"PropertyValueSpecification\",\"valueRequired\":true,\"valueName\":\"search_term_string\"}}],\"inLanguage\":\"lv-LV\"},{\"@type\":\"Organization\",\"@id\":\"https:\/\/gpr.lv\/bg\/#organization\",\"name\":\"GP Recruitment\",\"url\":\"https:\/\/gpr.lv\/bg\/\",\"logo\":{\"@type\":\"ImageObject\",\"inLanguage\":\"lv-LV\",\"@id\":\"https:\/\/gpr.lv\/bg\/#\/schema\/logo\/image\/\",\"url\":\"https:\/\/gprecruitment.eu\/wp-content\/uploads\/2020\/09\/Logo_gpr.png\",\"contentUrl\":\"https:\/\/gprecruitment.eu\/wp-content\/uploads\/2020\/09\/Logo_gpr.png\",\"width\":171,\"height\":83,\"caption\":\"GP Recruitment\"},\"image\":{\"@id\":\"https:\/\/gpr.lv\/bg\/#\/schema\/logo\/image\/\"}}]}<\/script>\n<!-- \/ Yoast SEO plugin. -->","yoast_head_json":{"title":"Darbs N\u012bderland\u0113 - Vakances un Padomi | GP Recruitment","description":"Interes\u0113 darbs N\u012bderland\u0113? Apskatiet GP Recruitment pied\u0101v\u0101t\u0101s vakances no da\u017e\u0101du nozaru uz\u0146\u0113mumiem un uzziniet svar\u012bg\u0101ko par str\u0101d\u0101\u0161anu \u0161aj\u0101 valst\u012b!","robots":{"index":"index","follow":"follow","max-snippet":"max-snippet:-1","max-image-preview":"max-image-preview:large","max-video-preview":"max-video-preview:-1"},"canonical":"https:\/\/gpr.lv\/lv\/darba-mekletajiem\/der-zinat\/darbs-niderlande\/","og_locale":"lv_LV","og_type":"article","og_title":"Darbs N\u012bderland\u0113 - Vakances un Padomi | GP Recruitment","og_description":"Interes\u0113 darbs N\u012bderland\u0113? Apskatiet GP Recruitment pied\u0101v\u0101t\u0101s vakances no da\u017e\u0101du nozaru uz\u0146\u0113mumiem un uzziniet svar\u012bg\u0101ko par str\u0101d\u0101\u0161anu \u0161aj\u0101 valst\u012b!","og_url":"https:\/\/gpr.lv\/lv\/darba-mekletajiem\/der-zinat\/darbs-niderlande\/","og_site_name":"GP Recruitment","article_modified_time":"2022-01-27T00:59:43+00:00","twitter_card":"summary_large_image","twitter_misc":{"Est. reading time":"4 minutes"},"schema":{"@context":"https:\/\/schema.org","@graph":[{"@type":"WebPage","@id":"https:\/\/gpr.lv\/lv\/darba-mekletajiem\/der-zinat\/darbs-niderlande\/","url":"https:\/\/gpr.lv\/lv\/darba-mekletajiem\/der-zinat\/darbs-niderlande\/","name":"Darbs N\u012bderland\u0113 - Vakances un Padomi | GP Recruitment","isPartOf":{"@id":"https:\/\/gpr.lv\/bg\/#website"},"datePublished":"2022-01-26T23:09:38+00:00","dateModified":"2022-01-27T00:59:43+00:00","description":"Interes\u0113 darbs N\u012bderland\u0113? Apskatiet GP Recruitment pied\u0101v\u0101t\u0101s vakances no da\u017e\u0101du nozaru uz\u0146\u0113mumiem un uzziniet svar\u012bg\u0101ko par str\u0101d\u0101\u0161anu \u0161aj\u0101 valst\u012b!","breadcrumb":{"@id":"https:\/\/gpr.lv\/lv\/darba-mekletajiem\/der-zinat\/darbs-niderlande\/#breadcrumb"},"inLanguage":"lv-LV","potentialAction":[{"@type":"ReadAction","target":["https:\/\/gpr.lv\/lv\/darba-mekletajiem\/der-zinat\/darbs-niderlande\/"]}]},{"@type":"BreadcrumbList","@id":"https:\/\/gpr.lv\/lv\/darba-mekletajiem\/der-zinat\/darbs-niderlande\/#breadcrumb","itemListElement":[{"@type":"ListItem","position":1,"name":"Home","item":"https:\/\/gprecruitment.eu\/lv\/"},{"@type":"ListItem","position":2,"name":"DARBA MEKL\u0112T\u0100JIEM","item":"https:\/\/gpr.lv\/en\/job-seekers-2\/"},{"@type":"ListItem","position":3,"name":"Der zin\u0101t","item":"https:\/\/gpr.lv\/lv\/darba-mekletajiem\/der-zinat\/"},{"@type":"ListItem","position":4,"name":"Darbs N\u012bderland\u0113"}]},{"@type":"WebSite","@id":"https:\/\/gpr.lv\/bg\/#website","url":"https:\/\/gpr.lv\/bg\/","name":"GP Recruitment","description":"Find job abroad quickly","publisher":{"@id":"https:\/\/gpr.lv\/bg\/#organization"},"potentialAction":[{"@type":"SearchAction","target":{"@type":"EntryPoint","urlTemplate":"https:\/\/gpr.lv\/bg\/?s={search_term_string}"},"query-input":{"@type":"PropertyValueSpecification","valueRequired":true,"valueName":"search_term_string"}}],"inLanguage":"lv-LV"},{"@type":"Organization","@id":"https:\/\/gpr.lv\/bg\/#organization","name":"GP Recruitment","url":"https:\/\/gpr.lv\/bg\/","logo":{"@type":"ImageObject","inLanguage":"lv-LV","@id":"https:\/\/gpr.lv\/bg\/#\/schema\/logo\/image\/","url":"https:\/\/gprecruitment.eu\/wp-content\/uploads\/2020\/09\/Logo_gpr.png","contentUrl":"https:\/\/gprecruitment.eu\/wp-content\/uploads\/2020\/09\/Logo_gpr.png","width":171,"height":83,"caption":"GP Recruitment"},"image":{"@id":"https:\/\/gpr.lv\/bg\/#\/schema\/logo\/image\/"}}]}},"_links":{"self":[{"href":"https:\/\/gprecruitment.eu\/lv\/wp-json\/wp\/v2\/pages\/3255","targetHints":{"allow":["GET"]}}],"collection":[{"href":"https:\/\/gprecruitment.eu\/lv\/wp-json\/wp\/v2\/pages"}],"about":[{"href":"https:\/\/gprecruitment.eu\/lv\/wp-json\/wp\/v2\/types\/page"}],"author":[{"embeddable":true,"href":"https:\/\/gprecruitment.eu\/lv\/wp-json\/wp\/v2\/users\/6"}],"replies":[{"embeddable":true,"href":"https:\/\/gprecruitment.eu\/lv\/wp-json\/wp\/v2\/comments?post=3255"}],"version-history":[{"count":0,"href":"https:\/\/gprecruitment.eu\/lv\/wp-json\/wp\/v2\/pages\/3255\/revisions"}],"up":[{"embeddable":true,"href":"https:\/\/gprecruitment.eu\/lv\/wp-json\/wp\/v2\/pages\/3251"}],"wp:attachment":[{"href":"https:\/\/gprecruitment.eu\/lv\/wp-json\/wp\/v2\/media?parent=3255"}],"curies":[{"name":"wp","href":"https:\/\/api.w.org\/{rel}","templated":true}]}}