{"id":44,"date":"2020-08-29T10:20:19","date_gmt":"2020-08-29T10:20:19","guid":{"rendered":"https:\/\/gprecruitment.eu\/?page_id=44"},"modified":"2025-07-01T14:21:59","modified_gmt":"2025-07-01T14:21:59","slug":"kontakti","status":"publish","type":"page","link":"https:\/\/gprecruitment.eu\/lv\/kontakti\/","title":{"rendered":"KONTAKTI"},"content":{"rendered":"\t\t<div data-elementor-type=\"wp-page\" data-elementor-id=\"44\" class=\"elementor elementor-44\">\n\t\t\t\t\t\t<div class=\"elementor-inner\">\n\t\t\t\t<div class=\"elementor-section-wrap\">\n\t\t\t\t\t\t\t\t\t<section class=\"elementor-section elementor-top-section elementor-element elementor-element-e9613bc elementor-section-boxed elementor-section-height-default elementor-section-height-default\" data-id=\"e9613bc\" data-element_type=\"section\">\n\t\t\t\t\t\t<div class=\"elementor-container elementor-column-gap-default\">\n\t\t\t\t\t\t\t<div class=\"elementor-row\">\n\t\t\t\t\t<div class=\"elementor-column elementor-col-100 elementor-top-column elementor-element elementor-element-bea5b3c\" data-id=\"bea5b3c\" data-element_type=\"column\">\n\t\t\t<div class=\"elementor-column-wrap elementor-element-populated\">\n\t\t\t\t\t\t\t<div class=\"elementor-widget-wrap\">\n\t\t\t\t\t\t<div class=\"elementor-element elementor-element-ba1d63d elementor-widget elementor-widget-heading\" data-id=\"ba1d63d\" data-element_type=\"widget\" data-widget_type=\"heading.default\">\n\t\t\t\t<div class=\"elementor-widget-container\">\n\t\t\t<h1 class=\"elementor-heading-title elementor-size-default\">Kontakti<\/h1>\t\t<\/div>\n\t\t\t\t<\/div>\n\t\t\t\t\t\t<\/div>\n\t\t\t\t\t<\/div>\n\t\t<\/div>\n\t\t\t\t\t\t\t\t<\/div>\n\t\t\t\t\t<\/div>\n\t\t<\/section>\n\t\t\t\t<section class=\"elementor-section elementor-top-section elementor-element elementor-element-fa1a0cc elementor-section-boxed elementor-section-height-default elementor-section-height-default\" data-id=\"fa1a0cc\" data-element_type=\"section\">\n\t\t\t\t\t\t<div class=\"elementor-container elementor-column-gap-default\">\n\t\t\t\t\t\t\t<div class=\"elementor-row\">\n\t\t\t\t\t<div class=\"elementor-column elementor-col-100 elementor-top-column elementor-element elementor-element-e92a4b6\" data-id=\"e92a4b6\" data-element_type=\"column\">\n\t\t\t<div class=\"elementor-column-wrap elementor-element-populated\">\n\t\t\t\t\t\t\t<div class=\"elementor-widget-wrap\">\n\t\t\t\t\t\t<div class=\"elementor-element elementor-element-673373e elementor-widget elementor-widget-heading\" data-id=\"673373e\" data-element_type=\"widget\" data-widget_type=\"heading.default\">\n\t\t\t\t<div class=\"elementor-widget-container\">\n\t\t\t<h4 class=\"elementor-heading-title elementor-size-default\">Latvija<\/h4>\t\t<\/div>\n\t\t\t\t<\/div>\n\t\t\t\t\t\t<\/div>\n\t\t\t\t\t<\/div>\n\t\t<\/div>\n\t\t\t\t\t\t\t\t<\/div>\n\t\t\t\t\t<\/div>\n\t\t<\/section>\n\t\t\t\t<section class=\"elementor-section elementor-top-section elementor-element elementor-element-3c0bd981 elementor-section-boxed elementor-section-height-default elementor-section-height-default\" data-id=\"3c0bd981\" data-element_type=\"section\">\n\t\t\t\t\t\t<div class=\"elementor-container elementor-column-gap-default\">\n\t\t\t\t\t\t\t<div class=\"elementor-row\">\n\t\t\t\t\t<div class=\"elementor-column elementor-col-20 elementor-top-column elementor-element elementor-element-254b7176\" data-id=\"254b7176\" data-element_type=\"column\">\n\t\t\t<div class=\"elementor-column-wrap elementor-element-populated\">\n\t\t\t\t\t\t\t<div class=\"elementor-widget-wrap\">\n\t\t\t\t\t\t<div class=\"elementor-element elementor-element-592a091c elementor-widget elementor-widget-text-editor\" data-id=\"592a091c\" data-element_type=\"widget\" data-widget_type=\"text-editor.default\">\n\t\t\t\t<div class=\"elementor-widget-container\">\n\t\t\t\t\t\t\t\t<div class=\"elementor-text-editor elementor-clearfix\">\n\t\t\t\t<p style=\"text-align: left;\"><span style=\"font-family: helvetica; font-weight: 600; letter-spacing: 1.05px; color: var( --e-global-color-accent );\">R\u012aGA<\/span><\/p>\t\t\t\t\t<\/div>\n\t\t\t\t\t\t<\/div>\n\t\t\t\t<\/div>\n\t\t\t\t<div class=\"elementor-element elementor-element-6078a873 elementor-widget elementor-widget-text-editor\" data-id=\"6078a873\" data-element_type=\"widget\" data-widget_type=\"text-editor.default\">\n\t\t\t\t<div class=\"elementor-widget-container\">\n\t\t\t\t\t\t\t\t<div class=\"elementor-text-editor elementor-clearfix\">\n\t\t\t\t<p style=\"font-size: 18px; text-align: left; color: #3a3a3a;\">Br\u012bv\u012bbas iela 101-1<\/p>\n<p style=\"font-size: 18px; text-align: left; color: #3a3a3a;\">R\u012bga, LV-1001<\/p>\n<p style=\"font-size: 18px; text-align: left; color: #3a3a3a;\">Latvija<\/p>\n<p style=\"font-size: 18px; text-align: left; color: #3a3a3a;\">Mob. +371 <b>29 155 246<\/b><\/p>\n<p style=\"font-size: 18px; text-align: left; color: #3a3a3a;\">Tel.&nbsp; &nbsp; +371&nbsp; <b>67 379 917<\/b><\/p>\n<p style=\"font-size: 18px; text-align: left; color: #3a3a3a;\">info@gpr.lv<\/p>\t\t\t\t\t<\/div>\n\t\t\t\t\t\t<\/div>\n\t\t\t\t<\/div>\n\t\t\t\t\t\t<\/div>\n\t\t\t\t\t<\/div>\n\t\t<\/div>\n\t\t\t\t<div class=\"elementor-column elementor-col-20 elementor-top-column elementor-element elementor-element-cb1f83c\" data-id=\"cb1f83c\" data-element_type=\"column\">\n\t\t\t<div class=\"elementor-column-wrap elementor-element-populated\">\n\t\t\t\t\t\t\t<div class=\"elementor-widget-wrap\">\n\t\t\t\t\t\t<div class=\"elementor-element elementor-element-a5a2442 elementor-widget elementor-widget-text-editor\" data-id=\"a5a2442\" data-element_type=\"widget\" data-widget_type=\"text-editor.default\">\n\t\t\t\t<div class=\"elementor-widget-container\">\n\t\t\t\t\t\t\t\t<div class=\"elementor-text-editor elementor-clearfix\">\n\t\t\t\t<p style=\"text-align: left;\"><span style=\"font-family: helvetica; font-weight: 600; letter-spacing: 1.05px;\">DAUGAVPILS<\/span><\/p>\t\t\t\t\t<\/div>\n\t\t\t\t\t\t<\/div>\n\t\t\t\t<\/div>\n\t\t\t\t<div class=\"elementor-element elementor-element-4aeb3c4 elementor-widget elementor-widget-text-editor\" data-id=\"4aeb3c4\" data-element_type=\"widget\" data-widget_type=\"text-editor.default\">\n\t\t\t\t<div class=\"elementor-widget-container\">\n\t\t\t\t\t\t\t\t<div class=\"elementor-text-editor elementor-clearfix\">\n\t\t\t\t<p style=\"font-size: 18px; text-align: left;\">R\u012bgas iela 64, 304.kab.<\/p>\n<p style=\"font-size: 18px; text-align: left;\">Daugavpils, LV 5041<\/p>\n<p style=\"font-size: 18px; text-align: left;\">Latvija\n<span style=\"color: var( --e-global-color-secondary );\">\nMob. +371\u00a0 <\/span><b style=\"color: var( --e-global-color-secondary );\">28 664 428<\/b><\/p>\n<p style=\"font-size: 18px; text-align: left;\">Tel.\u00a0 \u00a0 +371\u00a0 <b>65 449 848\n<\/b><span style=\"color: var( --e-global-color-secondary );\"><b>\n<\/b>daugavpils@gpr.lv<\/span><\/p>\t\t\t\t\t<\/div>\n\t\t\t\t\t\t<\/div>\n\t\t\t\t<\/div>\n\t\t\t\t\t\t<\/div>\n\t\t\t\t\t<\/div>\n\t\t<\/div>\n\t\t\t\t<div class=\"elementor-column elementor-col-20 elementor-top-column elementor-element elementor-element-4ef92fd7\" data-id=\"4ef92fd7\" data-element_type=\"column\">\n\t\t\t<div class=\"elementor-column-wrap elementor-element-populated\">\n\t\t\t\t\t\t\t<div class=\"elementor-widget-wrap\">\n\t\t\t\t\t\t<div class=\"elementor-element elementor-element-e467195 elementor-widget elementor-widget-text-editor\" data-id=\"e467195\" data-element_type=\"widget\" data-widget_type=\"text-editor.default\">\n\t\t\t\t<div class=\"elementor-widget-container\">\n\t\t\t\t\t\t\t\t<div class=\"elementor-text-editor elementor-clearfix\">\n\t\t\t\t<p style=\"font-size: 18px; text-align: left; color: #3a3a3a;\"><span style=\"text-decoration: underline;\">Darba laiks<\/span><\/p><p style=\"font-size: 18px; text-align: left; color: #3a3a3a;\">P.O.T.C\u00a0 \u00a0 \u00a0 9:00 &#8211; 16:00<br \/>Pk.\u00a0 \u00a0 \u00a0 \u00a0 \u00a0 \u00a0 \u00a09:00 &#8211; 15:00<\/p><p>\u00a0<\/p><p style=\"font-size: 18px; text-align: left; color: #3a3a3a;\"><strong>INTERVIJAS KL\u0100TIEN\u0112 \u0160OBR\u012aD NOTIEK TIKAI P\u0112C IEPRIEK\u0160\u0112JA PIERAKSTA!<\/strong><\/p>\t\t\t\t\t<\/div>\n\t\t\t\t\t\t<\/div>\n\t\t\t\t<\/div>\n\t\t\t\t\t\t<\/div>\n\t\t\t\t\t<\/div>\n\t\t<\/div>\n\t\t\t\t<div class=\"elementor-column elementor-col-20 elementor-top-column elementor-element elementor-element-74c3647e elementor-hidden-desktop elementor-hidden-tablet elementor-hidden-mobile\" data-id=\"74c3647e\" data-element_type=\"column\">\n\t\t\t<div class=\"elementor-column-wrap elementor-element-populated\">\n\t\t\t\t\t\t\t<div class=\"elementor-widget-wrap\">\n\t\t\t\t\t\t<div class=\"elementor-element elementor-element-1c81b67 elementor-widget elementor-widget-text-editor\" data-id=\"1c81b67\" data-element_type=\"widget\" data-widget_type=\"text-editor.default\">\n\t\t\t\t<div class=\"elementor-widget-container\">\n\t\t\t\t\t\t\t\t<div class=\"elementor-text-editor elementor-clearfix\">\n\t\t\t\t<p><span style=\"color: #d5d5d5;\"><a style=\"color: #d5d5d5;\" href=\"https:\/\/gprecruitment.eu\/pl\/lacznosc-pl\/\">POLIJA<\/a><\/span><\/p>\t\t\t\t\t<\/div>\n\t\t\t\t\t\t<\/div>\n\t\t\t\t<\/div>\n\t\t\t\t<div class=\"elementor-element elementor-element-663792e1 elementor-widget elementor-widget-text-editor\" data-id=\"663792e1\" data-element_type=\"widget\" data-widget_type=\"text-editor.default\">\n\t\t\t\t<div class=\"elementor-widget-container\">\n\t\t\t\t\t\t\t\t<div class=\"elementor-text-editor elementor-clearfix\">\n\t\t\t\t<p><span style=\"color: #d5d5d5;\"><a style=\"color: #d5d5d5;\" href=\"https:\/\/gprecruitment.eu\/bg\/\u043a\u043e\u043d\u0442\u0430\u043a\u0442\u0438-\u0431\u044a\u043b\u0433\u0430\u0440\u0438\u044f-2\/\">BULG\u0100RIJA<\/a><\/span><\/p>\t\t\t\t\t<\/div>\n\t\t\t\t\t\t<\/div>\n\t\t\t\t<\/div>\n\t\t\t\t<div class=\"elementor-element elementor-element-74ceeb49 elementor-widget elementor-widget-text-editor\" data-id=\"74ceeb49\" data-element_type=\"widget\" data-widget_type=\"text-editor.default\">\n\t\t\t\t<div class=\"elementor-widget-container\">\n\t\t\t\t\t\t\t\t<div class=\"elementor-text-editor elementor-clearfix\">\n\t\t\t\t<p><span style=\"color: #d5d5d5;\"><a style=\"color: #d5d5d5;\" href=\"https:\/\/gprecruitment.eu\/ro\/contacte\/\">RUM\u0100NIJA<\/a><\/span><\/p>\t\t\t\t\t<\/div>\n\t\t\t\t\t\t<\/div>\n\t\t\t\t<\/div>\n\t\t\t\t\t\t<\/div>\n\t\t\t\t\t<\/div>\n\t\t<\/div>\n\t\t\t\t<div class=\"elementor-column elementor-col-20 elementor-top-column elementor-element elementor-element-2b6108ed elementor-hidden-tablet elementor-hidden-mobile elementor-hidden-desktop\" data-id=\"2b6108ed\" data-element_type=\"column\">\n\t\t\t<div class=\"elementor-column-wrap elementor-element-populated\">\n\t\t\t\t\t\t\t<div class=\"elementor-widget-wrap\">\n\t\t\t\t\t\t<div class=\"elementor-element elementor-element-392e39e4 elementor-widget elementor-widget-image\" data-id=\"392e39e4\" data-element_type=\"widget\" data-widget_type=\"image.default\">\n\t\t\t\t<div class=\"elementor-widget-container\">\n\t\t\t\t\t\t\t\t<div class=\"elementor-image\">\n\t\t\t\t\t\t\t\t\t\t\t\t\t<a href=\"https:\/\/gprecruitment.eu\/kontakti-polija\/\">\n\t\t\t\t\t\t\t<img loading=\"lazy\" decoding=\"async\" width=\"109\" height=\"19\" src=\"https:\/\/gprecruitment.eu\/wp-content\/uploads\/2020\/09\/bulta-1.png\" class=\"attachment-large size-large\" alt=\"\" \/>\t\t\t\t\t\t\t\t<\/a>\n\t\t\t\t\t\t\t\t\t\t\t\t\t\t<\/div>\n\t\t\t\t\t\t<\/div>\n\t\t\t\t<\/div>\n\t\t\t\t<div class=\"elementor-element elementor-element-1ed4c8f elementor-widget elementor-widget-image\" data-id=\"1ed4c8f\" data-element_type=\"widget\" data-widget_type=\"image.default\">\n\t\t\t\t<div class=\"elementor-widget-container\">\n\t\t\t\t\t\t\t\t<div class=\"elementor-image\">\n\t\t\t\t\t\t\t\t\t\t\t\t\t<a href=\"https:\/\/gprecruitment.eu\/kontakti-bulgarija\/\">\n\t\t\t\t\t\t\t<img loading=\"lazy\" decoding=\"async\" width=\"109\" height=\"19\" src=\"https:\/\/gprecruitment.eu\/wp-content\/uploads\/2020\/09\/bulta-1.png\" class=\"attachment-large size-large\" alt=\"\" \/>\t\t\t\t\t\t\t\t<\/a>\n\t\t\t\t\t\t\t\t\t\t\t\t\t\t<\/div>\n\t\t\t\t\t\t<\/div>\n\t\t\t\t<\/div>\n\t\t\t\t<div class=\"elementor-element elementor-element-641771 elementor-widget elementor-widget-image\" data-id=\"641771\" data-element_type=\"widget\" data-widget_type=\"image.default\">\n\t\t\t\t<div class=\"elementor-widget-container\">\n\t\t\t\t\t\t\t\t<div class=\"elementor-image\">\n\t\t\t\t\t\t\t\t\t\t\t\t\t<a href=\"https:\/\/gprecruitment.eu\/kontakti-rumanija\/\">\n\t\t\t\t\t\t\t<img loading=\"lazy\" decoding=\"async\" width=\"109\" height=\"19\" src=\"https:\/\/gprecruitment.eu\/wp-content\/uploads\/2020\/09\/bulta-1.png\" class=\"attachment-large size-large\" alt=\"\" \/>\t\t\t\t\t\t\t\t<\/a>\n\t\t\t\t\t\t\t\t\t\t\t\t\t\t<\/div>\n\t\t\t\t\t\t<\/div>\n\t\t\t\t<\/div>\n\t\t\t\t\t\t<\/div>\n\t\t\t\t\t<\/div>\n\t\t<\/div>\n\t\t\t\t\t\t\t\t<\/div>\n\t\t\t\t\t<\/div>\n\t\t<\/section>\n\t\t\t\t<section class=\"elementor-section elementor-top-section elementor-element elementor-element-8e865cd elementor-section-boxed elementor-section-height-default elementor-section-height-default\" data-id=\"8e865cd\" data-element_type=\"section\">\n\t\t\t\t\t\t<div class=\"elementor-container elementor-column-gap-default\">\n\t\t\t\t\t\t\t<div class=\"elementor-row\">\n\t\t\t\t\t<div class=\"elementor-column elementor-col-100 elementor-top-column elementor-element elementor-element-8e87033\" data-id=\"8e87033\" data-element_type=\"column\">\n\t\t\t<div class=\"elementor-column-wrap elementor-element-populated\">\n\t\t\t\t\t\t\t<div class=\"elementor-widget-wrap\">\n\t\t\t\t\t\t<div class=\"elementor-element elementor-element-ea6e04e elementor-widget elementor-widget-text-editor\" data-id=\"ea6e04e\" data-element_type=\"widget\" data-widget_type=\"text-editor.default\">\n\t\t\t\t<div class=\"elementor-widget-container\">\n\t\t\t\t\t\t\t\t<div class=\"elementor-text-editor elementor-clearfix\">\n\t\t\t\t<p>GP Recruitment SIA, Re\u0123. Nr. 40003707276<\/p><p>PVN Nr. LV40003707276, Swedbank LV07HABA0551008427833<\/p><p>\u00a0<\/p>\t\t\t\t\t<\/div>\n\t\t\t\t\t\t<\/div>\n\t\t\t\t<\/div>\n\t\t\t\t\t\t<\/div>\n\t\t\t\t\t<\/div>\n\t\t<\/div>\n\t\t\t\t\t\t\t\t<\/div>\n\t\t\t\t\t<\/div>\n\t\t<\/section>\n\t\t\t\t\t\t\t\t\t<\/div>\n\t\t\t<\/div>\n\t\t\t\t\t<\/div>\n\t\t","protected":false},"excerpt":{"rendered":"<p>Kontakti Latvija R\u012aGA Br\u012bv\u012bbas iela 101-1 R\u012bga, LV-1001 Latvija Mob. +371 29 155 246 Tel.&nbsp; &nbsp; +371&nbsp; 67 379 917 info@gpr.lv DAUGAVPILS R\u012bgas iela 64, 304.kab. Daugavpils, LV 5041 Latvija Mob. +371\u00a0 28 664 428 Tel.\u00a0 \u00a0 +371\u00a0 65 449 848 daugavpils@gpr.lv Darba laiks P.O.T.C\u00a0 \u00a0 \u00a0 9:00 &#8211; 16:00Pk.\u00a0 \u00a0 \u00a0 \u00a0 \u00a0 \u00a0 [&hellip;]<\/p>\n","protected":false},"author":6,"featured_media":0,"parent":0,"menu_order":0,"comment_status":"closed","ping_status":"closed","template":"","meta":{"footnotes":""},"class_list":["post-44","page","type-page","status-publish","hentry"],"yoast_head":"<!-- This site is optimized with the Yoast SEO plugin v26.4 - https:\/\/yoast.com\/wordpress\/plugins\/seo\/ -->\n<title>KONTAKTI - GP Recruitment<\/title>\n<meta name=\"robots\" content=\"index, follow, max-snippet:-1, max-image-preview:large, max-video-preview:-1\" \/>\n<link rel=\"canonical\" href=\"https:\/\/gprecruitment.eu\/lv\/kontakti\/\" \/>\n<meta property=\"og:locale\" content=\"lv_LV\" \/>\n<meta property=\"og:type\" content=\"article\" \/>\n<meta property=\"og:title\" content=\"KONTAKTI - GP Recruitment\" \/>\n<meta property=\"og:description\" content=\"Kontakti Latvija R\u012aGA Br\u012bv\u012bbas iela 101-1 R\u012bga, LV-1001 Latvija Mob. +371 29 155 246 Tel.&nbsp; &nbsp; +371&nbsp; 67 379 917 info@gpr.lv DAUGAVPILS R\u012bgas iela 64, 304.kab. Daugavpils, LV 5041 Latvija Mob. +371\u00a0 28 664 428 Tel.\u00a0 \u00a0 +371\u00a0 65 449 848 daugavpils@gpr.lv Darba laiks P.O.T.C\u00a0 \u00a0 \u00a0 9:00 &#8211; 16:00Pk.\u00a0 \u00a0 \u00a0 \u00a0 \u00a0 \u00a0 [&hellip;]\" \/>\n<meta property=\"og:url\" content=\"https:\/\/gprecruitment.eu\/lv\/kontakti\/\" \/>\n<meta property=\"og:site_name\" content=\"GP Recruitment\" \/>\n<meta property=\"article:modified_time\" content=\"2025-07-01T14:21:59+00:00\" \/>\n<meta property=\"og:image\" content=\"https:\/\/gprecruitment.eu\/wp-content\/uploads\/2020\/09\/bulta-1.png\" \/>\n<meta name=\"twitter:card\" content=\"summary_large_image\" \/>\n<meta name=\"twitter:label1\" content=\"Est. reading time\" \/>\n\t<meta name=\"twitter:data1\" content=\"1 minute\" \/>\n<script type=\"application\/ld+json\" class=\"yoast-schema-graph\">{\"@context\":\"https:\/\/schema.org\",\"@graph\":[{\"@type\":\"WebPage\",\"@id\":\"https:\/\/gprecruitment.eu\/lv\/kontakti\/\",\"url\":\"https:\/\/gprecruitment.eu\/lv\/kontakti\/\",\"name\":\"KONTAKTI - GP Recruitment\",\"isPartOf\":{\"@id\":\"https:\/\/gpr.lv\/bg\/#website\"},\"primaryImageOfPage\":{\"@id\":\"https:\/\/gprecruitment.eu\/lv\/kontakti\/#primaryimage\"},\"image\":{\"@id\":\"https:\/\/gprecruitment.eu\/lv\/kontakti\/#primaryimage\"},\"thumbnailUrl\":\"https:\/\/gprecruitment.eu\/wp-content\/uploads\/2020\/09\/bulta-1.png\",\"datePublished\":\"2020-08-29T10:20:19+00:00\",\"dateModified\":\"2025-07-01T14:21:59+00:00\",\"breadcrumb\":{\"@id\":\"https:\/\/gprecruitment.eu\/lv\/kontakti\/#breadcrumb\"},\"inLanguage\":\"lv-LV\",\"potentialAction\":[{\"@type\":\"ReadAction\",\"target\":[\"https:\/\/gprecruitment.eu\/lv\/kontakti\/\"]}]},{\"@type\":\"ImageObject\",\"inLanguage\":\"lv-LV\",\"@id\":\"https:\/\/gprecruitment.eu\/lv\/kontakti\/#primaryimage\",\"url\":\"https:\/\/gprecruitment.eu\/wp-content\/uploads\/2020\/09\/bulta-1.png\",\"contentUrl\":\"https:\/\/gprecruitment.eu\/wp-content\/uploads\/2020\/09\/bulta-1.png\"},{\"@type\":\"BreadcrumbList\",\"@id\":\"https:\/\/gprecruitment.eu\/lv\/kontakti\/#breadcrumb\",\"itemListElement\":[{\"@type\":\"ListItem\",\"position\":1,\"name\":\"Home\",\"item\":\"https:\/\/gprecruitment.eu\/lv\/\"},{\"@type\":\"ListItem\",\"position\":2,\"name\":\"KONTAKTI\"}]},{\"@type\":\"WebSite\",\"@id\":\"https:\/\/gpr.lv\/bg\/#website\",\"url\":\"https:\/\/gpr.lv\/bg\/\",\"name\":\"GP Recruitment\",\"description\":\"Find job abroad quickly\",\"publisher\":{\"@id\":\"https:\/\/gpr.lv\/bg\/#organization\"},\"potentialAction\":[{\"@type\":\"SearchAction\",\"target\":{\"@type\":\"EntryPoint\",\"urlTemplate\":\"https:\/\/gpr.lv\/bg\/?s={search_term_string}\"},\"query-input\":{\"@type\":\"PropertyValueSpecification\",\"valueRequired\":true,\"valueName\":\"search_term_string\"}}],\"inLanguage\":\"lv-LV\"},{\"@type\":\"Organization\",\"@id\":\"https:\/\/gpr.lv\/bg\/#organization\",\"name\":\"GP Recruitment\",\"url\":\"https:\/\/gpr.lv\/bg\/\",\"logo\":{\"@type\":\"ImageObject\",\"inLanguage\":\"lv-LV\",\"@id\":\"https:\/\/gpr.lv\/bg\/#\/schema\/logo\/image\/\",\"url\":\"https:\/\/gprecruitment.eu\/wp-content\/uploads\/2020\/09\/Logo_gpr.png\",\"contentUrl\":\"https:\/\/gprecruitment.eu\/wp-content\/uploads\/2020\/09\/Logo_gpr.png\",\"width\":171,\"height\":83,\"caption\":\"GP Recruitment\"},\"image\":{\"@id\":\"https:\/\/gpr.lv\/bg\/#\/schema\/logo\/image\/\"}}]}<\/script>\n<!-- \/ Yoast SEO plugin. -->","yoast_head_json":{"title":"KONTAKTI - GP Recruitment","robots":{"index":"index","follow":"follow","max-snippet":"max-snippet:-1","max-image-preview":"max-image-preview:large","max-video-preview":"max-video-preview:-1"},"canonical":"https:\/\/gprecruitment.eu\/lv\/kontakti\/","og_locale":"lv_LV","og_type":"article","og_title":"KONTAKTI - GP Recruitment","og_description":"Kontakti Latvija R\u012aGA Br\u012bv\u012bbas iela 101-1 R\u012bga, LV-1001 Latvija Mob. +371 29 155 246 Tel.&nbsp; &nbsp; +371&nbsp; 67 379 917 info@gpr.lv DAUGAVPILS R\u012bgas iela 64, 304.kab. Daugavpils, LV 5041 Latvija Mob. +371\u00a0 28 664 428 Tel.\u00a0 \u00a0 +371\u00a0 65 449 848 daugavpils@gpr.lv Darba laiks P.O.T.C\u00a0 \u00a0 \u00a0 9:00 &#8211; 16:00Pk.\u00a0 \u00a0 \u00a0 \u00a0 \u00a0 \u00a0 [&hellip;]","og_url":"https:\/\/gprecruitment.eu\/lv\/kontakti\/","og_site_name":"GP Recruitment","article_modified_time":"2025-07-01T14:21:59+00:00","og_image":[{"url":"https:\/\/gprecruitment.eu\/wp-content\/uploads\/2020\/09\/bulta-1.png","type":"","width":"","height":""}],"twitter_card":"summary_large_image","twitter_misc":{"Est. reading time":"1 minute"},"schema":{"@context":"https:\/\/schema.org","@graph":[{"@type":"WebPage","@id":"https:\/\/gprecruitment.eu\/lv\/kontakti\/","url":"https:\/\/gprecruitment.eu\/lv\/kontakti\/","name":"KONTAKTI - GP Recruitment","isPartOf":{"@id":"https:\/\/gpr.lv\/bg\/#website"},"primaryImageOfPage":{"@id":"https:\/\/gprecruitment.eu\/lv\/kontakti\/#primaryimage"},"image":{"@id":"https:\/\/gprecruitment.eu\/lv\/kontakti\/#primaryimage"},"thumbnailUrl":"https:\/\/gprecruitment.eu\/wp-content\/uploads\/2020\/09\/bulta-1.png","datePublished":"2020-08-29T10:20:19+00:00","dateModified":"2025-07-01T14:21:59+00:00","breadcrumb":{"@id":"https:\/\/gprecruitment.eu\/lv\/kontakti\/#breadcrumb"},"inLanguage":"lv-LV","potentialAction":[{"@type":"ReadAction","target":["https:\/\/gprecruitment.eu\/lv\/kontakti\/"]}]},{"@type":"ImageObject","inLanguage":"lv-LV","@id":"https:\/\/gprecruitment.eu\/lv\/kontakti\/#primaryimage","url":"https:\/\/gprecruitment.eu\/wp-content\/uploads\/2020\/09\/bulta-1.png","contentUrl":"https:\/\/gprecruitment.eu\/wp-content\/uploads\/2020\/09\/bulta-1.png"},{"@type":"BreadcrumbList","@id":"https:\/\/gprecruitment.eu\/lv\/kontakti\/#breadcrumb","itemListElement":[{"@type":"ListItem","position":1,"name":"Home","item":"https:\/\/gprecruitment.eu\/lv\/"},{"@type":"ListItem","position":2,"name":"KONTAKTI"}]},{"@type":"WebSite","@id":"https:\/\/gpr.lv\/bg\/#website","url":"https:\/\/gpr.lv\/bg\/","name":"GP Recruitment","description":"Find job abroad quickly","publisher":{"@id":"https:\/\/gpr.lv\/bg\/#organization"},"potentialAction":[{"@type":"SearchAction","target":{"@type":"EntryPoint","urlTemplate":"https:\/\/gpr.lv\/bg\/?s={search_term_string}"},"query-input":{"@type":"PropertyValueSpecification","valueRequired":true,"valueName":"search_term_string"}}],"inLanguage":"lv-LV"},{"@type":"Organization","@id":"https:\/\/gpr.lv\/bg\/#organization","name":"GP Recruitment","url":"https:\/\/gpr.lv\/bg\/","logo":{"@type":"ImageObject","inLanguage":"lv-LV","@id":"https:\/\/gpr.lv\/bg\/#\/schema\/logo\/image\/","url":"https:\/\/gprecruitment.eu\/wp-content\/uploads\/2020\/09\/Logo_gpr.png","contentUrl":"https:\/\/gprecruitment.eu\/wp-content\/uploads\/2020\/09\/Logo_gpr.png","width":171,"height":83,"caption":"GP Recruitment"},"image":{"@id":"https:\/\/gpr.lv\/bg\/#\/schema\/logo\/image\/"}}]}},"_links":{"self":[{"href":"https:\/\/gprecruitment.eu\/lv\/wp-json\/wp\/v2\/pages\/44","targetHints":{"allow":["GET"]}}],"collection":[{"href":"https:\/\/gprecruitment.eu\/lv\/wp-json\/wp\/v2\/pages"}],"about":[{"href":"https:\/\/gprecruitment.eu\/lv\/wp-json\/wp\/v2\/types\/page"}],"author":[{"embeddable":true,"href":"https:\/\/gprecruitment.eu\/lv\/wp-json\/wp\/v2\/users\/6"}],"replies":[{"embeddable":true,"href":"https:\/\/gprecruitment.eu\/lv\/wp-json\/wp\/v2\/comments?post=44"}],"version-history":[{"count":9,"href":"https:\/\/gprecruitment.eu\/lv\/wp-json\/wp\/v2\/pages\/44\/revisions"}],"predecessor-version":[{"id":5685,"href":"https:\/\/gprecruitment.eu\/lv\/wp-json\/wp\/v2\/pages\/44\/revisions\/5685"}],"wp:attachment":[{"href":"https:\/\/gprecruitment.eu\/lv\/wp-json\/wp\/v2\/media?parent=44"}],"curies":[{"name":"wp","href":"https:\/\/api.w.org\/{rel}","templated":true}]}}