{"id":627,"date":"2020-11-15T21:28:32","date_gmt":"2020-11-15T21:28:32","guid":{"rendered":"https:\/\/gprecruitment.eu\/?page_id=627"},"modified":"2022-10-27T12:36:27","modified_gmt":"2022-10-27T12:36:27","slug":"par-mums-bulgarija","status":"publish","type":"page","link":"https:\/\/gprecruitment.eu\/lv\/par-mums-bulgarija\/","title":{"rendered":"PAR MUMS  bulg\u0101rija"},"content":{"rendered":"\t\t<div data-elementor-type=\"wp-page\" data-elementor-id=\"627\" class=\"elementor elementor-627\" data-elementor-post-type=\"page\">\n\t\t\t\t\t\t<section class=\"elementor-section elementor-top-section elementor-element elementor-element-eec5237 elementor-section-boxed elementor-section-height-default elementor-section-height-default\" data-id=\"eec5237\" data-element_type=\"section\" data-e-type=\"section\">\n\t\t\t\t\t\t<div class=\"elementor-container elementor-column-gap-default\">\n\t\t\t\t\t<div class=\"elementor-column elementor-col-100 elementor-top-column elementor-element elementor-element-80f709b\" data-id=\"80f709b\" data-element_type=\"column\" data-e-type=\"column\">\n\t\t\t<div class=\"elementor-widget-wrap elementor-element-populated\">\n\t\t\t\t\t\t<div class=\"elementor-element elementor-element-c92ec14 elementor-widget elementor-widget-heading\" data-id=\"c92ec14\" data-element_type=\"widget\" data-e-type=\"widget\" data-widget_type=\"heading.default\">\n\t\t\t\t<div class=\"elementor-widget-container\">\n\t\t\t\t\t<h1 class=\"elementor-heading-title elementor-size-default\">Par mums<\/h1>\t\t\t\t<\/div>\n\t\t\t\t<\/div>\n\t\t\t\t\t<\/div>\n\t\t<\/div>\n\t\t\t\t\t<\/div>\n\t\t<\/section>\n\t\t\t\t<section class=\"elementor-section elementor-top-section elementor-element elementor-element-8ac74c8 elementor-section-boxed elementor-section-height-default elementor-section-height-default\" data-id=\"8ac74c8\" data-element_type=\"section\" data-e-type=\"section\">\n\t\t\t\t\t\t<div class=\"elementor-container elementor-column-gap-default\">\n\t\t\t\t\t<div class=\"elementor-column elementor-col-25 elementor-top-column elementor-element elementor-element-8fc940c\" data-id=\"8fc940c\" data-element_type=\"column\" data-e-type=\"column\">\n\t\t\t<div class=\"elementor-widget-wrap elementor-element-populated\">\n\t\t\t\t\t\t<div class=\"elementor-element elementor-element-691e8bd elementor-widget elementor-widget-image\" data-id=\"691e8bd\" data-element_type=\"widget\" data-e-type=\"widget\" data-widget_type=\"image.default\">\n\t\t\t\t<div class=\"elementor-widget-container\">\n\t\t\t\t\t\t\t\t\t\t\t\t\t\t\t<img fetchpriority=\"high\" decoding=\"async\" width=\"368\" height=\"367\" src=\"https:\/\/gprecruitment.eu\/wp-content\/uploads\/2021\/12\/Bulgarija.png\" class=\"attachment-large size-large wp-image-2926\" alt=\"\" srcset=\"https:\/\/gprecruitment.eu\/wp-content\/uploads\/2021\/12\/Bulgarija.png 368w, https:\/\/gprecruitment.eu\/wp-content\/uploads\/2021\/12\/Bulgarija-300x300.png 300w, https:\/\/gprecruitment.eu\/wp-content\/uploads\/2021\/12\/Bulgarija-150x150.png 150w\" sizes=\"(max-width: 368px) 100vw, 368px\" \/>\t\t\t\t\t\t\t\t\t\t\t\t\t\t\t<\/div>\n\t\t\t\t<\/div>\n\t\t\t\t\t<\/div>\n\t\t<\/div>\n\t\t\t\t<div class=\"elementor-column elementor-col-25 elementor-top-column elementor-element elementor-element-216a424\" data-id=\"216a424\" data-element_type=\"column\" data-e-type=\"column\">\n\t\t\t<div class=\"elementor-widget-wrap elementor-element-populated\">\n\t\t\t\t\t\t<div class=\"elementor-element elementor-element-4cb8a55 elementor-widget elementor-widget-image\" data-id=\"4cb8a55\" data-element_type=\"widget\" data-e-type=\"widget\" data-widget_type=\"image.default\">\n\t\t\t\t<div class=\"elementor-widget-container\">\n\t\t\t\t\t\t\t\t\t\t\t\t\t\t\t<img decoding=\"async\" width=\"479\" height=\"319\" src=\"https:\/\/gprecruitment.eu\/wp-content\/uploads\/2020\/11\/two-women-standing-beside-brown-board-on-wall-3184296.png\" class=\"attachment-large size-large wp-image-673\" alt=\"\" srcset=\"https:\/\/gprecruitment.eu\/wp-content\/uploads\/2020\/11\/two-women-standing-beside-brown-board-on-wall-3184296.png 479w, https:\/\/gprecruitment.eu\/wp-content\/uploads\/2020\/11\/two-women-standing-beside-brown-board-on-wall-3184296-300x200.png 300w\" sizes=\"(max-width: 479px) 100vw, 479px\" \/>\t\t\t\t\t\t\t\t\t\t\t\t\t\t\t<\/div>\n\t\t\t\t<\/div>\n\t\t\t\t\t<\/div>\n\t\t<\/div>\n\t\t\t\t<div class=\"elementor-column elementor-col-25 elementor-top-column elementor-element elementor-element-82ea8a5 elementor-hidden-desktop elementor-hidden-tablet elementor-hidden-mobile\" data-id=\"82ea8a5\" data-element_type=\"column\" data-e-type=\"column\">\n\t\t\t<div class=\"elementor-widget-wrap elementor-element-populated\">\n\t\t\t\t\t\t<div class=\"elementor-element elementor-element-3dc6b65 elementor-widget elementor-widget-text-editor\" data-id=\"3dc6b65\" data-element_type=\"widget\" data-e-type=\"widget\" data-widget_type=\"text-editor.default\">\n\t\t\t\t<div class=\"elementor-widget-container\">\n\t\t\t\t\t\t\t\t\t<p>BULG\u0100RIJA<\/p>\t\t\t\t\t\t\t\t<\/div>\n\t\t\t\t<\/div>\n\t\t\t\t<div class=\"elementor-element elementor-element-66f338e elementor-widget elementor-widget-text-editor\" data-id=\"66f338e\" data-element_type=\"widget\" data-e-type=\"widget\" data-widget_type=\"text-editor.default\">\n\t\t\t\t<div class=\"elementor-widget-container\">\n\t\t\t\t\t\t\t\t\t<p><a href=\"https:\/\/gprecruitment.eu\/par-mums-rumanija\/\"><span style=\"color: #d5d5d5;\">RUM\u0100NIJA<\/span><\/a><\/p>\t\t\t\t\t\t\t\t<\/div>\n\t\t\t\t<\/div>\n\t\t\t\t<div class=\"elementor-element elementor-element-f2eb5f8 elementor-widget elementor-widget-text-editor\" data-id=\"f2eb5f8\" data-element_type=\"widget\" data-e-type=\"widget\" data-widget_type=\"text-editor.default\">\n\t\t\t\t<div class=\"elementor-widget-container\">\n\t\t\t\t\t\t\t\t\t<p><a href=\"https:\/\/gprecruitment.eu\/par-mums\/\"><span style=\"color: #d5d5d5;\">LATVIJA<\/span><\/a><\/p>\t\t\t\t\t\t\t\t<\/div>\n\t\t\t\t<\/div>\n\t\t\t\t<div class=\"elementor-element elementor-element-9e1370d elementor-widget elementor-widget-text-editor\" data-id=\"9e1370d\" data-element_type=\"widget\" data-e-type=\"widget\" data-widget_type=\"text-editor.default\">\n\t\t\t\t<div class=\"elementor-widget-container\">\n\t\t\t\t\t\t\t\t\t<p><a href=\"https:\/\/gprecruitment.eu\/par-mums-polija\/\"><span style=\"color: #d5d5d5;\">POLIJA<\/span><\/a><\/p>\t\t\t\t\t\t\t\t<\/div>\n\t\t\t\t<\/div>\n\t\t\t\t\t<\/div>\n\t\t<\/div>\n\t\t\t\t<div class=\"elementor-column elementor-col-25 elementor-top-column elementor-element elementor-element-8d158ee elementor-hidden-tablet elementor-hidden-mobile elementor-hidden-desktop\" data-id=\"8d158ee\" data-element_type=\"column\" data-e-type=\"column\">\n\t\t\t<div class=\"elementor-widget-wrap elementor-element-populated\">\n\t\t\t\t\t\t<div class=\"elementor-element elementor-element-d1fe228 elementor-widget elementor-widget-image\" data-id=\"d1fe228\" data-element_type=\"widget\" data-e-type=\"widget\" data-widget_type=\"image.default\">\n\t\t\t\t<div class=\"elementor-widget-container\">\n\t\t\t\t\t\t\t\t\t\t\t\t\t\t\t\t<a href=\"https:\/\/gprecruitment.eu\/par-mums-rumanija\/\">\n\t\t\t\t\t\t\t<img decoding=\"async\" width=\"109\" height=\"19\" src=\"https:\/\/gprecruitment.eu\/wp-content\/uploads\/2020\/09\/bulta-1.png\" class=\"attachment-large size-large wp-image-208\" alt=\"\" \/>\t\t\t\t\t\t\t\t<\/a>\n\t\t\t\t\t\t\t\t\t\t\t\t\t\t\t<\/div>\n\t\t\t\t<\/div>\n\t\t\t\t<div class=\"elementor-element elementor-element-845ebfa elementor-widget elementor-widget-image\" data-id=\"845ebfa\" data-element_type=\"widget\" data-e-type=\"widget\" data-widget_type=\"image.default\">\n\t\t\t\t<div class=\"elementor-widget-container\">\n\t\t\t\t\t\t\t\t\t\t\t\t\t\t\t\t<a href=\"https:\/\/gprecruitment.eu\/par-mums\/\">\n\t\t\t\t\t\t\t<img decoding=\"async\" width=\"109\" height=\"19\" src=\"https:\/\/gprecruitment.eu\/wp-content\/uploads\/2020\/09\/bulta-1.png\" class=\"attachment-large size-large wp-image-208\" alt=\"\" \/>\t\t\t\t\t\t\t\t<\/a>\n\t\t\t\t\t\t\t\t\t\t\t\t\t\t\t<\/div>\n\t\t\t\t<\/div>\n\t\t\t\t<div class=\"elementor-element elementor-element-1612294 elementor-widget elementor-widget-image\" data-id=\"1612294\" data-element_type=\"widget\" data-e-type=\"widget\" data-widget_type=\"image.default\">\n\t\t\t\t<div class=\"elementor-widget-container\">\n\t\t\t\t\t\t\t\t\t\t\t\t\t\t\t\t<a href=\"https:\/\/gprecruitment.eu\/par-mums\/\">\n\t\t\t\t\t\t\t<img decoding=\"async\" width=\"109\" height=\"19\" src=\"https:\/\/gprecruitment.eu\/wp-content\/uploads\/2020\/09\/bulta-1.png\" class=\"attachment-large size-large wp-image-208\" alt=\"\" \/>\t\t\t\t\t\t\t\t<\/a>\n\t\t\t\t\t\t\t\t\t\t\t\t\t\t\t<\/div>\n\t\t\t\t<\/div>\n\t\t\t\t\t<\/div>\n\t\t<\/div>\n\t\t\t\t\t<\/div>\n\t\t<\/section>\n\t\t\t\t<section class=\"elementor-section elementor-top-section elementor-element elementor-element-ee77aaa elementor-section-boxed elementor-section-height-default elementor-section-height-default\" data-id=\"ee77aaa\" data-element_type=\"section\" data-e-type=\"section\">\n\t\t\t\t\t\t<div class=\"elementor-container elementor-column-gap-default\">\n\t\t\t\t\t<div class=\"elementor-column elementor-col-25 elementor-top-column elementor-element elementor-element-dca2fea\" data-id=\"dca2fea\" data-element_type=\"column\" data-e-type=\"column\">\n\t\t\t<div class=\"elementor-widget-wrap elementor-element-populated\">\n\t\t\t\t\t\t<div class=\"elementor-element elementor-element-41affd4 elementor-widget elementor-widget-text-editor\" data-id=\"41affd4\" data-element_type=\"widget\" data-e-type=\"widget\" data-widget_type=\"text-editor.default\">\n\t\t\t\t<div class=\"elementor-widget-container\">\n\t\t\t\t\t\t\t\t\t<p>10<\/p>\t\t\t\t\t\t\t\t<\/div>\n\t\t\t\t<\/div>\n\t\t\t\t<div class=\"elementor-element elementor-element-8b77062 elementor-widget elementor-widget-text-editor\" data-id=\"8b77062\" data-element_type=\"widget\" data-e-type=\"widget\" data-widget_type=\"text-editor.default\">\n\t\t\t\t<div class=\"elementor-widget-container\">\n\t\t\t\t\t\t\t\t\t<p>Gadu pieredze<\/p>\t\t\t\t\t\t\t\t<\/div>\n\t\t\t\t<\/div>\n\t\t\t\t\t<\/div>\n\t\t<\/div>\n\t\t\t\t<div class=\"elementor-column elementor-col-25 elementor-top-column elementor-element elementor-element-7933ae9\" data-id=\"7933ae9\" data-element_type=\"column\" data-e-type=\"column\">\n\t\t\t<div class=\"elementor-widget-wrap elementor-element-populated\">\n\t\t\t\t\t\t<div class=\"elementor-element elementor-element-eb81d3e elementor-widget elementor-widget-text-editor\" data-id=\"eb81d3e\" data-element_type=\"widget\" data-e-type=\"widget\" data-widget_type=\"text-editor.default\">\n\t\t\t\t<div class=\"elementor-widget-container\">\n\t\t\t\t\t\t\t\t\t<p>8514<\/p>\t\t\t\t\t\t\t\t<\/div>\n\t\t\t\t<\/div>\n\t\t\t\t<div class=\"elementor-element elementor-element-0ad7ebc elementor-widget elementor-widget-text-editor\" data-id=\"0ad7ebc\" data-element_type=\"widget\" data-e-type=\"widget\" data-widget_type=\"text-editor.default\">\n\t\t\t\t<div class=\"elementor-widget-container\">\n\t\t\t\t\t\t\t\t\t<p>Atrastas vakances<\/p>\t\t\t\t\t\t\t\t<\/div>\n\t\t\t\t<\/div>\n\t\t\t\t\t<\/div>\n\t\t<\/div>\n\t\t\t\t<div class=\"elementor-column elementor-col-25 elementor-top-column elementor-element elementor-element-68e9879\" data-id=\"68e9879\" data-element_type=\"column\" data-e-type=\"column\">\n\t\t\t<div class=\"elementor-widget-wrap elementor-element-populated\">\n\t\t\t\t\t\t<div class=\"elementor-element elementor-element-be0e725 elementor-widget elementor-widget-text-editor\" data-id=\"be0e725\" data-element_type=\"widget\" data-e-type=\"widget\" data-widget_type=\"text-editor.default\">\n\t\t\t\t<div class=\"elementor-widget-container\">\n\t\t\t\t\t\t\t\t\t<p>2586<\/p>\t\t\t\t\t\t\t\t<\/div>\n\t\t\t\t<\/div>\n\t\t\t\t<div class=\"elementor-element elementor-element-90da0cb elementor-widget elementor-widget-text-editor\" data-id=\"90da0cb\" data-element_type=\"widget\" data-e-type=\"widget\" data-widget_type=\"text-editor.default\">\n\t\t\t\t<div class=\"elementor-widget-container\">\n\t\t\t\t\t\t\t\t\t<p>Iek\u0101rtoti darb\u0101<\/p>\t\t\t\t\t\t\t\t<\/div>\n\t\t\t\t<\/div>\n\t\t\t\t\t<\/div>\n\t\t<\/div>\n\t\t\t\t<div class=\"elementor-column elementor-col-25 elementor-top-column elementor-element elementor-element-8cc4493\" data-id=\"8cc4493\" data-element_type=\"column\" data-e-type=\"column\">\n\t\t\t<div class=\"elementor-widget-wrap elementor-element-populated\">\n\t\t\t\t\t\t<div class=\"elementor-element elementor-element-09865da elementor-widget elementor-widget-text-editor\" data-id=\"09865da\" data-element_type=\"widget\" data-e-type=\"widget\" data-widget_type=\"text-editor.default\">\n\t\t\t\t<div class=\"elementor-widget-container\">\n\t\t\t\t\t\t\t\t\t<p>896<\/p>\t\t\t\t\t\t\t\t<\/div>\n\t\t\t\t<\/div>\n\t\t\t\t<div class=\"elementor-element elementor-element-3605cf5 elementor-widget elementor-widget-text-editor\" data-id=\"3605cf5\" data-element_type=\"widget\" data-e-type=\"widget\" data-widget_type=\"text-editor.default\">\n\t\t\t\t<div class=\"elementor-widget-container\">\n\t\t\t\t\t\t\t\t\t<p>Str\u0101d\u0101jo\u0161i cilv\u0113ki<\/p>\t\t\t\t\t\t\t\t<\/div>\n\t\t\t\t<\/div>\n\t\t\t\t\t<\/div>\n\t\t<\/div>\n\t\t\t\t\t<\/div>\n\t\t<\/section>\n\t\t\t\t<\/div>\n\t\t","protected":false},"excerpt":{"rendered":"<p>Par mums BULG\u0100RIJA RUM\u0100NIJA LATVIJA POLIJA 10 Gadu pieredze 8514 Atrastas vakances 2586 Iek\u0101rtoti darb\u0101 896 Str\u0101d\u0101jo\u0161i cilv\u0113ki<\/p>\n","protected":false},"author":6,"featured_media":0,"parent":0,"menu_order":0,"comment_status":"closed","ping_status":"closed","template":"","meta":{"footnotes":""},"class_list":["post-627","page","type-page","status-publish","hentry"],"yoast_head":"<!-- This site is optimized with the Yoast SEO plugin v27.4 - https:\/\/yoast.com\/product\/yoast-seo-wordpress\/ -->\n<title>PAR MUMS bulg\u0101rija - GP Recruitment<\/title>\n<meta name=\"robots\" content=\"index, follow, max-snippet:-1, max-image-preview:large, max-video-preview:-1\" \/>\n<link rel=\"canonical\" href=\"https:\/\/gprecruitment.eu\/bg\/za-nas-bulgarija\/\" \/>\n<meta property=\"og:locale\" content=\"lv_LV\" \/>\n<meta property=\"og:type\" content=\"article\" \/>\n<meta property=\"og:title\" content=\"PAR MUMS bulg\u0101rija - GP Recruitment\" \/>\n<meta property=\"og:description\" content=\"Par mums BULG\u0100RIJA RUM\u0100NIJA LATVIJA POLIJA 10 Gadu pieredze 8514 Atrastas vakances 2586 Iek\u0101rtoti darb\u0101 896 Str\u0101d\u0101jo\u0161i cilv\u0113ki\" \/>\n<meta property=\"og:url\" content=\"https:\/\/gprecruitment.eu\/bg\/za-nas-bulgarija\/\" \/>\n<meta property=\"og:site_name\" content=\"GP Recruitment\" \/>\n<meta property=\"article:modified_time\" content=\"2022-10-27T12:36:27+00:00\" \/>\n<meta property=\"og:image\" content=\"https:\/\/gprecruitment.eu\/wp-content\/uploads\/2021\/12\/Bulgarija.png\" \/>\n<meta name=\"twitter:card\" content=\"summary_large_image\" \/>\n<meta name=\"twitter:label1\" content=\"Est. reading time\" \/>\n\t<meta name=\"twitter:data1\" content=\"2 minutes\" \/>\n<script type=\"application\/ld+json\" class=\"yoast-schema-graph\">{\"@context\":\"https:\\\/\\\/schema.org\",\"@graph\":[{\"@type\":\"WebPage\",\"@id\":\"https:\\\/\\\/gprecruitment.eu\\\/bg\\\/za-nas-bulgarija\\\/\",\"url\":\"https:\\\/\\\/gprecruitment.eu\\\/bg\\\/za-nas-bulgarija\\\/\",\"name\":\"PAR MUMS bulg\u0101rija - GP Recruitment\",\"isPartOf\":{\"@id\":\"https:\\\/\\\/gpr.lv\\\/bg\\\/#website\"},\"primaryImageOfPage\":{\"@id\":\"https:\\\/\\\/gprecruitment.eu\\\/bg\\\/za-nas-bulgarija\\\/#primaryimage\"},\"image\":{\"@id\":\"https:\\\/\\\/gprecruitment.eu\\\/bg\\\/za-nas-bulgarija\\\/#primaryimage\"},\"thumbnailUrl\":\"https:\\\/\\\/gprecruitment.eu\\\/wp-content\\\/uploads\\\/2021\\\/12\\\/Bulgarija.png\",\"datePublished\":\"2020-11-15T21:28:32+00:00\",\"dateModified\":\"2022-10-27T12:36:27+00:00\",\"breadcrumb\":{\"@id\":\"https:\\\/\\\/gprecruitment.eu\\\/bg\\\/za-nas-bulgarija\\\/#breadcrumb\"},\"inLanguage\":\"lv-LV\",\"potentialAction\":[{\"@type\":\"ReadAction\",\"target\":[\"https:\\\/\\\/gprecruitment.eu\\\/bg\\\/za-nas-bulgarija\\\/\"]}]},{\"@type\":\"ImageObject\",\"inLanguage\":\"lv-LV\",\"@id\":\"https:\\\/\\\/gprecruitment.eu\\\/bg\\\/za-nas-bulgarija\\\/#primaryimage\",\"url\":\"https:\\\/\\\/gprecruitment.eu\\\/wp-content\\\/uploads\\\/2021\\\/12\\\/Bulgarija.png\",\"contentUrl\":\"https:\\\/\\\/gprecruitment.eu\\\/wp-content\\\/uploads\\\/2021\\\/12\\\/Bulgarija.png\"},{\"@type\":\"BreadcrumbList\",\"@id\":\"https:\\\/\\\/gprecruitment.eu\\\/bg\\\/za-nas-bulgarija\\\/#breadcrumb\",\"itemListElement\":[{\"@type\":\"ListItem\",\"position\":1,\"name\":\"Home\",\"item\":\"https:\\\/\\\/gprecruitment.eu\\\/lv\\\/\"},{\"@type\":\"ListItem\",\"position\":2,\"name\":\"PAR MUMS bulg\u0101rija\"}]},{\"@type\":\"WebSite\",\"@id\":\"https:\\\/\\\/gpr.lv\\\/bg\\\/#website\",\"url\":\"https:\\\/\\\/gpr.lv\\\/bg\\\/\",\"name\":\"GP Recruitment\",\"description\":\"Find job abroad quickly\",\"publisher\":{\"@id\":\"https:\\\/\\\/gpr.lv\\\/bg\\\/#organization\"},\"potentialAction\":[{\"@type\":\"SearchAction\",\"target\":{\"@type\":\"EntryPoint\",\"urlTemplate\":\"https:\\\/\\\/gpr.lv\\\/bg\\\/?s={search_term_string}\"},\"query-input\":{\"@type\":\"PropertyValueSpecification\",\"valueRequired\":true,\"valueName\":\"search_term_string\"}}],\"inLanguage\":\"lv-LV\"},{\"@type\":\"Organization\",\"@id\":\"https:\\\/\\\/gpr.lv\\\/bg\\\/#organization\",\"name\":\"GP Recruitment\",\"url\":\"https:\\\/\\\/gpr.lv\\\/bg\\\/\",\"logo\":{\"@type\":\"ImageObject\",\"inLanguage\":\"lv-LV\",\"@id\":\"https:\\\/\\\/gpr.lv\\\/bg\\\/#\\\/schema\\\/logo\\\/image\\\/\",\"url\":\"https:\\\/\\\/gprecruitment.eu\\\/wp-content\\\/uploads\\\/2020\\\/09\\\/Logo_gpr.png\",\"contentUrl\":\"https:\\\/\\\/gprecruitment.eu\\\/wp-content\\\/uploads\\\/2020\\\/09\\\/Logo_gpr.png\",\"width\":171,\"height\":83,\"caption\":\"GP Recruitment\"},\"image\":{\"@id\":\"https:\\\/\\\/gpr.lv\\\/bg\\\/#\\\/schema\\\/logo\\\/image\\\/\"}}]}<\/script>\n<!-- \/ Yoast SEO plugin. -->","yoast_head_json":{"title":"PAR MUMS bulg\u0101rija - GP Recruitment","robots":{"index":"index","follow":"follow","max-snippet":"max-snippet:-1","max-image-preview":"max-image-preview:large","max-video-preview":"max-video-preview:-1"},"canonical":"https:\/\/gprecruitment.eu\/bg\/za-nas-bulgarija\/","og_locale":"lv_LV","og_type":"article","og_title":"PAR MUMS bulg\u0101rija - GP Recruitment","og_description":"Par mums BULG\u0100RIJA RUM\u0100NIJA LATVIJA POLIJA 10 Gadu pieredze 8514 Atrastas vakances 2586 Iek\u0101rtoti darb\u0101 896 Str\u0101d\u0101jo\u0161i cilv\u0113ki","og_url":"https:\/\/gprecruitment.eu\/bg\/za-nas-bulgarija\/","og_site_name":"GP Recruitment","article_modified_time":"2022-10-27T12:36:27+00:00","og_image":[{"url":"https:\/\/gprecruitment.eu\/wp-content\/uploads\/2021\/12\/Bulgarija.png","type":"","width":"","height":""}],"twitter_card":"summary_large_image","twitter_misc":{"Est. reading time":"2 minutes"},"schema":{"@context":"https:\/\/schema.org","@graph":[{"@type":"WebPage","@id":"https:\/\/gprecruitment.eu\/bg\/za-nas-bulgarija\/","url":"https:\/\/gprecruitment.eu\/bg\/za-nas-bulgarija\/","name":"PAR MUMS bulg\u0101rija - GP Recruitment","isPartOf":{"@id":"https:\/\/gpr.lv\/bg\/#website"},"primaryImageOfPage":{"@id":"https:\/\/gprecruitment.eu\/bg\/za-nas-bulgarija\/#primaryimage"},"image":{"@id":"https:\/\/gprecruitment.eu\/bg\/za-nas-bulgarija\/#primaryimage"},"thumbnailUrl":"https:\/\/gprecruitment.eu\/wp-content\/uploads\/2021\/12\/Bulgarija.png","datePublished":"2020-11-15T21:28:32+00:00","dateModified":"2022-10-27T12:36:27+00:00","breadcrumb":{"@id":"https:\/\/gprecruitment.eu\/bg\/za-nas-bulgarija\/#breadcrumb"},"inLanguage":"lv-LV","potentialAction":[{"@type":"ReadAction","target":["https:\/\/gprecruitment.eu\/bg\/za-nas-bulgarija\/"]}]},{"@type":"ImageObject","inLanguage":"lv-LV","@id":"https:\/\/gprecruitment.eu\/bg\/za-nas-bulgarija\/#primaryimage","url":"https:\/\/gprecruitment.eu\/wp-content\/uploads\/2021\/12\/Bulgarija.png","contentUrl":"https:\/\/gprecruitment.eu\/wp-content\/uploads\/2021\/12\/Bulgarija.png"},{"@type":"BreadcrumbList","@id":"https:\/\/gprecruitment.eu\/bg\/za-nas-bulgarija\/#breadcrumb","itemListElement":[{"@type":"ListItem","position":1,"name":"Home","item":"https:\/\/gprecruitment.eu\/lv\/"},{"@type":"ListItem","position":2,"name":"PAR MUMS bulg\u0101rija"}]},{"@type":"WebSite","@id":"https:\/\/gpr.lv\/bg\/#website","url":"https:\/\/gpr.lv\/bg\/","name":"GP Recruitment","description":"Find job abroad quickly","publisher":{"@id":"https:\/\/gpr.lv\/bg\/#organization"},"potentialAction":[{"@type":"SearchAction","target":{"@type":"EntryPoint","urlTemplate":"https:\/\/gpr.lv\/bg\/?s={search_term_string}"},"query-input":{"@type":"PropertyValueSpecification","valueRequired":true,"valueName":"search_term_string"}}],"inLanguage":"lv-LV"},{"@type":"Organization","@id":"https:\/\/gpr.lv\/bg\/#organization","name":"GP Recruitment","url":"https:\/\/gpr.lv\/bg\/","logo":{"@type":"ImageObject","inLanguage":"lv-LV","@id":"https:\/\/gpr.lv\/bg\/#\/schema\/logo\/image\/","url":"https:\/\/gprecruitment.eu\/wp-content\/uploads\/2020\/09\/Logo_gpr.png","contentUrl":"https:\/\/gprecruitment.eu\/wp-content\/uploads\/2020\/09\/Logo_gpr.png","width":171,"height":83,"caption":"GP Recruitment"},"image":{"@id":"https:\/\/gpr.lv\/bg\/#\/schema\/logo\/image\/"}}]}},"_links":{"self":[{"href":"https:\/\/gprecruitment.eu\/lv\/wp-json\/wp\/v2\/pages\/627","targetHints":{"allow":["GET"]}}],"collection":[{"href":"https:\/\/gprecruitment.eu\/lv\/wp-json\/wp\/v2\/pages"}],"about":[{"href":"https:\/\/gprecruitment.eu\/lv\/wp-json\/wp\/v2\/types\/page"}],"author":[{"embeddable":true,"href":"https:\/\/gprecruitment.eu\/lv\/wp-json\/wp\/v2\/users\/6"}],"replies":[{"embeddable":true,"href":"https:\/\/gprecruitment.eu\/lv\/wp-json\/wp\/v2\/comments?post=627"}],"version-history":[{"count":6,"href":"https:\/\/gprecruitment.eu\/lv\/wp-json\/wp\/v2\/pages\/627\/revisions"}],"predecessor-version":[{"id":5315,"href":"https:\/\/gprecruitment.eu\/lv\/wp-json\/wp\/v2\/pages\/627\/revisions\/5315"}],"wp:attachment":[{"href":"https:\/\/gprecruitment.eu\/lv\/wp-json\/wp\/v2\/media?parent=627"}],"curies":[{"name":"wp","href":"https:\/\/api.w.org\/{rel}","templated":true}]}}