{"id":2705,"date":"2021-11-23T23:49:34","date_gmt":"2021-11-23T23:49:34","guid":{"rendered":"https:\/\/gprecruitment.eu\/dla-poszukujacych-pracy\/zwrot-podatku\/"},"modified":"2025-07-02T06:10:18","modified_gmt":"2025-07-02T06:10:18","slug":"zwrot-podatku","status":"publish","type":"page","link":"https:\/\/gprecruitment.eu\/pl\/dla-poszukujacych-pracy\/zwrot-podatku\/","title":{"rendered":"ZWROT PODATKU"},"content":{"rendered":"\t\t<div data-elementor-type=\"wp-page\" data-elementor-id=\"2705\" class=\"elementor elementor-2705 elementor-264\">\n\t\t\t\t\t\t<div class=\"elementor-inner\">\n\t\t\t\t<div class=\"elementor-section-wrap\">\n\t\t\t\t\t\t\t\t\t<section class=\"elementor-section elementor-top-section elementor-element elementor-element-9b39a3e elementor-section-boxed elementor-section-height-default elementor-section-height-default\" data-id=\"9b39a3e\" data-element_type=\"section\">\n\t\t\t\t\t\t<div class=\"elementor-container elementor-column-gap-default\">\n\t\t\t\t\t\t\t<div class=\"elementor-row\">\n\t\t\t\t\t<div class=\"elementor-column elementor-col-100 elementor-top-column elementor-element elementor-element-2da6675\" data-id=\"2da6675\" data-element_type=\"column\">\n\t\t\t<div class=\"elementor-column-wrap elementor-element-populated\">\n\t\t\t\t\t\t\t<div class=\"elementor-widget-wrap\">\n\t\t\t\t\t\t<div class=\"elementor-element elementor-element-0753ad6 elementor-widget elementor-widget-heading\" data-id=\"0753ad6\" data-element_type=\"widget\" data-widget_type=\"heading.default\">\n\t\t\t\t<div class=\"elementor-widget-container\">\n\t\t\t<h4 class=\"elementor-heading-title elementor-size-default\"> DLA POSZUKUJ\u0104CYCH PRACY<\/h4>\t\t<\/div>\n\t\t\t\t<\/div>\n\t\t\t\t\t\t<\/div>\n\t\t\t\t\t<\/div>\n\t\t<\/div>\n\t\t\t\t\t\t\t\t<\/div>\n\t\t\t\t\t<\/div>\n\t\t<\/section>\n\t\t\t\t<section class=\"elementor-section elementor-top-section elementor-element elementor-element-2f16740 elementor-section-boxed elementor-section-height-default elementor-section-height-default\" data-id=\"2f16740\" data-element_type=\"section\">\n\t\t\t\t\t\t<div class=\"elementor-container elementor-column-gap-default\">\n\t\t\t\t\t\t\t<div class=\"elementor-row\">\n\t\t\t\t\t<div class=\"elementor-column elementor-col-50 elementor-top-column elementor-element elementor-element-0ae5ca4\" data-id=\"0ae5ca4\" data-element_type=\"column\">\n\t\t\t<div class=\"elementor-column-wrap elementor-element-populated\">\n\t\t\t\t\t\t\t<div class=\"elementor-widget-wrap\">\n\t\t\t\t\t\t<div class=\"elementor-element elementor-element-233e175 elementor-widget elementor-widget-heading\" data-id=\"233e175\" data-element_type=\"widget\" data-widget_type=\"heading.default\">\n\t\t\t\t<div class=\"elementor-widget-container\">\n\t\t\t<h1 class=\"elementor-heading-title elementor-size-default\">Zwrot podatku<\/h1>\t\t<\/div>\n\t\t\t\t<\/div>\n\t\t\t\t\t\t<\/div>\n\t\t\t\t\t<\/div>\n\t\t<\/div>\n\t\t\t\t<div class=\"elementor-column elementor-col-50 elementor-top-column elementor-element elementor-element-440654c\" data-id=\"440654c\" data-element_type=\"column\">\n\t\t\t<div class=\"elementor-column-wrap elementor-element-populated\">\n\t\t\t\t\t\t\t<div class=\"elementor-widget-wrap\">\n\t\t\t\t\t\t<section class=\"elementor-section elementor-inner-section elementor-element elementor-element-c803f8f elementor-section-boxed elementor-section-height-default elementor-section-height-default\" data-id=\"c803f8f\" data-element_type=\"section\">\n\t\t\t\t\t\t<div class=\"elementor-container elementor-column-gap-default\">\n\t\t\t\t\t\t\t<div class=\"elementor-row\">\n\t\t\t\t\t<div class=\"elementor-column elementor-col-50 elementor-inner-column elementor-element elementor-element-6746dc5\" data-id=\"6746dc5\" data-element_type=\"column\">\n\t\t\t<div class=\"elementor-column-wrap elementor-element-populated\">\n\t\t\t\t\t\t\t<div class=\"elementor-widget-wrap\">\n\t\t\t\t\t\t<div class=\"elementor-element elementor-element-4bf77b5 elementor-widget elementor-widget-text-editor\" data-id=\"4bf77b5\" data-element_type=\"widget\" data-widget_type=\"text-editor.default\">\n\t\t\t\t<div class=\"elementor-widget-container\">\n\t\t\t\t\t\t\t\t<div class=\"elementor-text-editor elementor-clearfix\">\n\t\t\t\t<p>JAK TO DZI\u0141A\u00a0<\/p>\t\t\t\t\t<\/div>\n\t\t\t\t\t\t<\/div>\n\t\t\t\t<\/div>\n\t\t\t\t<div class=\"elementor-element elementor-element-9d1f972 elementor-widget elementor-widget-text-editor\" data-id=\"9d1f972\" data-element_type=\"widget\" data-widget_type=\"text-editor.default\">\n\t\t\t\t<div class=\"elementor-widget-container\">\n\t\t\t\t\t\t\t\t<div class=\"elementor-text-editor elementor-clearfix\">\n\t\t\t\t<p>DOBRE WIEDZIEC<\/p>\t\t\t\t\t<\/div>\n\t\t\t\t\t\t<\/div>\n\t\t\t\t<\/div>\n\t\t\t\t\t\t<\/div>\n\t\t\t\t\t<\/div>\n\t\t<\/div>\n\t\t\t\t<div class=\"elementor-column elementor-col-50 elementor-inner-column elementor-element elementor-element-830fb8d elementor-hidden-tablet elementor-hidden-phone\" data-id=\"830fb8d\" data-element_type=\"column\">\n\t\t\t<div class=\"elementor-column-wrap elementor-element-populated\">\n\t\t\t\t\t\t\t<div class=\"elementor-widget-wrap\">\n\t\t\t\t\t\t<div class=\"elementor-element elementor-element-9fee596 elementor-widget elementor-widget-image\" data-id=\"9fee596\" data-element_type=\"widget\" data-widget_type=\"image.default\">\n\t\t\t\t<div class=\"elementor-widget-container\">\n\t\t\t\t\t\t\t\t<div class=\"elementor-image\">\n\t\t\t\t\t\t\t\t\t\t\t\t\t<a href=\"https:\/\/gprecruitment.eu\/pl\/dla-poszukujacych-pracy\/jak-to-dziala\/\">\n\t\t\t\t\t\t\t<img loading=\"lazy\" decoding=\"async\" width=\"109\" height=\"19\" src=\"https:\/\/gprecruitment.eu\/wp-content\/uploads\/2020\/09\/bulta-1.png\" class=\"attachment-large size-large\" alt=\"\" \/>\t\t\t\t\t\t\t\t<\/a>\n\t\t\t\t\t\t\t\t\t\t\t\t\t\t<\/div>\n\t\t\t\t\t\t<\/div>\n\t\t\t\t<\/div>\n\t\t\t\t<div class=\"elementor-element elementor-element-460f28c elementor-widget elementor-widget-image\" data-id=\"460f28c\" data-element_type=\"widget\" data-widget_type=\"image.default\">\n\t\t\t\t<div class=\"elementor-widget-container\">\n\t\t\t\t\t\t\t\t<div class=\"elementor-image\">\n\t\t\t\t\t\t\t\t\t\t\t\t\t<a href=\"https:\/\/gprecruitment.eu\/pl\/dla-poszukujacych-pracy\/dobrze-wiedziec\/\">\n\t\t\t\t\t\t\t<img loading=\"lazy\" decoding=\"async\" width=\"109\" height=\"19\" src=\"https:\/\/gprecruitment.eu\/wp-content\/uploads\/2020\/09\/bulta-1.png\" class=\"attachment-large size-large\" alt=\"\" \/>\t\t\t\t\t\t\t\t<\/a>\n\t\t\t\t\t\t\t\t\t\t\t\t\t\t<\/div>\n\t\t\t\t\t\t<\/div>\n\t\t\t\t<\/div>\n\t\t\t\t\t\t<\/div>\n\t\t\t\t\t<\/div>\n\t\t<\/div>\n\t\t\t\t\t\t\t\t<\/div>\n\t\t\t\t\t<\/div>\n\t\t<\/section>\n\t\t\t\t\t\t<\/div>\n\t\t\t\t\t<\/div>\n\t\t<\/div>\n\t\t\t\t\t\t\t\t<\/div>\n\t\t\t\t\t<\/div>\n\t\t<\/section>\n\t\t\t\t<section class=\"elementor-section elementor-top-section elementor-element elementor-element-9a0c611 elementor-section-boxed elementor-section-height-default elementor-section-height-default\" data-id=\"9a0c611\" data-element_type=\"section\">\n\t\t\t\t\t\t<div class=\"elementor-container elementor-column-gap-default\">\n\t\t\t\t\t\t\t<div class=\"elementor-row\">\n\t\t\t\t\t<div class=\"elementor-column elementor-col-25 elementor-top-column elementor-element elementor-element-4b02c10\" data-id=\"4b02c10\" data-element_type=\"column\">\n\t\t\t<div class=\"elementor-column-wrap elementor-element-populated\">\n\t\t\t\t\t\t\t<div class=\"elementor-widget-wrap\">\n\t\t\t\t\t\t<div class=\"elementor-element elementor-element-888d953 elementor-widget elementor-widget-image\" data-id=\"888d953\" data-element_type=\"widget\" data-widget_type=\"image.default\">\n\t\t\t\t<div class=\"elementor-widget-container\">\n\t\t\t\t\t\t\t\t<div class=\"elementor-image\">\n\t\t\t\t\t\t\t\t\t\t\t\t<img loading=\"lazy\" decoding=\"async\" width=\"356\" height=\"338\" src=\"https:\/\/gprecruitment.eu\/wp-content\/uploads\/2020\/11\/Nodoklu-atgriezsana-01-1.jpg\" class=\"attachment-large size-large\" alt=\"\" srcset=\"https:\/\/gprecruitment.eu\/wp-content\/uploads\/2020\/11\/Nodoklu-atgriezsana-01-1.jpg 356w, https:\/\/gprecruitment.eu\/wp-content\/uploads\/2020\/11\/Nodoklu-atgriezsana-01-1-300x285.jpg 300w\" sizes=\"auto, (max-width: 356px) 100vw, 356px\" \/>\t\t\t\t\t\t\t\t\t\t\t\t\t\t<\/div>\n\t\t\t\t\t\t<\/div>\n\t\t\t\t<\/div>\n\t\t\t\t<div class=\"elementor-element elementor-element-9f48254 elementor-widget elementor-widget-text-editor\" data-id=\"9f48254\" data-element_type=\"widget\" data-widget_type=\"text-editor.default\">\n\t\t\t\t<div class=\"elementor-widget-container\">\n\t\t\t\t\t\t\t\t<div class=\"elementor-text-editor elementor-clearfix\">\n\t\t\t\t<p>WYPE\u0141NIJ WNIOSEK O ZWROT PODATKU<\/p>\t\t\t\t\t<\/div>\n\t\t\t\t\t\t<\/div>\n\t\t\t\t<\/div>\n\t\t\t\t\t\t<\/div>\n\t\t\t\t\t<\/div>\n\t\t<\/div>\n\t\t\t\t<div class=\"elementor-column elementor-col-25 elementor-top-column elementor-element elementor-element-4df7ad3\" data-id=\"4df7ad3\" data-element_type=\"column\">\n\t\t\t<div class=\"elementor-column-wrap elementor-element-populated\">\n\t\t\t\t\t\t\t<div class=\"elementor-widget-wrap\">\n\t\t\t\t\t\t<div class=\"elementor-element elementor-element-3ab44b9 elementor-widget elementor-widget-image\" data-id=\"3ab44b9\" data-element_type=\"widget\" data-widget_type=\"image.default\">\n\t\t\t\t<div class=\"elementor-widget-container\">\n\t\t\t\t\t\t\t\t<div class=\"elementor-image\">\n\t\t\t\t\t\t\t\t\t\t\t\t<img loading=\"lazy\" decoding=\"async\" width=\"356\" height=\"338\" src=\"https:\/\/gprecruitment.eu\/wp-content\/uploads\/2020\/11\/Nodoklu-atgriezsana-02-1.jpg\" class=\"attachment-large size-large\" alt=\"\" srcset=\"https:\/\/gprecruitment.eu\/wp-content\/uploads\/2020\/11\/Nodoklu-atgriezsana-02-1.jpg 356w, https:\/\/gprecruitment.eu\/wp-content\/uploads\/2020\/11\/Nodoklu-atgriezsana-02-1-300x285.jpg 300w\" sizes=\"auto, (max-width: 356px) 100vw, 356px\" \/>\t\t\t\t\t\t\t\t\t\t\t\t\t\t<\/div>\n\t\t\t\t\t\t<\/div>\n\t\t\t\t<\/div>\n\t\t\t\t<div class=\"elementor-element elementor-element-54bbbb3 elementor-widget elementor-widget-text-editor\" data-id=\"54bbbb3\" data-element_type=\"widget\" data-widget_type=\"text-editor.default\">\n\t\t\t\t<div class=\"elementor-widget-container\">\n\t\t\t\t\t\t\t\t<div class=\"elementor-text-editor elementor-clearfix\">\n\t\t\t\t<p>WNIOSEK PRZESY\u0141AMY DO FIRMY RT TAX<\/p>\t\t\t\t\t<\/div>\n\t\t\t\t\t\t<\/div>\n\t\t\t\t<\/div>\n\t\t\t\t\t\t<\/div>\n\t\t\t\t\t<\/div>\n\t\t<\/div>\n\t\t\t\t<div class=\"elementor-column elementor-col-25 elementor-top-column elementor-element elementor-element-a3b0a34\" data-id=\"a3b0a34\" data-element_type=\"column\">\n\t\t\t<div class=\"elementor-column-wrap elementor-element-populated\">\n\t\t\t\t\t\t\t<div class=\"elementor-widget-wrap\">\n\t\t\t\t\t\t<div class=\"elementor-element elementor-element-94e8b48 elementor-widget elementor-widget-image\" data-id=\"94e8b48\" data-element_type=\"widget\" data-widget_type=\"image.default\">\n\t\t\t\t<div class=\"elementor-widget-container\">\n\t\t\t\t\t\t\t\t<div class=\"elementor-image\">\n\t\t\t\t\t\t\t\t\t\t\t\t<img loading=\"lazy\" decoding=\"async\" width=\"356\" height=\"338\" src=\"https:\/\/gprecruitment.eu\/wp-content\/uploads\/2020\/11\/Nodoklu-atgriezsana-03-1.jpg\" class=\"attachment-large size-large\" alt=\"\" srcset=\"https:\/\/gprecruitment.eu\/wp-content\/uploads\/2020\/11\/Nodoklu-atgriezsana-03-1.jpg 356w, https:\/\/gprecruitment.eu\/wp-content\/uploads\/2020\/11\/Nodoklu-atgriezsana-03-1-300x285.jpg 300w\" sizes=\"auto, (max-width: 356px) 100vw, 356px\" \/>\t\t\t\t\t\t\t\t\t\t\t\t\t\t<\/div>\n\t\t\t\t\t\t<\/div>\n\t\t\t\t<\/div>\n\t\t\t\t<div class=\"elementor-element elementor-element-c40ed5e elementor-widget elementor-widget-text-editor\" data-id=\"c40ed5e\" data-element_type=\"widget\" data-widget_type=\"text-editor.default\">\n\t\t\t\t<div class=\"elementor-widget-container\">\n\t\t\t\t\t\t\t\t<div class=\"elementor-text-editor elementor-clearfix\">\n\t\t\t\t<p>RT TAX SK\u0141ADA WNIOSEK DO ODPOWIEDZIALNEGO URZ\u0118DU PODATKOWEGO KRAJU, KT\u00d3REGO<br \/>DOTYCZY<\/p>\t\t\t\t\t<\/div>\n\t\t\t\t\t\t<\/div>\n\t\t\t\t<\/div>\n\t\t\t\t\t\t<\/div>\n\t\t\t\t\t<\/div>\n\t\t<\/div>\n\t\t\t\t<div class=\"elementor-column elementor-col-25 elementor-top-column elementor-element elementor-element-b5cb9ab\" data-id=\"b5cb9ab\" data-element_type=\"column\">\n\t\t\t<div class=\"elementor-column-wrap elementor-element-populated\">\n\t\t\t\t\t\t\t<div class=\"elementor-widget-wrap\">\n\t\t\t\t\t\t<div class=\"elementor-element elementor-element-9ce040a elementor-widget elementor-widget-image\" data-id=\"9ce040a\" data-element_type=\"widget\" data-widget_type=\"image.default\">\n\t\t\t\t<div class=\"elementor-widget-container\">\n\t\t\t\t\t\t\t\t<div class=\"elementor-image\">\n\t\t\t\t\t\t\t\t\t\t\t\t<img loading=\"lazy\" decoding=\"async\" width=\"356\" height=\"338\" src=\"https:\/\/gprecruitment.eu\/wp-content\/uploads\/2020\/11\/Nodoklu-atgriezsana-04-1.jpg\" class=\"attachment-large size-large\" alt=\"\" srcset=\"https:\/\/gprecruitment.eu\/wp-content\/uploads\/2020\/11\/Nodoklu-atgriezsana-04-1.jpg 356w, https:\/\/gprecruitment.eu\/wp-content\/uploads\/2020\/11\/Nodoklu-atgriezsana-04-1-300x285.jpg 300w\" sizes=\"auto, (max-width: 356px) 100vw, 356px\" \/>\t\t\t\t\t\t\t\t\t\t\t\t\t\t<\/div>\n\t\t\t\t\t\t<\/div>\n\t\t\t\t<\/div>\n\t\t\t\t<div class=\"elementor-element elementor-element-48ca9f3 elementor-widget elementor-widget-text-editor\" data-id=\"48ca9f3\" data-element_type=\"widget\" data-widget_type=\"text-editor.default\">\n\t\t\t\t<div class=\"elementor-widget-container\">\n\t\t\t\t\t\t\t\t<div class=\"elementor-text-editor elementor-clearfix\">\n\t\t\t\t<p>ZWROT NADP\u0141ATY PODATK\u00d3W<\/p>\t\t\t\t\t<\/div>\n\t\t\t\t\t\t<\/div>\n\t\t\t\t<\/div>\n\t\t\t\t\t\t<\/div>\n\t\t\t\t\t<\/div>\n\t\t<\/div>\n\t\t\t\t\t\t\t\t<\/div>\n\t\t\t\t\t<\/div>\n\t\t<\/section>\n\t\t\t\t\t\t\t\t\t<\/div>\n\t\t\t<\/div>\n\t\t\t\t\t<\/div>\n\t\t","protected":false},"excerpt":{"rendered":"<p>DLA POSZUKUJ\u0104CYCH PRACY Zwrot podatku JAK TO DZI\u0141A\u00a0 DOBRE WIEDZIEC WYPE\u0141NIJ WNIOSEK O ZWROT PODATKU WNIOSEK PRZESY\u0141AMY DO FIRMY RT TAX RT TAX SK\u0141ADA WNIOSEK DO ODPOWIEDZIALNEGO URZ\u0118DU PODATKOWEGO KRAJU, KT\u00d3REGODOTYCZY ZWROT NADP\u0141ATY PODATK\u00d3W<\/p>\n","protected":false},"author":6,"featured_media":0,"parent":2683,"menu_order":1,"comment_status":"closed","ping_status":"closed","template":"elementor_header_footer","meta":{"footnotes":""},"class_list":["post-2705","page","type-page","status-publish","hentry"],"yoast_head":"<!-- This site is optimized with the Yoast SEO plugin v26.4 - https:\/\/yoast.com\/wordpress\/plugins\/seo\/ -->\n<title>ZWROT PODATKU - GP Recruitment<\/title>\n<meta name=\"robots\" content=\"index, follow, max-snippet:-1, max-image-preview:large, max-video-preview:-1\" \/>\n<link rel=\"canonical\" href=\"https:\/\/gprecruitment.eu\/pl\/dla-poszukujacych-pracy\/zwrot-podatku\/\" \/>\n<meta property=\"og:locale\" content=\"pl_PL\" \/>\n<meta property=\"og:type\" content=\"article\" \/>\n<meta property=\"og:title\" content=\"ZWROT PODATKU - GP Recruitment\" \/>\n<meta property=\"og:description\" content=\"DLA POSZUKUJ\u0104CYCH PRACY Zwrot podatku JAK TO DZI\u0141A\u00a0 DOBRE WIEDZIEC WYPE\u0141NIJ WNIOSEK O ZWROT PODATKU WNIOSEK PRZESY\u0141AMY DO FIRMY RT TAX RT TAX SK\u0141ADA WNIOSEK DO ODPOWIEDZIALNEGO URZ\u0118DU PODATKOWEGO KRAJU, KT\u00d3REGODOTYCZY ZWROT NADP\u0141ATY PODATK\u00d3W\" \/>\n<meta property=\"og:url\" content=\"https:\/\/gprecruitment.eu\/pl\/dla-poszukujacych-pracy\/zwrot-podatku\/\" \/>\n<meta property=\"og:site_name\" content=\"GP Recruitment\" \/>\n<meta property=\"article:modified_time\" content=\"2025-07-02T06:10:18+00:00\" \/>\n<meta property=\"og:image\" content=\"https:\/\/gprecruitment.eu\/wp-content\/uploads\/2020\/09\/bulta-1.png\" \/>\n<meta name=\"twitter:card\" content=\"summary_large_image\" \/>\n<meta name=\"twitter:label1\" content=\"Szacowany czas czytania\" \/>\n\t<meta name=\"twitter:data1\" content=\"2 minuty\" \/>\n<script type=\"application\/ld+json\" class=\"yoast-schema-graph\">{\"@context\":\"https:\/\/schema.org\",\"@graph\":[{\"@type\":\"WebPage\",\"@id\":\"https:\/\/gprecruitment.eu\/pl\/dla-poszukujacych-pracy\/zwrot-podatku\/\",\"url\":\"https:\/\/gprecruitment.eu\/pl\/dla-poszukujacych-pracy\/zwrot-podatku\/\",\"name\":\"ZWROT PODATKU - GP Recruitment\",\"isPartOf\":{\"@id\":\"https:\/\/gpr.lv\/bg\/#website\"},\"primaryImageOfPage\":{\"@id\":\"https:\/\/gprecruitment.eu\/pl\/dla-poszukujacych-pracy\/zwrot-podatku\/#primaryimage\"},\"image\":{\"@id\":\"https:\/\/gprecruitment.eu\/pl\/dla-poszukujacych-pracy\/zwrot-podatku\/#primaryimage\"},\"thumbnailUrl\":\"https:\/\/gprecruitment.eu\/wp-content\/uploads\/2020\/09\/bulta-1.png\",\"datePublished\":\"2021-11-23T23:49:34+00:00\",\"dateModified\":\"2025-07-02T06:10:18+00:00\",\"breadcrumb\":{\"@id\":\"https:\/\/gprecruitment.eu\/pl\/dla-poszukujacych-pracy\/zwrot-podatku\/#breadcrumb\"},\"inLanguage\":\"pl-PL\",\"potentialAction\":[{\"@type\":\"ReadAction\",\"target\":[\"https:\/\/gprecruitment.eu\/pl\/dla-poszukujacych-pracy\/zwrot-podatku\/\"]}]},{\"@type\":\"ImageObject\",\"inLanguage\":\"pl-PL\",\"@id\":\"https:\/\/gprecruitment.eu\/pl\/dla-poszukujacych-pracy\/zwrot-podatku\/#primaryimage\",\"url\":\"https:\/\/gprecruitment.eu\/wp-content\/uploads\/2020\/09\/bulta-1.png\",\"contentUrl\":\"https:\/\/gprecruitment.eu\/wp-content\/uploads\/2020\/09\/bulta-1.png\"},{\"@type\":\"BreadcrumbList\",\"@id\":\"https:\/\/gprecruitment.eu\/pl\/dla-poszukujacych-pracy\/zwrot-podatku\/#breadcrumb\",\"itemListElement\":[{\"@type\":\"ListItem\",\"position\":1,\"name\":\"Home\",\"item\":\"https:\/\/gprecruitment.eu\/pl\/\"},{\"@type\":\"ListItem\",\"position\":2,\"name\":\"DLA POSZUKUJ\u0104CYCH PRACY\",\"item\":\"https:\/\/gpr.lv\/pl\/dla-poszukujacych-pracy\/\"},{\"@type\":\"ListItem\",\"position\":3,\"name\":\"ZWROT PODATKU\"}]},{\"@type\":\"WebSite\",\"@id\":\"https:\/\/gpr.lv\/bg\/#website\",\"url\":\"https:\/\/gpr.lv\/bg\/\",\"name\":\"GP Recruitment\",\"description\":\"Find job abroad quickly\",\"publisher\":{\"@id\":\"https:\/\/gpr.lv\/bg\/#organization\"},\"potentialAction\":[{\"@type\":\"SearchAction\",\"target\":{\"@type\":\"EntryPoint\",\"urlTemplate\":\"https:\/\/gpr.lv\/bg\/?s={search_term_string}\"},\"query-input\":{\"@type\":\"PropertyValueSpecification\",\"valueRequired\":true,\"valueName\":\"search_term_string\"}}],\"inLanguage\":\"pl-PL\"},{\"@type\":\"Organization\",\"@id\":\"https:\/\/gpr.lv\/bg\/#organization\",\"name\":\"GP Recruitment\",\"url\":\"https:\/\/gpr.lv\/bg\/\",\"logo\":{\"@type\":\"ImageObject\",\"inLanguage\":\"pl-PL\",\"@id\":\"https:\/\/gpr.lv\/bg\/#\/schema\/logo\/image\/\",\"url\":\"https:\/\/gprecruitment.eu\/wp-content\/uploads\/2020\/09\/Logo_gpr.png\",\"contentUrl\":\"https:\/\/gprecruitment.eu\/wp-content\/uploads\/2020\/09\/Logo_gpr.png\",\"width\":171,\"height\":83,\"caption\":\"GP Recruitment\"},\"image\":{\"@id\":\"https:\/\/gpr.lv\/bg\/#\/schema\/logo\/image\/\"}}]}<\/script>\n<!-- \/ Yoast SEO plugin. -->","yoast_head_json":{"title":"ZWROT PODATKU - GP Recruitment","robots":{"index":"index","follow":"follow","max-snippet":"max-snippet:-1","max-image-preview":"max-image-preview:large","max-video-preview":"max-video-preview:-1"},"canonical":"https:\/\/gprecruitment.eu\/pl\/dla-poszukujacych-pracy\/zwrot-podatku\/","og_locale":"pl_PL","og_type":"article","og_title":"ZWROT PODATKU - GP Recruitment","og_description":"DLA POSZUKUJ\u0104CYCH PRACY Zwrot podatku JAK TO DZI\u0141A\u00a0 DOBRE WIEDZIEC WYPE\u0141NIJ WNIOSEK O ZWROT PODATKU WNIOSEK PRZESY\u0141AMY DO FIRMY RT TAX RT TAX SK\u0141ADA WNIOSEK DO ODPOWIEDZIALNEGO URZ\u0118DU PODATKOWEGO KRAJU, KT\u00d3REGODOTYCZY ZWROT NADP\u0141ATY PODATK\u00d3W","og_url":"https:\/\/gprecruitment.eu\/pl\/dla-poszukujacych-pracy\/zwrot-podatku\/","og_site_name":"GP Recruitment","article_modified_time":"2025-07-02T06:10:18+00:00","og_image":[{"url":"https:\/\/gprecruitment.eu\/wp-content\/uploads\/2020\/09\/bulta-1.png","type":"","width":"","height":""}],"twitter_card":"summary_large_image","twitter_misc":{"Szacowany czas czytania":"2 minuty"},"schema":{"@context":"https:\/\/schema.org","@graph":[{"@type":"WebPage","@id":"https:\/\/gprecruitment.eu\/pl\/dla-poszukujacych-pracy\/zwrot-podatku\/","url":"https:\/\/gprecruitment.eu\/pl\/dla-poszukujacych-pracy\/zwrot-podatku\/","name":"ZWROT PODATKU - GP Recruitment","isPartOf":{"@id":"https:\/\/gpr.lv\/bg\/#website"},"primaryImageOfPage":{"@id":"https:\/\/gprecruitment.eu\/pl\/dla-poszukujacych-pracy\/zwrot-podatku\/#primaryimage"},"image":{"@id":"https:\/\/gprecruitment.eu\/pl\/dla-poszukujacych-pracy\/zwrot-podatku\/#primaryimage"},"thumbnailUrl":"https:\/\/gprecruitment.eu\/wp-content\/uploads\/2020\/09\/bulta-1.png","datePublished":"2021-11-23T23:49:34+00:00","dateModified":"2025-07-02T06:10:18+00:00","breadcrumb":{"@id":"https:\/\/gprecruitment.eu\/pl\/dla-poszukujacych-pracy\/zwrot-podatku\/#breadcrumb"},"inLanguage":"pl-PL","potentialAction":[{"@type":"ReadAction","target":["https:\/\/gprecruitment.eu\/pl\/dla-poszukujacych-pracy\/zwrot-podatku\/"]}]},{"@type":"ImageObject","inLanguage":"pl-PL","@id":"https:\/\/gprecruitment.eu\/pl\/dla-poszukujacych-pracy\/zwrot-podatku\/#primaryimage","url":"https:\/\/gprecruitment.eu\/wp-content\/uploads\/2020\/09\/bulta-1.png","contentUrl":"https:\/\/gprecruitment.eu\/wp-content\/uploads\/2020\/09\/bulta-1.png"},{"@type":"BreadcrumbList","@id":"https:\/\/gprecruitment.eu\/pl\/dla-poszukujacych-pracy\/zwrot-podatku\/#breadcrumb","itemListElement":[{"@type":"ListItem","position":1,"name":"Home","item":"https:\/\/gprecruitment.eu\/pl\/"},{"@type":"ListItem","position":2,"name":"DLA POSZUKUJ\u0104CYCH PRACY","item":"https:\/\/gpr.lv\/pl\/dla-poszukujacych-pracy\/"},{"@type":"ListItem","position":3,"name":"ZWROT PODATKU"}]},{"@type":"WebSite","@id":"https:\/\/gpr.lv\/bg\/#website","url":"https:\/\/gpr.lv\/bg\/","name":"GP Recruitment","description":"Find job abroad quickly","publisher":{"@id":"https:\/\/gpr.lv\/bg\/#organization"},"potentialAction":[{"@type":"SearchAction","target":{"@type":"EntryPoint","urlTemplate":"https:\/\/gpr.lv\/bg\/?s={search_term_string}"},"query-input":{"@type":"PropertyValueSpecification","valueRequired":true,"valueName":"search_term_string"}}],"inLanguage":"pl-PL"},{"@type":"Organization","@id":"https:\/\/gpr.lv\/bg\/#organization","name":"GP Recruitment","url":"https:\/\/gpr.lv\/bg\/","logo":{"@type":"ImageObject","inLanguage":"pl-PL","@id":"https:\/\/gpr.lv\/bg\/#\/schema\/logo\/image\/","url":"https:\/\/gprecruitment.eu\/wp-content\/uploads\/2020\/09\/Logo_gpr.png","contentUrl":"https:\/\/gprecruitment.eu\/wp-content\/uploads\/2020\/09\/Logo_gpr.png","width":171,"height":83,"caption":"GP Recruitment"},"image":{"@id":"https:\/\/gpr.lv\/bg\/#\/schema\/logo\/image\/"}}]}},"_links":{"self":[{"href":"https:\/\/gprecruitment.eu\/pl\/wp-json\/wp\/v2\/pages\/2705","targetHints":{"allow":["GET"]}}],"collection":[{"href":"https:\/\/gprecruitment.eu\/pl\/wp-json\/wp\/v2\/pages"}],"about":[{"href":"https:\/\/gprecruitment.eu\/pl\/wp-json\/wp\/v2\/types\/page"}],"author":[{"embeddable":true,"href":"https:\/\/gprecruitment.eu\/pl\/wp-json\/wp\/v2\/users\/6"}],"replies":[{"embeddable":true,"href":"https:\/\/gprecruitment.eu\/pl\/wp-json\/wp\/v2\/comments?post=2705"}],"version-history":[{"count":3,"href":"https:\/\/gprecruitment.eu\/pl\/wp-json\/wp\/v2\/pages\/2705\/revisions"}],"predecessor-version":[{"id":5805,"href":"https:\/\/gprecruitment.eu\/pl\/wp-json\/wp\/v2\/pages\/2705\/revisions\/5805"}],"up":[{"embeddable":true,"href":"https:\/\/gprecruitment.eu\/pl\/wp-json\/wp\/v2\/pages\/2683"}],"wp:attachment":[{"href":"https:\/\/gprecruitment.eu\/pl\/wp-json\/wp\/v2\/media?parent=2705"}],"curies":[{"name":"wp","href":"https:\/\/api.w.org\/{rel}","templated":true}]}}