{"id":3654,"date":"2022-02-16T11:44:26","date_gmt":"2022-02-16T11:44:26","guid":{"rendered":"https:\/\/gprecruitment.eu\/praca-w-belgii\/"},"modified":"2022-02-16T12:18:39","modified_gmt":"2022-02-16T12:18:39","slug":"praca-w-belgii","status":"publish","type":"page","link":"https:\/\/gprecruitment.eu\/pl\/dla-poszukujacych-pracy\/dobrze-wiedziec\/praca-w-belgii\/","title":{"rendered":"Praca w Belgii"},"content":{"rendered":"\t\t<div data-elementor-type=\"wp-page\" data-elementor-id=\"3654\" class=\"elementor elementor-3654 elementor-3254\">\n\t\t\t\t\t\t<div class=\"elementor-inner\">\n\t\t\t\t<div class=\"elementor-section-wrap\">\n\t\t\t\t\t\t\t\t\t<section class=\"elementor-section elementor-top-section elementor-element elementor-element-527e2ee elementor-section-boxed elementor-section-height-default elementor-section-height-default\" data-id=\"527e2ee\" data-element_type=\"section\">\n\t\t\t\t\t\t<div class=\"elementor-container elementor-column-gap-default\">\n\t\t\t\t\t\t\t<div class=\"elementor-row\">\n\t\t\t\t\t<div class=\"elementor-column elementor-col-100 elementor-top-column elementor-element elementor-element-0a1c50e\" data-id=\"0a1c50e\" data-element_type=\"column\">\n\t\t\t<div class=\"elementor-column-wrap elementor-element-populated\">\n\t\t\t\t\t\t\t<div class=\"elementor-widget-wrap\">\n\t\t\t\t\t\t<div class=\"elementor-element elementor-element-ffca7bb elementor-widget elementor-widget-heading\" data-id=\"ffca7bb\" data-element_type=\"widget\" data-widget_type=\"heading.default\">\n\t\t\t\t<div class=\"elementor-widget-container\">\n\t\t\t<h1 class=\"elementor-heading-title elementor-size-default\">Praca w Belgii<\/h1>\t\t<\/div>\n\t\t\t\t<\/div>\n\t\t\t\t\t\t<\/div>\n\t\t\t\t\t<\/div>\n\t\t<\/div>\n\t\t\t\t\t\t\t\t<\/div>\n\t\t\t\t\t<\/div>\n\t\t<\/section>\n\t\t\t\t<section class=\"elementor-section elementor-top-section elementor-element elementor-element-7ca0021 elementor-section-boxed elementor-section-height-default elementor-section-height-default\" data-id=\"7ca0021\" data-element_type=\"section\">\n\t\t\t\t\t\t<div class=\"elementor-container elementor-column-gap-default\">\n\t\t\t\t\t\t\t<div class=\"elementor-row\">\n\t\t\t\t\t<div class=\"elementor-column elementor-col-100 elementor-top-column elementor-element elementor-element-a4d1f37\" data-id=\"a4d1f37\" data-element_type=\"column\">\n\t\t\t<div class=\"elementor-column-wrap elementor-element-populated\">\n\t\t\t\t\t\t\t<div class=\"elementor-widget-wrap\">\n\t\t\t\t\t\t<div class=\"elementor-element elementor-element-755c899 elementor-widget elementor-widget-text-editor\" data-id=\"755c899\" data-element_type=\"widget\" data-widget_type=\"text-editor.default\">\n\t\t\t\t<div class=\"elementor-widget-container\">\n\t\t\t\t\t\t\t\t<div class=\"elementor-text-editor elementor-clearfix\">\n\t\t\t\t<p class=\"p1\">Praca w Belgii to jeden z najpopularniejszych wybor\u00f3w w\u015br\u00f3d Polak\u00f3w szukaj\u0105cych pracy za granic\u0105. Belgia jest jednym z kraj\u00f3w za\u0142o\u017cycielskich Unii Europejskiej, oferuj\u0105cym atrakcyjne mo\u017cliwo\u015bci zatrudnienia mieszka\u0144com \u0141otwy. O wysokim standardzie \u017cycia w Belgii \u015bwiadczy \u015brednia pensja brutto w wysoko\u015bci 5113 EUR miesi\u0119cznie i 3160 EUR po opodatkowaniu. Cho\u0107 obywatele Polski nie potrzebuj\u0105 pozwolenia na prac\u0119 w Belgii, znalezienie pracy w tym kraju nie jest takie proste, gdy\u017c w Belgii dominuj\u0105 flamandzcy, francuscy i niemieccy pracownicy. Aby ubiega\u0107 si\u0119 o dobrze p\u0142atn\u0105 prac\u0119 w Belgii, potrzebujesz pomocy agencji zatrudnienia. GP Recruitment oferuje bezp\u0142atn\u0105 pomoc &#8211; zapoznaj si\u0119 z najnowszymi ofertami pracy w Belgii i zg\u0142o\u015b si\u0119 na rozmow\u0119 kwalifikacyjn\u0105!<\/p>\n<h2 class=\"p1\">DOKUMENTACJA WYMAGANA DO PRACY W BELGII<\/h2>\n<p class=\"p1\">Jak wspomniano, obywatele Polski maj\u0105 swobodny dost\u0119p do rynku pracy w Belgii \u2013 mo\u017cna przebywa\u0107 i pracowa\u0107 w kraju do 3 miesi\u0119cy bez pozwolenia na pobyt. Je\u015bli planujesz pracowa\u0107 w Belgii d\u0142u\u017cej ni\u017c 3 miesi\u0105ce, musisz uzyska\u0107 za\u015bwiadczenie o rejestracji od w\u0142adz lokalnych. Z kolei osoby nieb\u0119d\u0105ce obywatelami Polski potrzebuj\u0105 pozwolenia na pobyt z prawem do pracy. Wykwalifikowani specjali\u015bci \u2013 lekarze, naukowcy, in\u017cynierowie i specjali\u015bci od budownictwa \u2013 maj\u0105 zagwarantowan\u0105 szans\u0119 na uzyskanie tego zezwolenia.<\/p>\n<p class=\"p1\">Jak w ka\u017cdym innym kraju Unii Europejskiej, przed rozpocz\u0119ciem pracy w Belgii zaleca si\u0119 uzyskanie Europejskiej Karty Ubezpieczenia Zdrowotnego (EKUZ). W razie potrzeby EKUZ udziela w Belgii bezp\u0142atnej pomocy w nag\u0142ych wypadkach.<\/p>\n<p class=\"p1\">Podj\u0119cie pracy w Belgii wp\u0142ywa na p\u0142acenie podatk\u00f3w i wype\u0142nianie zobowi\u0105za\u0144 w Polsce, dlatego o podj\u0119ciu pracy w Belgii konieczne jest poinformowanie Pa\u0144stwowego Zak\u0142adu Ubezpiecze\u0144 Spo\u0142ecznych oraz Urz\u0119du Skarbowego. Specjali\u015bci GP Recruitment pomog\u0105 Ci r\u00f3wnie\u017c odpowiedzie\u0107 na te pytania przed rozpocz\u0119ciem pracy w Belgii.<\/p>\n<h2 class=\"p1\">REKRUTACJA W BELGII \u2013 CHARAKTERYSTYKA UM\u00d3W O PRAC\u0118<\/h2>\n<p class=\"p1\">Najprostszym sposobem na znalezienie pracy w Belgii jest skorzystanie z us\u0142ug agencji zatrudnienia, poniewa\u017c oferty pracy publikowane s\u0105 najcz\u0119\u015bciej w j\u0119zyku flamandzkim, francuskim lub niemieckim. Ponadto niezb\u0119dna jest znajomo\u015b\u0107 prawa pracy, np. w Belgii istnieje kilka rodzaj\u00f3w um\u00f3w o prac\u0119, kt\u00f3re pozwalaj\u0105 na elastyczne dopasowanie do interes\u00f3w zar\u00f3wno pracodawcy, jak i pracownika. Mo\u017cliwe jest zawarcie umowy o prac\u0119 na czas nieokre\u015blony, o prac\u0119 na czas okre\u015blony lub na okre\u015blony czas pracy. Specyficzne niuanse dotycz\u0105 r\u00f3wnie\u017c um\u00f3w o prac\u0119 ze studentami, freelancerami, pokoj\u00f3wkami i przedstawicielami handlowymi. Ponadto pracodawcy w Belgii nie mog\u0105 nak\u0142ada\u0107 na pracownik\u00f3w okresu pr\u00f3bnego, chyba \u017ce umowa o prac\u0119 jest zawarta ze studentem.<\/p>\n<h2 class=\"p1\">NAJBARDZIEJ OKRE\u015aLONE SEKTORY W BELGII<\/h2>\n<p class=\"p1\">W przesz\u0142o\u015bci Belgia charakteryzowa\u0142a si\u0119 wysoko rozwini\u0119tym przemys\u0142em ci\u0119\u017ckim \u2013 produkcj\u0105 stali i wydobyciem w\u0119gla \u2013 ale zgodnie ze \u015bwiatowymi trendami rozwin\u0119\u0142a r\u00f3wnie\u017c produkcj\u0119 chemikali\u00f3w, sody i nawoz\u00f3w oraz urz\u0105dze\u0144 elektrycznych. Jednak dwie trzecie belgijskiej si\u0142y roboczej pracuje r\u00f3wnie\u017c w sektorze us\u0142ug: bankowo\u015bci, administracji, edukacji, handlu i marketingu.<\/p>\n<h2 class=\"p1\">PRACA W BELGII DLA WYSOKO WYKWALIFIKOWANYCH SPECJALIST\u00d3W<\/h2>\n<p class=\"p1\">Belgia ma du\u017ce zapotrzebowanie na wysoko wykwalifikowanych pracownik\u00f3w w r\u00f3\u017cnych sektorach: budownictwie, edukacji, us\u0142ugach socjalnych, logistyce transportu i finansach. Pomimo niskiego bezrobocia, istnieje du\u017cy niedob\u00f3r si\u0142y roboczej i zapotrzebowanie na in\u017cynier\u00f3w, przemys\u0142 i specjalist\u00f3w IT. Wi\u0119kszo\u015b\u0107 z tych wakat\u00f3w jest rekrutowana na sta\u0142e.<\/p>\n<h2 class=\"p1\">PRACA TYMCZASOWA PRZY ZWIERZ\u0104TACH, OGRODNICTWIE, GOSPODARSTWACH, PRZETW\u00d3RSTWIE \u017bYWNO\u015aCI<\/h2>\n<p class=\"p1\">GP Recruitment regularnie zbiera sezonowe oferty pracy w rolnictwie w Belgii &#8211; w gospodarstwach rolnych, w szklarniach, w pakowniach spo\u017cywczych i w terenie. W sezonie letnim oferty pracy s\u0105 powszechne w ogrodnictwie, zarz\u0105dzaniu parkami miejskimi, zbieraniu jag\u00f3d, konserwacji p\u00f3l golfowych, wsparciu budowy dr\u00f3g i wielu innych dziedzinach. Aby aplikowa\u0107 na te wakaty, wa\u017cna jest podstawowa znajomo\u015b\u0107 j\u0119zyka angielskiego.<\/p>\n<h2 class=\"p1\">MIESZKANIE I PRACA W BELGII &#8211; WYNAGRODZENIE I WARUNKI \u017bYCIA<\/h2>\n<p class=\"p1\">Koszty \u017cycia w Belgii s\u0105 jednymi z najwy\u017cszych w Unii Europejskiej. Wygodne miejsce do \u017cycia w Belgii mo\u017cna znale\u017a\u0107 ju\u017c od 500 EUR miesi\u0119cznie, podczas gdy \u015brednia pensja brutto wynosi 5113 EUR miesi\u0119cznie. Znalezienie mieszkania w du\u017cych miastach mo\u017ce potrwa\u0107 d\u0142u\u017cej, wi\u0119c musisz rozpocz\u0105\u0107 poszukiwania w odpowiednim czasie.<\/p>\n<p class=\"p1\">Chocia\u017c Belgia jest dziesi\u0119\u0107 razy mniejsza ni\u017c Polska, jest domem dla trzech r\u00f3\u017cnych kultur z r\u00f3\u017cnymi j\u0119zykami. Po\u0142udniow\u0105 cz\u0119\u015b\u0107 kraju zamieszkuj\u0105 francuskoj\u0119zyczni Walonowie, na p\u00f3\u0142nocy Brukseli dominuje j\u0119zyk flamandzki, a na wschodzie j\u0119zyk niemiecki. Belgia ma najg\u0119stsz\u0105 sie\u0107 dr\u00f3g w Europie, a tak\u017ce kr\u00f3tkie odleg\u0142o\u015bci mi\u0119dzy miastami i wa\u017cnymi miejscami. Oznacza to, \u017ce mo\u017cesz pozna\u0107 belgijsk\u0105 Bruksel\u0119, stolic\u0119 secesji, staro\u017cytn\u0105, wype\u0142nion\u0105 aur\u0105 i spokojn\u0105 Brugi\u0119, nocne \u017cycie Antwerpii i studenck\u0105 Gandaw\u0119.<\/p>\n<p class=\"p1\">Klimat w Belgii mo\u017cna por\u00f3wna\u0107 do s\u0142ynnego klimatu brytyjskiego z ciep\u0142ymi zimami i \u0142agodnymi latami bez rekord\u00f3w upa\u0142\u00f3w. Pogoda jest cz\u0119sto pochmurna i deszczowa (ale mniej deszczowa ni\u017c na Wyspach Brytyjskich). Belgia s\u0142ynie z r\u00f3\u017cnorodnej kuchni i wyj\u0105tkowych potraw, takich jak ma\u0142\u017ce, konchy, ma\u0142\u017ce z ziemniakami, \u015bwie\u017ce w\u0119gorze i sa\u0142atka z cykorii. Belgi\u0119 najbardziej charakteryzuj\u0105 przysmaki czekoladowe i bogaty wyb\u00f3r piw, kt\u00f3re s\u0105 r\u00f3wnie\u017c szeroko reprezentowane w polskich sklepach.<\/p>\n<h2 class=\"p1\">PRACA W BELGII Z GP RECRUITMENT<\/h2>\n<p class=\"p1\">Ubiegaj\u0105c si\u0119 o prac\u0119 w Belgii Z GP Recruitment, b\u0119dziesz m\u00f3g\u0142 wybra\u0107 najbardziej odpowiedni\u0105 prac\u0119 z naszej obszernej listy wolnych miejsc, a tak\u017ce otrzyma\u0107 pomoc w znalezieniu domu i za\u0142atwieniu dokument\u00f3w. Na naszej li\u015bcie wakat\u00f3w znajdziesz oferty pracy tylko od rzetelnych i wst\u0119pnie zweryfikowanych pracodawc\u00f3w, kt\u00f3rzy zapewniaj\u0105 gwarantowane godziny pracy. Nie musisz p\u0142aci\u0107 z g\u00f3ry, aby znale\u017a\u0107 prac\u0119 w Belgii &#8211; zatrudnienie w GP Recruitment jest bezp\u0142atne!<\/p>\n\t\t\t\t\t<\/div>\n\t\t\t\t\t\t<\/div>\n\t\t\t\t<\/div>\n\t\t\t\t\t\t<\/div>\n\t\t\t\t\t<\/div>\n\t\t<\/div>\n\t\t\t\t\t\t\t\t<\/div>\n\t\t\t\t\t<\/div>\n\t\t<\/section>\n\t\t\t\t\t\t\t\t\t<\/div>\n\t\t\t<\/div>\n\t\t\t\t\t<\/div>\n\t\t","protected":false},"excerpt":{"rendered":"<p>Praca w Belgii Praca w Belgii to jeden z najpopularniejszych wybor\u00f3w w\u015br\u00f3d Polak\u00f3w szukaj\u0105cych pracy za granic\u0105. Belgia jest jednym z kraj\u00f3w za\u0142o\u017cycielskich Unii Europejskiej, oferuj\u0105cym atrakcyjne mo\u017cliwo\u015bci zatrudnienia mieszka\u0144com \u0141otwy. O wysokim standardzie \u017cycia w Belgii \u015bwiadczy \u015brednia pensja brutto w wysoko\u015bci 5113 EUR miesi\u0119cznie i 3160 EUR po opodatkowaniu. Cho\u0107 obywatele Polski nie [&hellip;]<\/p>\n","protected":false},"author":6,"featured_media":0,"parent":3664,"menu_order":0,"comment_status":"closed","ping_status":"closed","template":"","meta":{"footnotes":""},"class_list":["post-3654","page","type-page","status-publish","hentry"],"yoast_head":"<!-- This site is optimized with the Yoast SEO plugin v26.4 - https:\/\/yoast.com\/wordpress\/plugins\/seo\/ -->\n<title>Praca w Belgii - Wakaty i porady | GP Recruitment<\/title>\n<meta name=\"description\" content=\"Chcesz pracowa\u0107 w Belgii? Zobacz oferty pracy w r\u00f3\u017cnych bran\u017cach! Znajd\u017a praktyczne wskaz\u00f3wki dotycz\u0105ce pracy i \u017cycia w Belgii! Pracujemy za darmo.\" \/>\n<meta name=\"robots\" content=\"index, follow, max-snippet:-1, max-image-preview:large, max-video-preview:-1\" \/>\n<link rel=\"canonical\" href=\"https:\/\/gpr.lv\/pl\/dla-poszukujacych-pracy\/dobrze-wiedziec\/praca-w-belgii\/\" \/>\n<meta property=\"og:locale\" content=\"pl_PL\" \/>\n<meta property=\"og:type\" content=\"article\" \/>\n<meta property=\"og:title\" content=\"Praca w Belgii - Wakaty i porady | GP Recruitment\" \/>\n<meta property=\"og:description\" content=\"Chcesz pracowa\u0107 w Belgii? Zobacz oferty pracy w r\u00f3\u017cnych bran\u017cach! Znajd\u017a praktyczne wskaz\u00f3wki dotycz\u0105ce pracy i \u017cycia w Belgii! Pracujemy za darmo.\" \/>\n<meta property=\"og:url\" content=\"https:\/\/gpr.lv\/pl\/dla-poszukujacych-pracy\/dobrze-wiedziec\/praca-w-belgii\/\" \/>\n<meta property=\"og:site_name\" content=\"GP Recruitment\" \/>\n<meta property=\"article:modified_time\" content=\"2022-02-16T12:18:39+00:00\" \/>\n<meta name=\"twitter:card\" content=\"summary_large_image\" \/>\n<meta name=\"twitter:label1\" content=\"Szacowany czas czytania\" \/>\n\t<meta name=\"twitter:data1\" content=\"5 minut\" \/>\n<script type=\"application\/ld+json\" class=\"yoast-schema-graph\">{\"@context\":\"https:\/\/schema.org\",\"@graph\":[{\"@type\":\"WebPage\",\"@id\":\"https:\/\/gpr.lv\/pl\/dla-poszukujacych-pracy\/dobrze-wiedziec\/praca-w-belgii\/\",\"url\":\"https:\/\/gpr.lv\/pl\/dla-poszukujacych-pracy\/dobrze-wiedziec\/praca-w-belgii\/\",\"name\":\"Praca w Belgii - Wakaty i porady | GP Recruitment\",\"isPartOf\":{\"@id\":\"https:\/\/gpr.lv\/bg\/#website\"},\"datePublished\":\"2022-02-16T11:44:26+00:00\",\"dateModified\":\"2022-02-16T12:18:39+00:00\",\"description\":\"Chcesz pracowa\u0107 w Belgii? Zobacz oferty pracy w r\u00f3\u017cnych bran\u017cach! Znajd\u017a praktyczne wskaz\u00f3wki dotycz\u0105ce pracy i \u017cycia w Belgii! Pracujemy za darmo.\",\"breadcrumb\":{\"@id\":\"https:\/\/gpr.lv\/pl\/dla-poszukujacych-pracy\/dobrze-wiedziec\/praca-w-belgii\/#breadcrumb\"},\"inLanguage\":\"pl-PL\",\"potentialAction\":[{\"@type\":\"ReadAction\",\"target\":[\"https:\/\/gpr.lv\/pl\/dla-poszukujacych-pracy\/dobrze-wiedziec\/praca-w-belgii\/\"]}]},{\"@type\":\"BreadcrumbList\",\"@id\":\"https:\/\/gpr.lv\/pl\/dla-poszukujacych-pracy\/dobrze-wiedziec\/praca-w-belgii\/#breadcrumb\",\"itemListElement\":[{\"@type\":\"ListItem\",\"position\":1,\"name\":\"Home\",\"item\":\"https:\/\/gprecruitment.eu\/pl\/\"},{\"@type\":\"ListItem\",\"position\":2,\"name\":\"DLA POSZUKUJ\u0104CYCH PRACY\",\"item\":\"https:\/\/gpr.lv\/pl\/dla-poszukujacych-pracy\/\"},{\"@type\":\"ListItem\",\"position\":3,\"name\":\"DOBRZE WIEDZIE\u0106\",\"item\":\"https:\/\/gpr.lv\/pl\/dla-poszukujacych-pracy\/dobrze-wiedziec\/\"},{\"@type\":\"ListItem\",\"position\":4,\"name\":\"Praca w Belgii\"}]},{\"@type\":\"WebSite\",\"@id\":\"https:\/\/gpr.lv\/bg\/#website\",\"url\":\"https:\/\/gpr.lv\/bg\/\",\"name\":\"GP Recruitment\",\"description\":\"Find job abroad quickly\",\"publisher\":{\"@id\":\"https:\/\/gpr.lv\/bg\/#organization\"},\"potentialAction\":[{\"@type\":\"SearchAction\",\"target\":{\"@type\":\"EntryPoint\",\"urlTemplate\":\"https:\/\/gpr.lv\/bg\/?s={search_term_string}\"},\"query-input\":{\"@type\":\"PropertyValueSpecification\",\"valueRequired\":true,\"valueName\":\"search_term_string\"}}],\"inLanguage\":\"pl-PL\"},{\"@type\":\"Organization\",\"@id\":\"https:\/\/gpr.lv\/bg\/#organization\",\"name\":\"GP Recruitment\",\"url\":\"https:\/\/gpr.lv\/bg\/\",\"logo\":{\"@type\":\"ImageObject\",\"inLanguage\":\"pl-PL\",\"@id\":\"https:\/\/gpr.lv\/bg\/#\/schema\/logo\/image\/\",\"url\":\"https:\/\/gprecruitment.eu\/wp-content\/uploads\/2020\/09\/Logo_gpr.png\",\"contentUrl\":\"https:\/\/gprecruitment.eu\/wp-content\/uploads\/2020\/09\/Logo_gpr.png\",\"width\":171,\"height\":83,\"caption\":\"GP Recruitment\"},\"image\":{\"@id\":\"https:\/\/gpr.lv\/bg\/#\/schema\/logo\/image\/\"}}]}<\/script>\n<!-- \/ Yoast SEO plugin. -->","yoast_head_json":{"title":"Praca w Belgii - Wakaty i porady | GP Recruitment","description":"Chcesz pracowa\u0107 w Belgii? Zobacz oferty pracy w r\u00f3\u017cnych bran\u017cach! Znajd\u017a praktyczne wskaz\u00f3wki dotycz\u0105ce pracy i \u017cycia w Belgii! Pracujemy za darmo.","robots":{"index":"index","follow":"follow","max-snippet":"max-snippet:-1","max-image-preview":"max-image-preview:large","max-video-preview":"max-video-preview:-1"},"canonical":"https:\/\/gpr.lv\/pl\/dla-poszukujacych-pracy\/dobrze-wiedziec\/praca-w-belgii\/","og_locale":"pl_PL","og_type":"article","og_title":"Praca w Belgii - Wakaty i porady | GP Recruitment","og_description":"Chcesz pracowa\u0107 w Belgii? Zobacz oferty pracy w r\u00f3\u017cnych bran\u017cach! Znajd\u017a praktyczne wskaz\u00f3wki dotycz\u0105ce pracy i \u017cycia w Belgii! Pracujemy za darmo.","og_url":"https:\/\/gpr.lv\/pl\/dla-poszukujacych-pracy\/dobrze-wiedziec\/praca-w-belgii\/","og_site_name":"GP Recruitment","article_modified_time":"2022-02-16T12:18:39+00:00","twitter_card":"summary_large_image","twitter_misc":{"Szacowany czas czytania":"5 minut"},"schema":{"@context":"https:\/\/schema.org","@graph":[{"@type":"WebPage","@id":"https:\/\/gpr.lv\/pl\/dla-poszukujacych-pracy\/dobrze-wiedziec\/praca-w-belgii\/","url":"https:\/\/gpr.lv\/pl\/dla-poszukujacych-pracy\/dobrze-wiedziec\/praca-w-belgii\/","name":"Praca w Belgii - Wakaty i porady | GP Recruitment","isPartOf":{"@id":"https:\/\/gpr.lv\/bg\/#website"},"datePublished":"2022-02-16T11:44:26+00:00","dateModified":"2022-02-16T12:18:39+00:00","description":"Chcesz pracowa\u0107 w Belgii? Zobacz oferty pracy w r\u00f3\u017cnych bran\u017cach! Znajd\u017a praktyczne wskaz\u00f3wki dotycz\u0105ce pracy i \u017cycia w Belgii! Pracujemy za darmo.","breadcrumb":{"@id":"https:\/\/gpr.lv\/pl\/dla-poszukujacych-pracy\/dobrze-wiedziec\/praca-w-belgii\/#breadcrumb"},"inLanguage":"pl-PL","potentialAction":[{"@type":"ReadAction","target":["https:\/\/gpr.lv\/pl\/dla-poszukujacych-pracy\/dobrze-wiedziec\/praca-w-belgii\/"]}]},{"@type":"BreadcrumbList","@id":"https:\/\/gpr.lv\/pl\/dla-poszukujacych-pracy\/dobrze-wiedziec\/praca-w-belgii\/#breadcrumb","itemListElement":[{"@type":"ListItem","position":1,"name":"Home","item":"https:\/\/gprecruitment.eu\/pl\/"},{"@type":"ListItem","position":2,"name":"DLA POSZUKUJ\u0104CYCH PRACY","item":"https:\/\/gpr.lv\/pl\/dla-poszukujacych-pracy\/"},{"@type":"ListItem","position":3,"name":"DOBRZE WIEDZIE\u0106","item":"https:\/\/gpr.lv\/pl\/dla-poszukujacych-pracy\/dobrze-wiedziec\/"},{"@type":"ListItem","position":4,"name":"Praca w Belgii"}]},{"@type":"WebSite","@id":"https:\/\/gpr.lv\/bg\/#website","url":"https:\/\/gpr.lv\/bg\/","name":"GP Recruitment","description":"Find job abroad quickly","publisher":{"@id":"https:\/\/gpr.lv\/bg\/#organization"},"potentialAction":[{"@type":"SearchAction","target":{"@type":"EntryPoint","urlTemplate":"https:\/\/gpr.lv\/bg\/?s={search_term_string}"},"query-input":{"@type":"PropertyValueSpecification","valueRequired":true,"valueName":"search_term_string"}}],"inLanguage":"pl-PL"},{"@type":"Organization","@id":"https:\/\/gpr.lv\/bg\/#organization","name":"GP Recruitment","url":"https:\/\/gpr.lv\/bg\/","logo":{"@type":"ImageObject","inLanguage":"pl-PL","@id":"https:\/\/gpr.lv\/bg\/#\/schema\/logo\/image\/","url":"https:\/\/gprecruitment.eu\/wp-content\/uploads\/2020\/09\/Logo_gpr.png","contentUrl":"https:\/\/gprecruitment.eu\/wp-content\/uploads\/2020\/09\/Logo_gpr.png","width":171,"height":83,"caption":"GP Recruitment"},"image":{"@id":"https:\/\/gpr.lv\/bg\/#\/schema\/logo\/image\/"}}]}},"_links":{"self":[{"href":"https:\/\/gprecruitment.eu\/pl\/wp-json\/wp\/v2\/pages\/3654","targetHints":{"allow":["GET"]}}],"collection":[{"href":"https:\/\/gprecruitment.eu\/pl\/wp-json\/wp\/v2\/pages"}],"about":[{"href":"https:\/\/gprecruitment.eu\/pl\/wp-json\/wp\/v2\/types\/page"}],"author":[{"embeddable":true,"href":"https:\/\/gprecruitment.eu\/pl\/wp-json\/wp\/v2\/users\/6"}],"replies":[{"embeddable":true,"href":"https:\/\/gprecruitment.eu\/pl\/wp-json\/wp\/v2\/comments?post=3654"}],"version-history":[{"count":0,"href":"https:\/\/gprecruitment.eu\/pl\/wp-json\/wp\/v2\/pages\/3654\/revisions"}],"up":[{"embeddable":true,"href":"https:\/\/gprecruitment.eu\/pl\/wp-json\/wp\/v2\/pages\/3664"}],"wp:attachment":[{"href":"https:\/\/gprecruitment.eu\/pl\/wp-json\/wp\/v2\/media?parent=3654"}],"curies":[{"name":"wp","href":"https:\/\/api.w.org\/{rel}","templated":true}]}}