{"id":3658,"date":"2022-02-16T11:46:58","date_gmt":"2022-02-16T11:46:58","guid":{"rendered":"https:\/\/gprecruitment.eu\/praca-w-islandii\/"},"modified":"2022-02-16T12:18:52","modified_gmt":"2022-02-16T12:18:52","slug":"praca-w-islandii","status":"publish","type":"page","link":"https:\/\/gprecruitment.eu\/pl\/dla-poszukujacych-pracy\/dobrze-wiedziec\/praca-w-islandii\/","title":{"rendered":"Praca w Islandii"},"content":{"rendered":"\t\t<div data-elementor-type=\"wp-page\" data-elementor-id=\"3658\" class=\"elementor elementor-3658 elementor-3245\">\n\t\t\t\t\t\t<div class=\"elementor-inner\">\n\t\t\t\t<div class=\"elementor-section-wrap\">\n\t\t\t\t\t\t\t\t\t<section class=\"elementor-section elementor-top-section elementor-element elementor-element-af0b52a elementor-section-boxed elementor-section-height-default elementor-section-height-default\" data-id=\"af0b52a\" data-element_type=\"section\">\n\t\t\t\t\t\t<div class=\"elementor-container elementor-column-gap-default\">\n\t\t\t\t\t\t\t<div class=\"elementor-row\">\n\t\t\t\t\t<div class=\"elementor-column elementor-col-100 elementor-top-column elementor-element elementor-element-3f70c86\" data-id=\"3f70c86\" data-element_type=\"column\">\n\t\t\t<div class=\"elementor-column-wrap elementor-element-populated\">\n\t\t\t\t\t\t\t<div class=\"elementor-widget-wrap\">\n\t\t\t\t\t\t<div class=\"elementor-element elementor-element-70fac79 elementor-widget elementor-widget-heading\" data-id=\"70fac79\" data-element_type=\"widget\" data-widget_type=\"heading.default\">\n\t\t\t\t<div class=\"elementor-widget-container\">\n\t\t\t<h1 class=\"elementor-heading-title elementor-size-default\">Praca w Islandii<\/h1>\t\t<\/div>\n\t\t\t\t<\/div>\n\t\t\t\t\t\t<\/div>\n\t\t\t\t\t<\/div>\n\t\t<\/div>\n\t\t\t\t\t\t\t\t<\/div>\n\t\t\t\t\t<\/div>\n\t\t<\/section>\n\t\t\t\t<section class=\"elementor-section elementor-top-section elementor-element elementor-element-9d5f194 elementor-section-boxed elementor-section-height-default elementor-section-height-default\" data-id=\"9d5f194\" data-element_type=\"section\">\n\t\t\t\t\t\t<div class=\"elementor-container elementor-column-gap-default\">\n\t\t\t\t\t\t\t<div class=\"elementor-row\">\n\t\t\t\t\t<div class=\"elementor-column elementor-col-100 elementor-top-column elementor-element elementor-element-f1c24f4\" data-id=\"f1c24f4\" data-element_type=\"column\">\n\t\t\t<div class=\"elementor-column-wrap elementor-element-populated\">\n\t\t\t\t\t\t\t<div class=\"elementor-widget-wrap\">\n\t\t\t\t\t\t<div class=\"elementor-element elementor-element-81dccf7 elementor-widget elementor-widget-text-editor\" data-id=\"81dccf7\" data-element_type=\"widget\" data-widget_type=\"text-editor.default\">\n\t\t\t\t<div class=\"elementor-widget-container\">\n\t\t\t\t\t\t\t\t<div class=\"elementor-text-editor elementor-clearfix\">\n\t\t\t\t<p class=\"p1\">Praca na Islandii to niepowtarzalna okazja nie tylko do zarobienia pieni\u0119dzy, ale tak\u017ce poznania jednego z najbardziej egzotycznych miejsc na \u015bwiecie z gejzerami, fiordami i lodowcami. Islandia znajduje si\u0119 w pierwszej pi\u0119tnastce najbogatszych kraj\u00f3w \u015bwiata z nowoczesn\u0105 gospodark\u0105, tani\u0105 energi\u0105 elektryczn\u0105 oraz szklarniami i bananowcami w szklarniach. Islandia ma jedn\u0105 z najni\u017cszych st\u00f3p bezrobocia w Europie, tj. &#8211; 2,5%, ale starzenie si\u0119 spo\u0142ecze\u0144stwa stwarza rosn\u0105ce zapotrzebowanie na pracownik\u00f3w z zagranicy.<\/p>\n<p class=\"p1\">Co wa\u017cne, do stolicy Islandii Reykjaviku mo\u017cna przylecie\u0107 bezpo\u015brednim lotem z Polski. Reykjavik jest domem dla jednej trzeciej ludno\u015bci Islandii i wi\u0119kszo\u015b\u0107 wolnych miejsc pracy jest tam r\u00f3wnie\u017c dost\u0119pna. Je\u015bli jeste\u015b zainteresowany prac\u0105 na Islandii, sprawd\u017a wszystkie nasze aktualne oferty pracy w tym kraju!<\/p>\n<h2 class=\"p1\">DOKUMENTY WYMAGANE DO PRACY W ISLANDII<\/h2>\n<p class=\"p1\">Poniewa\u017c Islandia znajduje si\u0119 w Europejskim Obszarze Gospodarczym, obywatele Polski nie potrzebuj\u0105 pozwolenia na prac\u0119 w Islandii \u2013 dow\u00f3d osobisty lub paszport b\u0119dzie dowodem prawa do pracy w Islandii. Z kolei osoby nieb\u0119d\u0105ce obywatelami Polski musz\u0105 uzyska\u0107 pozwolenie na prac\u0119. Je\u015bli chcesz pracowa\u0107 w Islandii d\u0142u\u017cej ni\u017c 3 miesi\u0105ce, musisz zarejestrowa\u0107 sw\u00f3j pobyt w Krajowym Rejestrze i uzyska\u0107 pozwolenie na pobyt z Islandzkiego Urz\u0119du Imigracyjnego.<\/p>\n<p class=\"p1\">Pracuj\u0105c na Islandii b\u0119dziesz musia\u0142 p\u0142aci\u0107 podatki na rzecz pa\u0144stwa, gminy i funduszu emerytalnego. Aby Tw\u00f3j pracodawca m\u00f3g\u0142 dokona\u0107 niezb\u0119dnych p\u0142atno\u015bci podatkowych z Twojego wynagrodzenia, musisz wype\u0142ni\u0107 kart\u0119 podatkow\u0105. Aby go uzyska\u0107, musisz najpierw uzyska\u0107 osobisty numer identyfikacyjny, zalogowa\u0107 si\u0119 do Krajowego Rejestru i zarejestrowa\u0107 sw\u00f3j pobyt po przyje\u017adzie na Islandi\u0119.<\/p>\n<p class=\"p1\">Dla zdrowia i bezpiecze\u0144stwa zalecamy sporz\u0105dzenie bezp\u0142atnej Europejskiej Karty Ubezpieczenia Zdrowotnego (EKUZ). Dzi\u0119ki temu w razie potrzeby otrzymasz bezp\u0142atn\u0105 pomoc w nag\u0142ych wypadkach na Islandii.<\/p>\n<h2 class=\"p1\">ZATRUDNIENIE W ISLANDII<\/h2>\n<p class=\"p1\">\u0141atwiej jest znale\u017a\u0107 prac\u0119 na Islandii z pomoc\u0105 agencji pracy tymczasowej, poniewa\u017c wi\u0119kszo\u015b\u0107 og\u0142osze\u0144 jest w j\u0119zyku islandzkim, a znalezienie pracy na miejscu mo\u017ce by\u0107 czasoch\u0142onne i kosztowne. W procesie pracy po\u017c\u0105dana b\u0119dzie znajomo\u015b\u0107 j\u0119zyka angielskiego, kt\u00f3ry jest akceptowalny dla du\u017cej cz\u0119\u015bci ludno\u015bci Islandii. GP Recruitment wsp\u00f3\u0142pracuje bezpo\u015brednio z r\u00f3\u017cnymi islandzkimi firmami, kt\u00f3re regularnie oferuj\u0105 nowe oferty pracy, dlatego prosimy o zapoznanie si\u0119 z nasz\u0105 list\u0105 wolnych miejsc pracy. Wachlarz ofert pracy obejmuje oferty pracy w r\u00f3\u017cnych bran\u017cach. Wolne stanowiska w budownictwie, rolnictwie, energetyce i us\u0142ugach konserwacyjnych s\u0105 najcz\u0119\u015bciej dost\u0119pne na Islandii zar\u00f3wno dla wykwalifikowanych specjalist\u00f3w, jak i os\u00f3b z mniejszym do\u015bwiadczeniem zawodowym.<\/p>\n<h2 class=\"p1\">OFERTY BUDOWLANE W ISLANDII<\/h2>\n<p class=\"p1\">W budownictwie, przemy\u015ble technicznym i drogownictwie na Islandii zwykle poszukuje si\u0119 wykwalifikowanych specjalist\u00f3w z do\u015bwiadczeniem zawodowym. Te prace s\u0105 w wi\u0119kszo\u015bci oferowane na d\u0142u\u017csz\u0105 met\u0119, podczas gdy w niekt\u00f3rych miejscach pracownicy s\u0105 potrzebni na okre\u015blony czas. Poniewa\u017c zimy na Islandii s\u0105 ostrzejsze ni\u017c w Polsce, prace na zewn\u0105trz (takie jak budowa dr\u00f3g, brukowanie lub krycie dach\u00f3w) s\u0105 silnie sezonowe, od wiosny do pierwszego jesiennego \u015bniegu. Nale\u017cy wspomnie\u0107 o najbardziej specyficznych geograficznie stanowiskach pracy w elektrowniach geotermalnych i hydroelektrowniach na Islandii. Szukaj\u0105 specjalist\u00f3w, takich jak mechanicy, spawacze, elektrycy, kt\u00f3rzy mog\u0105 potrzebowa\u0107 uzyska\u0107 islandzkie kwalifikacje, w czym zwykle pomaga pracodawca.<\/p>\n<h2 class=\"p1\">PRACA W ISLANDII LATEM W TURYSTYCE<\/h2>\n<p class=\"p1\">Dzi\u0119ki d\u0142ugim letnim dniom na Islandii, kiedy s\u0142o\u0144ce \u015bwieci prawie 21 godzin dziennie, istnieje wiele mo\u017cliwo\u015bci pracy w okresie letnim. Je\u015bli dobrze pos\u0142ugujesz si\u0119 j\u0119zykiem angielskim, latem b\u0119dziesz mia\u0142 \u0142atwy dost\u0119p do tymczasowych stanowisk, np. w restauracjach, barach i hotelach. Wraz ze wzrostem liczby podr\u00f3\u017cy i potrzeb zwi\u0105zanych ze wzrostem turystyki w Islandii wzrasta r\u00f3wnie\u017c zapotrzebowanie na pracownik\u00f3w w sektorze turystycznym.<\/p>\n<h2 class=\"p1\">PRACA W ISLANDII NA FARMACH I W SZKLARNIACH<\/h2>\n<p class=\"p1\">Jako alternatywne do\u015bwiadczenie mo\u017cesz wybra\u0107 prac\u0119 na farmach owiec, koni i byd\u0142a lub w szklarniach dla pomidor\u00f3w, banan\u00f3w, winogron i innych upraw. M\u0142odzi ludzie z minimalnym do\u015bwiadczeniem w odpowiednich dziedzinach maj\u0105 du\u017ce szanse na znalezienie pracy w ogrodnictwie i hodowli zwierz\u0105t.<\/p>\n<p class=\"p1\">Cho\u0107 brzmi to nietypowo, rolnictwo przemys\u0142owe jest jednym z dominuj\u0105cych obszar\u00f3w gospodarki Islandii, dzi\u0119ki \u017ar\u00f3d\u0142om geotermalnym, kt\u00f3re pozwalaj\u0105 szklarniom dzia\u0142a\u0107 w 100% nawet w mro\u017ane zimy.<\/p>\n<h2 class=\"p1\">WYNAGRODZENIE I WARUNKI \u017bYCIA W ISLANDII<\/h2>\n<p class=\"p1\">Poziom koszt\u00f3w na Islandii charakteryzuje si\u0119 tym, \u017ce koszt wynajmu dwupokojowego mieszkania w Reykjaviku to \u015brednio 1500 EUR miesi\u0119cznie. Z kolei wysoko\u015b\u0107 wynagrodzenia po opodatkowaniu na stanowiskach oferowanych przez GP Recruitment wynosi \u015brednio 2500-3000 EUR miesi\u0119cznie, na niekt\u00f3rych stanowiskach pensja si\u0119ga 4000 EUR miesi\u0119cznie. Je\u015bli chodzi o znalezienie domu, wielu naszych wsp\u00f3\u0142pracownik\u00f3w na Islandii oferuje zarezerwowane zakwaterowanie za dobr\u0105 op\u0142at\u0105, op\u0142acan\u0105 z pensji. Islandia jest zdecydowanie w\u0142a\u015bciwym miejscem do oszcz\u0119dzania, je\u015bli jeste\u015b ostro\u017cny w codziennych wydatkach.<\/p>\n<p class=\"p1\">Klasyczny tydzie\u0144 pracy na Islandii to 40 godzin. Z drugiej strony, nadgodziny s\u0105 p\u0142acone prawie dwukrotnie. W ci\u0105gu roku pracownicy maj\u0105 prawo do 24 dni wolnych od pracy oraz 13 dni ustawowo wolnych od pracy.<\/p>\n<p class=\"p1\">Islandzka kultura charakteryzuje si\u0119 po\u0142\u0105czeniem nowoczesnej kultury miejskiej i staro\u017cytnego stylu \u017cycia Saga. Rosn\u0105ca energia morska i wiatrowa wok\u00f3\u0142 wyspy pomog\u0142a Islandczykom utrzyma\u0107 si\u0142\u0119 woli i up\u00f3r Wiking\u00f3w. Wi\u0119kszo\u015b\u0107 Islandczyk\u00f3w dobrze w\u0142ada j\u0119zykiem angielskim, wi\u0119c nie musisz uczy\u0107 si\u0119 j\u0119zyka islandzkiego, aby pracowa\u0107 i mieszka\u0107 na Islandii.<\/p>\n<h2 class=\"p1\">PRACA W ISLANDII Z GP RECRUITMENT<\/h2>\n<p class=\"p1\">Dla obywateli Polski rozpocz\u0119cie \u017cycia na Islandii wymaga znacznie mniej formalno\u015bci ni\u017c dla os\u00f3b poszukuj\u0105cych pracy z kraj\u00f3w spoza Europejskiego Obszaru Gospodarczego. Ubiegaj\u0105c si\u0119 o prac\u0119 w Islandii z GP Recruitment, otrzymasz pomoc zar\u00f3wno w znalezieniu domu, jak i za\u0142atwieniu dokumentacji (co w du\u017cej mierze mo\u017cna zrobi\u0107 drog\u0105 elektroniczn\u0105). Oferujemy wakaty tylko od sprawdzonych pracodawc\u00f3w z gwarantowanymi godzinami pracy. Wa\u017cna informacja \u2013 nie pobieramy op\u0142aty ani prowizji za zatrudnienie.<\/p>\n\t\t\t\t\t<\/div>\n\t\t\t\t\t\t<\/div>\n\t\t\t\t<\/div>\n\t\t\t\t\t\t<\/div>\n\t\t\t\t\t<\/div>\n\t\t<\/div>\n\t\t\t\t\t\t\t\t<\/div>\n\t\t\t\t\t<\/div>\n\t\t<\/section>\n\t\t\t\t\t\t\t\t\t<\/div>\n\t\t\t<\/div>\n\t\t\t\t\t<\/div>\n\t\t","protected":false},"excerpt":{"rendered":"<p>Praca w Islandii Praca na Islandii to niepowtarzalna okazja nie tylko do zarobienia pieni\u0119dzy, ale tak\u017ce poznania jednego z najbardziej egzotycznych miejsc na \u015bwiecie z gejzerami, fiordami i lodowcami. Islandia znajduje si\u0119 w pierwszej pi\u0119tnastce najbogatszych kraj\u00f3w \u015bwiata z nowoczesn\u0105 gospodark\u0105, tani\u0105 energi\u0105 elektryczn\u0105 oraz szklarniami i bananowcami w szklarniach. Islandia ma jedn\u0105 z najni\u017cszych [&hellip;]<\/p>\n","protected":false},"author":6,"featured_media":0,"parent":3664,"menu_order":0,"comment_status":"closed","ping_status":"closed","template":"","meta":{"footnotes":""},"class_list":["post-3658","page","type-page","status-publish","hentry"],"yoast_head":"<!-- This site is optimized with the Yoast SEO plugin v26.4 - https:\/\/yoast.com\/wordpress\/plugins\/seo\/ -->\n<title>Praca w Islandii - Wakaty i porady | GP Recruitment<\/title>\n<meta name=\"description\" content=\"Chcesz pracowa\u0107 na Islandii? Zobacz aktualne oferty pracy w budownictwie i stolarstwie, a tak\u017ce poznaj najwa\u017cniejsze informacje o ofertach pracy i \u017cyciu na Islandii!\" \/>\n<meta name=\"robots\" content=\"index, follow, max-snippet:-1, max-image-preview:large, max-video-preview:-1\" \/>\n<link rel=\"canonical\" href=\"https:\/\/gpr.lv\/pl\/dla-poszukujacych-pracy\/dobrze-wiedziec\/praca-w-islandii\/\" \/>\n<meta property=\"og:locale\" content=\"pl_PL\" \/>\n<meta property=\"og:type\" content=\"article\" \/>\n<meta property=\"og:title\" content=\"Praca w Islandii - Wakaty i porady | GP Recruitment\" \/>\n<meta property=\"og:description\" content=\"Chcesz pracowa\u0107 na Islandii? Zobacz aktualne oferty pracy w budownictwie i stolarstwie, a tak\u017ce poznaj najwa\u017cniejsze informacje o ofertach pracy i \u017cyciu na Islandii!\" \/>\n<meta property=\"og:url\" content=\"https:\/\/gpr.lv\/pl\/dla-poszukujacych-pracy\/dobrze-wiedziec\/praca-w-islandii\/\" \/>\n<meta property=\"og:site_name\" content=\"GP Recruitment\" \/>\n<meta property=\"article:modified_time\" content=\"2022-02-16T12:18:52+00:00\" \/>\n<meta name=\"twitter:card\" content=\"summary_large_image\" \/>\n<meta name=\"twitter:label1\" content=\"Szacowany czas czytania\" \/>\n\t<meta name=\"twitter:data1\" content=\"5 minut\" \/>\n<script type=\"application\/ld+json\" class=\"yoast-schema-graph\">{\"@context\":\"https:\/\/schema.org\",\"@graph\":[{\"@type\":\"WebPage\",\"@id\":\"https:\/\/gpr.lv\/pl\/dla-poszukujacych-pracy\/dobrze-wiedziec\/praca-w-islandii\/\",\"url\":\"https:\/\/gpr.lv\/pl\/dla-poszukujacych-pracy\/dobrze-wiedziec\/praca-w-islandii\/\",\"name\":\"Praca w Islandii - Wakaty i porady | GP Recruitment\",\"isPartOf\":{\"@id\":\"https:\/\/gpr.lv\/bg\/#website\"},\"datePublished\":\"2022-02-16T11:46:58+00:00\",\"dateModified\":\"2022-02-16T12:18:52+00:00\",\"description\":\"Chcesz pracowa\u0107 na Islandii? Zobacz aktualne oferty pracy w budownictwie i stolarstwie, a tak\u017ce poznaj najwa\u017cniejsze informacje o ofertach pracy i \u017cyciu na Islandii!\",\"breadcrumb\":{\"@id\":\"https:\/\/gpr.lv\/pl\/dla-poszukujacych-pracy\/dobrze-wiedziec\/praca-w-islandii\/#breadcrumb\"},\"inLanguage\":\"pl-PL\",\"potentialAction\":[{\"@type\":\"ReadAction\",\"target\":[\"https:\/\/gpr.lv\/pl\/dla-poszukujacych-pracy\/dobrze-wiedziec\/praca-w-islandii\/\"]}]},{\"@type\":\"BreadcrumbList\",\"@id\":\"https:\/\/gpr.lv\/pl\/dla-poszukujacych-pracy\/dobrze-wiedziec\/praca-w-islandii\/#breadcrumb\",\"itemListElement\":[{\"@type\":\"ListItem\",\"position\":1,\"name\":\"Home\",\"item\":\"https:\/\/gprecruitment.eu\/pl\/\"},{\"@type\":\"ListItem\",\"position\":2,\"name\":\"DLA POSZUKUJ\u0104CYCH PRACY\",\"item\":\"https:\/\/gpr.lv\/pl\/dla-poszukujacych-pracy\/\"},{\"@type\":\"ListItem\",\"position\":3,\"name\":\"DOBRZE WIEDZIE\u0106\",\"item\":\"https:\/\/gpr.lv\/pl\/dla-poszukujacych-pracy\/dobrze-wiedziec\/\"},{\"@type\":\"ListItem\",\"position\":4,\"name\":\"Praca w Islandii\"}]},{\"@type\":\"WebSite\",\"@id\":\"https:\/\/gpr.lv\/bg\/#website\",\"url\":\"https:\/\/gpr.lv\/bg\/\",\"name\":\"GP Recruitment\",\"description\":\"Find job abroad quickly\",\"publisher\":{\"@id\":\"https:\/\/gpr.lv\/bg\/#organization\"},\"potentialAction\":[{\"@type\":\"SearchAction\",\"target\":{\"@type\":\"EntryPoint\",\"urlTemplate\":\"https:\/\/gpr.lv\/bg\/?s={search_term_string}\"},\"query-input\":{\"@type\":\"PropertyValueSpecification\",\"valueRequired\":true,\"valueName\":\"search_term_string\"}}],\"inLanguage\":\"pl-PL\"},{\"@type\":\"Organization\",\"@id\":\"https:\/\/gpr.lv\/bg\/#organization\",\"name\":\"GP Recruitment\",\"url\":\"https:\/\/gpr.lv\/bg\/\",\"logo\":{\"@type\":\"ImageObject\",\"inLanguage\":\"pl-PL\",\"@id\":\"https:\/\/gpr.lv\/bg\/#\/schema\/logo\/image\/\",\"url\":\"https:\/\/gprecruitment.eu\/wp-content\/uploads\/2020\/09\/Logo_gpr.png\",\"contentUrl\":\"https:\/\/gprecruitment.eu\/wp-content\/uploads\/2020\/09\/Logo_gpr.png\",\"width\":171,\"height\":83,\"caption\":\"GP Recruitment\"},\"image\":{\"@id\":\"https:\/\/gpr.lv\/bg\/#\/schema\/logo\/image\/\"}}]}<\/script>\n<!-- \/ Yoast SEO plugin. -->","yoast_head_json":{"title":"Praca w Islandii - Wakaty i porady | GP Recruitment","description":"Chcesz pracowa\u0107 na Islandii? Zobacz aktualne oferty pracy w budownictwie i stolarstwie, a tak\u017ce poznaj najwa\u017cniejsze informacje o ofertach pracy i \u017cyciu na Islandii!","robots":{"index":"index","follow":"follow","max-snippet":"max-snippet:-1","max-image-preview":"max-image-preview:large","max-video-preview":"max-video-preview:-1"},"canonical":"https:\/\/gpr.lv\/pl\/dla-poszukujacych-pracy\/dobrze-wiedziec\/praca-w-islandii\/","og_locale":"pl_PL","og_type":"article","og_title":"Praca w Islandii - Wakaty i porady | GP Recruitment","og_description":"Chcesz pracowa\u0107 na Islandii? Zobacz aktualne oferty pracy w budownictwie i stolarstwie, a tak\u017ce poznaj najwa\u017cniejsze informacje o ofertach pracy i \u017cyciu na Islandii!","og_url":"https:\/\/gpr.lv\/pl\/dla-poszukujacych-pracy\/dobrze-wiedziec\/praca-w-islandii\/","og_site_name":"GP Recruitment","article_modified_time":"2022-02-16T12:18:52+00:00","twitter_card":"summary_large_image","twitter_misc":{"Szacowany czas czytania":"5 minut"},"schema":{"@context":"https:\/\/schema.org","@graph":[{"@type":"WebPage","@id":"https:\/\/gpr.lv\/pl\/dla-poszukujacych-pracy\/dobrze-wiedziec\/praca-w-islandii\/","url":"https:\/\/gpr.lv\/pl\/dla-poszukujacych-pracy\/dobrze-wiedziec\/praca-w-islandii\/","name":"Praca w Islandii - Wakaty i porady | GP Recruitment","isPartOf":{"@id":"https:\/\/gpr.lv\/bg\/#website"},"datePublished":"2022-02-16T11:46:58+00:00","dateModified":"2022-02-16T12:18:52+00:00","description":"Chcesz pracowa\u0107 na Islandii? Zobacz aktualne oferty pracy w budownictwie i stolarstwie, a tak\u017ce poznaj najwa\u017cniejsze informacje o ofertach pracy i \u017cyciu na Islandii!","breadcrumb":{"@id":"https:\/\/gpr.lv\/pl\/dla-poszukujacych-pracy\/dobrze-wiedziec\/praca-w-islandii\/#breadcrumb"},"inLanguage":"pl-PL","potentialAction":[{"@type":"ReadAction","target":["https:\/\/gpr.lv\/pl\/dla-poszukujacych-pracy\/dobrze-wiedziec\/praca-w-islandii\/"]}]},{"@type":"BreadcrumbList","@id":"https:\/\/gpr.lv\/pl\/dla-poszukujacych-pracy\/dobrze-wiedziec\/praca-w-islandii\/#breadcrumb","itemListElement":[{"@type":"ListItem","position":1,"name":"Home","item":"https:\/\/gprecruitment.eu\/pl\/"},{"@type":"ListItem","position":2,"name":"DLA POSZUKUJ\u0104CYCH PRACY","item":"https:\/\/gpr.lv\/pl\/dla-poszukujacych-pracy\/"},{"@type":"ListItem","position":3,"name":"DOBRZE WIEDZIE\u0106","item":"https:\/\/gpr.lv\/pl\/dla-poszukujacych-pracy\/dobrze-wiedziec\/"},{"@type":"ListItem","position":4,"name":"Praca w Islandii"}]},{"@type":"WebSite","@id":"https:\/\/gpr.lv\/bg\/#website","url":"https:\/\/gpr.lv\/bg\/","name":"GP Recruitment","description":"Find job abroad quickly","publisher":{"@id":"https:\/\/gpr.lv\/bg\/#organization"},"potentialAction":[{"@type":"SearchAction","target":{"@type":"EntryPoint","urlTemplate":"https:\/\/gpr.lv\/bg\/?s={search_term_string}"},"query-input":{"@type":"PropertyValueSpecification","valueRequired":true,"valueName":"search_term_string"}}],"inLanguage":"pl-PL"},{"@type":"Organization","@id":"https:\/\/gpr.lv\/bg\/#organization","name":"GP Recruitment","url":"https:\/\/gpr.lv\/bg\/","logo":{"@type":"ImageObject","inLanguage":"pl-PL","@id":"https:\/\/gpr.lv\/bg\/#\/schema\/logo\/image\/","url":"https:\/\/gprecruitment.eu\/wp-content\/uploads\/2020\/09\/Logo_gpr.png","contentUrl":"https:\/\/gprecruitment.eu\/wp-content\/uploads\/2020\/09\/Logo_gpr.png","width":171,"height":83,"caption":"GP Recruitment"},"image":{"@id":"https:\/\/gpr.lv\/bg\/#\/schema\/logo\/image\/"}}]}},"_links":{"self":[{"href":"https:\/\/gprecruitment.eu\/pl\/wp-json\/wp\/v2\/pages\/3658","targetHints":{"allow":["GET"]}}],"collection":[{"href":"https:\/\/gprecruitment.eu\/pl\/wp-json\/wp\/v2\/pages"}],"about":[{"href":"https:\/\/gprecruitment.eu\/pl\/wp-json\/wp\/v2\/types\/page"}],"author":[{"embeddable":true,"href":"https:\/\/gprecruitment.eu\/pl\/wp-json\/wp\/v2\/users\/6"}],"replies":[{"embeddable":true,"href":"https:\/\/gprecruitment.eu\/pl\/wp-json\/wp\/v2\/comments?post=3658"}],"version-history":[{"count":0,"href":"https:\/\/gprecruitment.eu\/pl\/wp-json\/wp\/v2\/pages\/3658\/revisions"}],"up":[{"embeddable":true,"href":"https:\/\/gprecruitment.eu\/pl\/wp-json\/wp\/v2\/pages\/3664"}],"wp:attachment":[{"href":"https:\/\/gprecruitment.eu\/pl\/wp-json\/wp\/v2\/media?parent=3658"}],"curies":[{"name":"wp","href":"https:\/\/api.w.org\/{rel}","templated":true}]}}