{"id":3660,"date":"2022-02-16T12:13:48","date_gmt":"2022-02-16T12:13:48","guid":{"rendered":"https:\/\/gprecruitment.eu\/praca-w-holandii\/"},"modified":"2022-02-16T12:18:47","modified_gmt":"2022-02-16T12:18:47","slug":"praca-w-holandii","status":"publish","type":"page","link":"https:\/\/gprecruitment.eu\/pl\/dla-poszukujacych-pracy\/dobrze-wiedziec\/praca-w-holandii\/","title":{"rendered":"Praca w Holandii"},"content":{"rendered":"\t\t<div data-elementor-type=\"wp-page\" data-elementor-id=\"3660\" class=\"elementor elementor-3660 elementor-3255\">\n\t\t\t\t\t\t<div class=\"elementor-inner\">\n\t\t\t\t<div class=\"elementor-section-wrap\">\n\t\t\t\t\t\t\t\t\t<section class=\"elementor-section elementor-top-section elementor-element elementor-element-a71c692 elementor-section-boxed elementor-section-height-default elementor-section-height-default\" data-id=\"a71c692\" data-element_type=\"section\">\n\t\t\t\t\t\t<div class=\"elementor-container elementor-column-gap-default\">\n\t\t\t\t\t\t\t<div class=\"elementor-row\">\n\t\t\t\t\t<div class=\"elementor-column elementor-col-100 elementor-top-column elementor-element elementor-element-9abd5b0\" data-id=\"9abd5b0\" data-element_type=\"column\">\n\t\t\t<div class=\"elementor-column-wrap elementor-element-populated\">\n\t\t\t\t\t\t\t<div class=\"elementor-widget-wrap\">\n\t\t\t\t\t\t<div class=\"elementor-element elementor-element-de939fa elementor-widget elementor-widget-heading\" data-id=\"de939fa\" data-element_type=\"widget\" data-widget_type=\"heading.default\">\n\t\t\t\t<div class=\"elementor-widget-container\">\n\t\t\t<h1 class=\"elementor-heading-title elementor-size-default\">Praca w Holandii<\/h1>\t\t<\/div>\n\t\t\t\t<\/div>\n\t\t\t\t\t\t<\/div>\n\t\t\t\t\t<\/div>\n\t\t<\/div>\n\t\t\t\t\t\t\t\t<\/div>\n\t\t\t\t\t<\/div>\n\t\t<\/section>\n\t\t\t\t<section class=\"elementor-section elementor-top-section elementor-element elementor-element-1a7e1f1 elementor-section-boxed elementor-section-height-default elementor-section-height-default\" data-id=\"1a7e1f1\" data-element_type=\"section\">\n\t\t\t\t\t\t<div class=\"elementor-container elementor-column-gap-default\">\n\t\t\t\t\t\t\t<div class=\"elementor-row\">\n\t\t\t\t\t<div class=\"elementor-column elementor-col-100 elementor-top-column elementor-element elementor-element-3de4be0\" data-id=\"3de4be0\" data-element_type=\"column\">\n\t\t\t<div class=\"elementor-column-wrap elementor-element-populated\">\n\t\t\t\t\t\t\t<div class=\"elementor-widget-wrap\">\n\t\t\t\t\t\t<div class=\"elementor-element elementor-element-b0a9e51 elementor-widget elementor-widget-text-editor\" data-id=\"b0a9e51\" data-element_type=\"widget\" data-widget_type=\"text-editor.default\">\n\t\t\t\t<div class=\"elementor-widget-container\">\n\t\t\t\t\t\t\t\t<div class=\"elementor-text-editor elementor-clearfix\">\n\t\t\t\t<p class=\"p1\">Dla wielu os\u00f3b, kt\u00f3re chc\u0105 pracowa\u0107 za granic\u0105, praca w Holandii wydaje si\u0119 jedn\u0105 z najbardziej atrakcyjnych mo\u017cliwo\u015bci. Wynika to zar\u00f3wno z wysokiego standardu \u017cycia ludno\u015bci, jak i bardzo szerokiego wyboru wakat\u00f3w, z mo\u017cliwo\u015bci\u0105 znalezienia pracy w r\u00f3\u017cnych dziedzinach przez obcokrajowc\u00f3w. Ponadto wi\u0119kszo\u015b\u0107 populacji dobrze w\u0142ada j\u0119zykiem angielskim, co znacznie \u0142agodzi barier\u0119 j\u0119zykow\u0105, a nawet ca\u0142kowicie j\u0105 usuwa. Je\u015bli jeste\u015b r\u00f3wnie\u017c zainteresowany prac\u0105 w Holandii, znajdziesz tutaj wszystkie dost\u0119pne oferty pracy, a tak\u017ce inne cenne wskaz\u00f3wki dla os\u00f3b poszukuj\u0105cych pracy!<\/p>\n<h2 class=\"p1\">DOKUMENTACJA WYMAGANA DO PRACY W HOLANDII<\/h2>\n<p class=\"p1\">Dla wi\u0119kszo\u015bci os\u00f3b poszukuj\u0105cych pracy z Polski podj\u0119cie pracy w Holandii jest znacznie \u0142atwiejsze, poniewa\u017c nie wszyscy obywatele pa\u0144stw cz\u0142onkowskich Unii Europejskiej potrzebuj\u0105 pozwolenia na pobyt lub prac\u0119 na prac\u0119 w tym kraju. Nie jest r\u00f3wnie\u017c konieczne rejestrowanie si\u0119 w holenderskim urz\u0119dzie ds. imigracji i naturalizacji po przyje\u017adzie do kraju &#8211; paszport lub dow\u00f3d osobisty jest wystarczaj\u0105cym dowodem prawa do pracy w tym kraju. Jednak ka\u017cda osoba mieszkaj\u0105ca lub pracuj\u0105ca w Holandii musi mie\u0107 wykupion\u0105 obowi\u0105zkow\u0105 polis\u0119 ubezpieczenia zdrowotnego w ci\u0105gu pierwszych czterech miesi\u0119cy od przyjazdu. Ponadto, je\u015bli planujesz pozosta\u0107 w kraju d\u0142u\u017cej ni\u017c cztery miesi\u0105ce, musisz zarejestrowa\u0107 si\u0119 w lokalnym urz\u0119dzie, aby otrzyma\u0107 holenderski osobisty numer identyfikacyjny.<\/p>\n<h2 class=\"p1\">ZATRUDNIENIE W HOLANDII<\/h2>\n<p class=\"p1\">Oferta wakat\u00f3w oferowanych przez GP Recruitment obejmuje oferty pracy w r\u00f3\u017cnych bran\u017cach oraz dla pracownik\u00f3w o bardzo r\u00f3\u017cnym poziomie do\u015bwiadczenia i wykszta\u0142cenia. Dzi\u0119ki temu znalezienie pracy w Holandii nie b\u0119dzie trudne dla os\u00f3b m\u0142odych, starszych, a nawet dla par szukaj\u0105cych wsp\u00f3lnej pracy. Naszymi klientami s\u0105 pracodawcy z wielu bran\u017c, od rolnictwa i budownictwa po informatyk\u0119.<\/p>\n<h2 class=\"p1\">PRACA W SZKLARNIACH I GOSPODARSTWACH W HOLANDII<\/h2>\n<p class=\"p1\">Ze wzgl\u0119du na rozw\u00f3j rolnictwa przemys\u0142owego w kraju, du\u017ca cz\u0119\u015b\u0107 miejsc pracy oferowanych w Holandii znajduje si\u0119 w szklarniach i innych firmach zwi\u0105zanych z sektorem rolniczym. Wi\u0119kszo\u015b\u0107 z nich poszukuje sta\u0142ych pracownik\u00f3w, a w niekt\u00f3rych miejscach pomocnicy s\u0105 potrzebni tylko na okre\u015blony czas. Jednak liczba wakat\u00f3w w tym sektorze jest nadal wysoka i s\u0105 miejsca pracy w tym sektorze, w kt\u00f3rych mo\u017cna pracowa\u0107 nie tylko bez j\u0119zyka holenderskiego, ale nawet angielskiego.<\/p>\n<h2 class=\"p1\">PRACA W HOLANDII DLA M\u0141ODYCH LUDZI<\/h2>\n<p class=\"p1\">Ze wzgl\u0119du na szerok\u0105 gam\u0119 wakat\u00f3w w r\u00f3\u017cnych sektorach praca w Holandii jest bardzo atrakcyjna dla m\u0142odych ludzi. Pracodawcy potrzebuj\u0105 pracownik\u00f3w o r\u00f3\u017cnym poziomie do\u015bwiadczenia i umiej\u0119tno\u015bci, dzi\u0119ki czemu mo\u017cliwe jest znalezienie pracy zar\u00f3wno dla tych, kt\u00f3rzy szukaj\u0105 mo\u017cliwo\u015bci zarobienia przed zdobyciem specjalno\u015bci, jak i dla tych, kt\u00f3rzy niedawno zdobyli zaw\u00f3d i szukaj\u0105 mo\u017cliwo\u015bci aplikowania to w praktyce.<\/p>\n<h2 class=\"p1\">PRACA W HOLANDII DLA PAR<\/h2>\n<p class=\"p1\">Praca w Holandii jest odpowiednia r\u00f3wnie\u017c dla par szukaj\u0105cych wsp\u00f3lnej pracy, poniewa\u017c praca, kt\u00f3r\u0105 nale\u017cy wykonywa\u0107 w wielu gospodarstwach rolnych lub produkcyjnych, jest r\u00f3wnie odpowiednia dla obu p\u0142ci. Dlatego jest to \u015bwietna okazja dla tych, kt\u00f3rzy chc\u0105 wyjecha\u0107 za granic\u0119 we dwoje. Ponadto w niekt\u00f3rych przypadkach mieszkania oferowane przez pracodawc\u0119 mog\u0105 by\u0107 r\u00f3wnie\u017c odpowiednie dla par.<\/p>\n<h2 class=\"p1\">WYNAGRODZENIA I WARUNKI \u017bYCIA W HOLANDII<\/h2>\n<p class=\"p1\">Bardzo wa\u017cnym powodem atrakcyjno\u015bci Holandii dla os\u00f3b poszukuj\u0105cych pracy jest wysoki poziom p\u0142ac w kraju, kt\u00f3ry ma jedn\u0105 z najwy\u017cszych stawek p\u0142acy minimalnej w Europie, a tak\u017ce wysoki poziom przeci\u0119tnego wynagrodzenia. Jest to wi\u0119c \u015bwietna okazja dla os\u00f3b poszukuj\u0105cych pracy za granic\u0105 do budowania oszcz\u0119dno\u015bci. Jednak szukaj\u0105c pracy w rolnictwie nale\u017cy wzi\u0105\u0107 pod uwag\u0119, \u017ce cz\u0119\u015b\u0107 prac w tym sektorze mo\u017ce mie\u0107 charakter sezonowy, np. w gospodarstwach, kt\u00f3re nie korzystaj\u0105 ze szklarni, dodatkowi pracownicy s\u0105 potrzebni tylko w okresie siewu i produkcji \u2013 od wczesnej wiosny do ko\u0144ca pa\u017adziernika.<\/p>\n<p class=\"p1\">W mi\u0119dzyczasie, je\u015bli martwisz si\u0119 o znalezienie domu w nowym kraju, pami\u0119taj, \u017ce du\u017ca cz\u0119\u015b\u0107 naszych wakat\u00f3w obejmuje zakwaterowanie sponsorowane przez pracodawc\u0119. Je\u015bli jednak wybierzesz prac\u0119, kt\u00f3ra nie zapewnia mieszkania, pomo\u017cemy Ci je znale\u017a\u0107, a tak\u017ce dope\u0142nimy wszystkich innych niezb\u0119dnych formalno\u015bci. Ponadto nie zostaniesz obci\u0105\u017cony kosztami naszych us\u0142ug zatrudnienia.<\/p>\n<h2 class=\"p1\">PRACA W HOLANDII Z<span class=\"Apple-converted-space\">\u00a0 <\/span>GP RECRUITMENT<\/h2>\n<p class=\"p1\">Chocia\u017c obywatele Polski, a tak\u017ce obywatele innych kraj\u00f3w UE, wymagaj\u0105 znacznie mniej formalno\u015bci, aby rozpocz\u0105\u0107 \u017cycie w Holandii ni\u017c osoby poszukuj\u0105ce pracy z innych kraj\u00f3w, znalezienie pracy w tym kraju wymaga r\u00f3wnie\u017c pewnych inwestycji. Po pierwsze, bez znajomo\u015bci lokalnego rynku pracy, osoba poszukuj\u0105ca pracy mo\u017ce nie wiedzie\u0107, gdzie szuka\u0107 wolnych miejsc pracy i czego szuka\u0107. Po drugie, poniewa\u017c kraj ten jest do\u015b\u0107 g\u0119sto zaludniony, znalezienie miejsca do \u017cycia r\u00f3wnie\u017c mo\u017ce by\u0107 problemem. Dlatego us\u0142ugi \u015bwiadczone przez GP Recruitment znacznie u\u0142atwiaj\u0105 znalezienie pracy w Holandii, poniewa\u017c oferujemy wakaty tylko od sprawdzonych pracodawc\u00f3w z gwarantowanymi godzinami pracy, a tak\u017ce pomo\u017cemy znale\u017a\u0107 miejsce do zamieszkania i dope\u0142ni\u0107 niezb\u0119dnych formalno\u015bci.<\/p>\n\t\t\t\t\t<\/div>\n\t\t\t\t\t\t<\/div>\n\t\t\t\t<\/div>\n\t\t\t\t\t\t<\/div>\n\t\t\t\t\t<\/div>\n\t\t<\/div>\n\t\t\t\t\t\t\t\t<\/div>\n\t\t\t\t\t<\/div>\n\t\t<\/section>\n\t\t\t\t\t\t\t\t\t<\/div>\n\t\t\t<\/div>\n\t\t\t\t\t<\/div>\n\t\t","protected":false},"excerpt":{"rendered":"<p>Praca w Holandii Dla wielu os\u00f3b, kt\u00f3re chc\u0105 pracowa\u0107 za granic\u0105, praca w Holandii wydaje si\u0119 jedn\u0105 z najbardziej atrakcyjnych mo\u017cliwo\u015bci. Wynika to zar\u00f3wno z wysokiego standardu \u017cycia ludno\u015bci, jak i bardzo szerokiego wyboru wakat\u00f3w, z mo\u017cliwo\u015bci\u0105 znalezienia pracy w r\u00f3\u017cnych dziedzinach przez obcokrajowc\u00f3w. Ponadto wi\u0119kszo\u015b\u0107 populacji dobrze w\u0142ada j\u0119zykiem angielskim, co znacznie \u0142agodzi barier\u0119 [&hellip;]<\/p>\n","protected":false},"author":6,"featured_media":0,"parent":3664,"menu_order":0,"comment_status":"closed","ping_status":"closed","template":"","meta":{"footnotes":""},"class_list":["post-3660","page","type-page","status-publish","hentry"],"yoast_head":"<!-- This site is optimized with the Yoast SEO plugin v26.4 - https:\/\/yoast.com\/wordpress\/plugins\/seo\/ -->\n<title>Praca w Holandii - Wakaty i porady | GP Recruitment<\/title>\n<meta name=\"description\" content=\"Chcesz pracowa\u0107 w Holandii? Sprawd\u017a oferty pracy oferowane przez GP Recruitment w firmach z r\u00f3\u017cnych bran\u017c i dowiedz si\u0119, co najwa\u017cniejsze w pracy w tym kraju!\" \/>\n<meta name=\"robots\" content=\"index, follow, max-snippet:-1, max-image-preview:large, max-video-preview:-1\" \/>\n<link rel=\"canonical\" href=\"https:\/\/gpr.lv\/pl\/dla-poszukujacych-pracy\/dobrze-wiedziec\/praca-w-holandii\/\" \/>\n<meta property=\"og:locale\" content=\"pl_PL\" \/>\n<meta property=\"og:type\" content=\"article\" \/>\n<meta property=\"og:title\" content=\"Praca w Holandii - Wakaty i porady | GP Recruitment\" \/>\n<meta property=\"og:description\" content=\"Chcesz pracowa\u0107 w Holandii? Sprawd\u017a oferty pracy oferowane przez GP Recruitment w firmach z r\u00f3\u017cnych bran\u017c i dowiedz si\u0119, co najwa\u017cniejsze w pracy w tym kraju!\" \/>\n<meta property=\"og:url\" content=\"https:\/\/gpr.lv\/pl\/dla-poszukujacych-pracy\/dobrze-wiedziec\/praca-w-holandii\/\" \/>\n<meta property=\"og:site_name\" content=\"GP Recruitment\" \/>\n<meta property=\"article:modified_time\" content=\"2022-02-16T12:18:47+00:00\" \/>\n<meta name=\"twitter:card\" content=\"summary_large_image\" \/>\n<meta name=\"twitter:label1\" content=\"Szacowany czas czytania\" \/>\n\t<meta name=\"twitter:data1\" content=\"4 minuty\" \/>\n<script type=\"application\/ld+json\" class=\"yoast-schema-graph\">{\"@context\":\"https:\/\/schema.org\",\"@graph\":[{\"@type\":\"WebPage\",\"@id\":\"https:\/\/gpr.lv\/pl\/dla-poszukujacych-pracy\/dobrze-wiedziec\/praca-w-holandii\/\",\"url\":\"https:\/\/gpr.lv\/pl\/dla-poszukujacych-pracy\/dobrze-wiedziec\/praca-w-holandii\/\",\"name\":\"Praca w Holandii - Wakaty i porady | GP Recruitment\",\"isPartOf\":{\"@id\":\"https:\/\/gpr.lv\/bg\/#website\"},\"datePublished\":\"2022-02-16T12:13:48+00:00\",\"dateModified\":\"2022-02-16T12:18:47+00:00\",\"description\":\"Chcesz pracowa\u0107 w Holandii? Sprawd\u017a oferty pracy oferowane przez GP Recruitment w firmach z r\u00f3\u017cnych bran\u017c i dowiedz si\u0119, co najwa\u017cniejsze w pracy w tym kraju!\",\"breadcrumb\":{\"@id\":\"https:\/\/gpr.lv\/pl\/dla-poszukujacych-pracy\/dobrze-wiedziec\/praca-w-holandii\/#breadcrumb\"},\"inLanguage\":\"pl-PL\",\"potentialAction\":[{\"@type\":\"ReadAction\",\"target\":[\"https:\/\/gpr.lv\/pl\/dla-poszukujacych-pracy\/dobrze-wiedziec\/praca-w-holandii\/\"]}]},{\"@type\":\"BreadcrumbList\",\"@id\":\"https:\/\/gpr.lv\/pl\/dla-poszukujacych-pracy\/dobrze-wiedziec\/praca-w-holandii\/#breadcrumb\",\"itemListElement\":[{\"@type\":\"ListItem\",\"position\":1,\"name\":\"Home\",\"item\":\"https:\/\/gprecruitment.eu\/pl\/\"},{\"@type\":\"ListItem\",\"position\":2,\"name\":\"DLA POSZUKUJ\u0104CYCH PRACY\",\"item\":\"https:\/\/gpr.lv\/pl\/dla-poszukujacych-pracy\/\"},{\"@type\":\"ListItem\",\"position\":3,\"name\":\"DOBRZE WIEDZIE\u0106\",\"item\":\"https:\/\/gpr.lv\/pl\/dla-poszukujacych-pracy\/dobrze-wiedziec\/\"},{\"@type\":\"ListItem\",\"position\":4,\"name\":\"Praca w Holandii\"}]},{\"@type\":\"WebSite\",\"@id\":\"https:\/\/gpr.lv\/bg\/#website\",\"url\":\"https:\/\/gpr.lv\/bg\/\",\"name\":\"GP Recruitment\",\"description\":\"Find job abroad quickly\",\"publisher\":{\"@id\":\"https:\/\/gpr.lv\/bg\/#organization\"},\"potentialAction\":[{\"@type\":\"SearchAction\",\"target\":{\"@type\":\"EntryPoint\",\"urlTemplate\":\"https:\/\/gpr.lv\/bg\/?s={search_term_string}\"},\"query-input\":{\"@type\":\"PropertyValueSpecification\",\"valueRequired\":true,\"valueName\":\"search_term_string\"}}],\"inLanguage\":\"pl-PL\"},{\"@type\":\"Organization\",\"@id\":\"https:\/\/gpr.lv\/bg\/#organization\",\"name\":\"GP Recruitment\",\"url\":\"https:\/\/gpr.lv\/bg\/\",\"logo\":{\"@type\":\"ImageObject\",\"inLanguage\":\"pl-PL\",\"@id\":\"https:\/\/gpr.lv\/bg\/#\/schema\/logo\/image\/\",\"url\":\"https:\/\/gprecruitment.eu\/wp-content\/uploads\/2020\/09\/Logo_gpr.png\",\"contentUrl\":\"https:\/\/gprecruitment.eu\/wp-content\/uploads\/2020\/09\/Logo_gpr.png\",\"width\":171,\"height\":83,\"caption\":\"GP Recruitment\"},\"image\":{\"@id\":\"https:\/\/gpr.lv\/bg\/#\/schema\/logo\/image\/\"}}]}<\/script>\n<!-- \/ Yoast SEO plugin. -->","yoast_head_json":{"title":"Praca w Holandii - Wakaty i porady | GP Recruitment","description":"Chcesz pracowa\u0107 w Holandii? Sprawd\u017a oferty pracy oferowane przez GP Recruitment w firmach z r\u00f3\u017cnych bran\u017c i dowiedz si\u0119, co najwa\u017cniejsze w pracy w tym kraju!","robots":{"index":"index","follow":"follow","max-snippet":"max-snippet:-1","max-image-preview":"max-image-preview:large","max-video-preview":"max-video-preview:-1"},"canonical":"https:\/\/gpr.lv\/pl\/dla-poszukujacych-pracy\/dobrze-wiedziec\/praca-w-holandii\/","og_locale":"pl_PL","og_type":"article","og_title":"Praca w Holandii - Wakaty i porady | GP Recruitment","og_description":"Chcesz pracowa\u0107 w Holandii? Sprawd\u017a oferty pracy oferowane przez GP Recruitment w firmach z r\u00f3\u017cnych bran\u017c i dowiedz si\u0119, co najwa\u017cniejsze w pracy w tym kraju!","og_url":"https:\/\/gpr.lv\/pl\/dla-poszukujacych-pracy\/dobrze-wiedziec\/praca-w-holandii\/","og_site_name":"GP Recruitment","article_modified_time":"2022-02-16T12:18:47+00:00","twitter_card":"summary_large_image","twitter_misc":{"Szacowany czas czytania":"4 minuty"},"schema":{"@context":"https:\/\/schema.org","@graph":[{"@type":"WebPage","@id":"https:\/\/gpr.lv\/pl\/dla-poszukujacych-pracy\/dobrze-wiedziec\/praca-w-holandii\/","url":"https:\/\/gpr.lv\/pl\/dla-poszukujacych-pracy\/dobrze-wiedziec\/praca-w-holandii\/","name":"Praca w Holandii - Wakaty i porady | GP Recruitment","isPartOf":{"@id":"https:\/\/gpr.lv\/bg\/#website"},"datePublished":"2022-02-16T12:13:48+00:00","dateModified":"2022-02-16T12:18:47+00:00","description":"Chcesz pracowa\u0107 w Holandii? Sprawd\u017a oferty pracy oferowane przez GP Recruitment w firmach z r\u00f3\u017cnych bran\u017c i dowiedz si\u0119, co najwa\u017cniejsze w pracy w tym kraju!","breadcrumb":{"@id":"https:\/\/gpr.lv\/pl\/dla-poszukujacych-pracy\/dobrze-wiedziec\/praca-w-holandii\/#breadcrumb"},"inLanguage":"pl-PL","potentialAction":[{"@type":"ReadAction","target":["https:\/\/gpr.lv\/pl\/dla-poszukujacych-pracy\/dobrze-wiedziec\/praca-w-holandii\/"]}]},{"@type":"BreadcrumbList","@id":"https:\/\/gpr.lv\/pl\/dla-poszukujacych-pracy\/dobrze-wiedziec\/praca-w-holandii\/#breadcrumb","itemListElement":[{"@type":"ListItem","position":1,"name":"Home","item":"https:\/\/gprecruitment.eu\/pl\/"},{"@type":"ListItem","position":2,"name":"DLA POSZUKUJ\u0104CYCH PRACY","item":"https:\/\/gpr.lv\/pl\/dla-poszukujacych-pracy\/"},{"@type":"ListItem","position":3,"name":"DOBRZE WIEDZIE\u0106","item":"https:\/\/gpr.lv\/pl\/dla-poszukujacych-pracy\/dobrze-wiedziec\/"},{"@type":"ListItem","position":4,"name":"Praca w Holandii"}]},{"@type":"WebSite","@id":"https:\/\/gpr.lv\/bg\/#website","url":"https:\/\/gpr.lv\/bg\/","name":"GP Recruitment","description":"Find job abroad quickly","publisher":{"@id":"https:\/\/gpr.lv\/bg\/#organization"},"potentialAction":[{"@type":"SearchAction","target":{"@type":"EntryPoint","urlTemplate":"https:\/\/gpr.lv\/bg\/?s={search_term_string}"},"query-input":{"@type":"PropertyValueSpecification","valueRequired":true,"valueName":"search_term_string"}}],"inLanguage":"pl-PL"},{"@type":"Organization","@id":"https:\/\/gpr.lv\/bg\/#organization","name":"GP Recruitment","url":"https:\/\/gpr.lv\/bg\/","logo":{"@type":"ImageObject","inLanguage":"pl-PL","@id":"https:\/\/gpr.lv\/bg\/#\/schema\/logo\/image\/","url":"https:\/\/gprecruitment.eu\/wp-content\/uploads\/2020\/09\/Logo_gpr.png","contentUrl":"https:\/\/gprecruitment.eu\/wp-content\/uploads\/2020\/09\/Logo_gpr.png","width":171,"height":83,"caption":"GP Recruitment"},"image":{"@id":"https:\/\/gpr.lv\/bg\/#\/schema\/logo\/image\/"}}]}},"_links":{"self":[{"href":"https:\/\/gprecruitment.eu\/pl\/wp-json\/wp\/v2\/pages\/3660","targetHints":{"allow":["GET"]}}],"collection":[{"href":"https:\/\/gprecruitment.eu\/pl\/wp-json\/wp\/v2\/pages"}],"about":[{"href":"https:\/\/gprecruitment.eu\/pl\/wp-json\/wp\/v2\/types\/page"}],"author":[{"embeddable":true,"href":"https:\/\/gprecruitment.eu\/pl\/wp-json\/wp\/v2\/users\/6"}],"replies":[{"embeddable":true,"href":"https:\/\/gprecruitment.eu\/pl\/wp-json\/wp\/v2\/comments?post=3660"}],"version-history":[{"count":0,"href":"https:\/\/gprecruitment.eu\/pl\/wp-json\/wp\/v2\/pages\/3660\/revisions"}],"up":[{"embeddable":true,"href":"https:\/\/gprecruitment.eu\/pl\/wp-json\/wp\/v2\/pages\/3664"}],"wp:attachment":[{"href":"https:\/\/gprecruitment.eu\/pl\/wp-json\/wp\/v2\/media?parent=3660"}],"curies":[{"name":"wp","href":"https:\/\/api.w.org\/{rel}","templated":true}]}}