{"id":3755,"date":"2022-02-22T22:25:00","date_gmt":"2022-02-22T22:25:00","guid":{"rendered":"https:\/\/gprecruitment.eu\/lacznosc-rumunia\/"},"modified":"2022-02-23T09:13:35","modified_gmt":"2022-02-23T09:13:35","slug":"lacznosc-rumunia","status":"publish","type":"page","link":"https:\/\/gprecruitment.eu\/pl\/lacznosc-rumunia\/","title":{"rendered":"\u0141\u0104CZNO\u015a\u0106 Rumunia"},"content":{"rendered":"\t\t<div data-elementor-type=\"wp-page\" data-elementor-id=\"3755\" class=\"elementor elementor-3755 elementor-440\">\n\t\t\t\t\t\t<div class=\"elementor-inner\">\n\t\t\t\t<div class=\"elementor-section-wrap\">\n\t\t\t\t\t\t\t\t\t<section class=\"elementor-section elementor-top-section elementor-element elementor-element-e9613bc elementor-section-boxed elementor-section-height-default elementor-section-height-default\" data-id=\"e9613bc\" data-element_type=\"section\">\n\t\t\t\t\t\t<div class=\"elementor-container elementor-column-gap-default\">\n\t\t\t\t\t\t\t<div class=\"elementor-row\">\n\t\t\t\t\t<div class=\"elementor-column elementor-col-100 elementor-top-column elementor-element elementor-element-bea5b3c\" data-id=\"bea5b3c\" data-element_type=\"column\">\n\t\t\t<div class=\"elementor-column-wrap elementor-element-populated\">\n\t\t\t\t\t\t\t<div class=\"elementor-widget-wrap\">\n\t\t\t\t\t\t<div class=\"elementor-element elementor-element-ba1d63d elementor-widget elementor-widget-heading\" data-id=\"ba1d63d\" data-element_type=\"widget\" data-widget_type=\"heading.default\">\n\t\t\t\t<div class=\"elementor-widget-container\">\n\t\t\t<h1 class=\"elementor-heading-title elementor-size-default\"> \u0141\u0105czno\u015b\u0107<\/h1>\t\t<\/div>\n\t\t\t\t<\/div>\n\t\t\t\t\t\t<\/div>\n\t\t\t\t\t<\/div>\n\t\t<\/div>\n\t\t\t\t\t\t\t\t<\/div>\n\t\t\t\t\t<\/div>\n\t\t<\/section>\n\t\t\t\t<section class=\"elementor-section elementor-top-section elementor-element elementor-element-fa1a0cc elementor-section-boxed elementor-section-height-default elementor-section-height-default\" data-id=\"fa1a0cc\" data-element_type=\"section\">\n\t\t\t\t\t\t<div class=\"elementor-container elementor-column-gap-default\">\n\t\t\t\t\t\t\t<div class=\"elementor-row\">\n\t\t\t\t\t<div class=\"elementor-column elementor-col-100 elementor-top-column elementor-element elementor-element-e92a4b6\" data-id=\"e92a4b6\" data-element_type=\"column\">\n\t\t\t<div class=\"elementor-column-wrap elementor-element-populated\">\n\t\t\t\t\t\t\t<div class=\"elementor-widget-wrap\">\n\t\t\t\t\t\t<div class=\"elementor-element elementor-element-673373e elementor-widget elementor-widget-heading\" data-id=\"673373e\" data-element_type=\"widget\" data-widget_type=\"heading.default\">\n\t\t\t\t<div class=\"elementor-widget-container\">\n\t\t\t<h2 class=\"elementor-heading-title elementor-size-default\">RUMUNIA<\/h2>\t\t<\/div>\n\t\t\t\t<\/div>\n\t\t\t\t\t\t<\/div>\n\t\t\t\t\t<\/div>\n\t\t<\/div>\n\t\t\t\t\t\t\t\t<\/div>\n\t\t\t\t\t<\/div>\n\t\t<\/section>\n\t\t\t\t<section class=\"elementor-section elementor-top-section elementor-element elementor-element-6fef09a elementor-section-boxed elementor-section-height-default elementor-section-height-default\" data-id=\"6fef09a\" data-element_type=\"section\">\n\t\t\t\t\t\t<div class=\"elementor-container elementor-column-gap-default\">\n\t\t\t\t\t\t\t<div class=\"elementor-row\">\n\t\t\t\t\t<div class=\"elementor-column elementor-col-20 elementor-top-column elementor-element elementor-element-7e33d95\" data-id=\"7e33d95\" data-element_type=\"column\">\n\t\t\t<div class=\"elementor-column-wrap elementor-element-populated\">\n\t\t\t\t\t\t\t<div class=\"elementor-widget-wrap\">\n\t\t\t\t\t\t<div class=\"elementor-element elementor-element-1a3c9fb elementor-widget elementor-widget-text-editor\" data-id=\"1a3c9fb\" data-element_type=\"widget\" data-widget_type=\"text-editor.default\">\n\t\t\t\t<div class=\"elementor-widget-container\">\n\t\t\t\t\t\t\t\t<div class=\"elementor-text-editor elementor-clearfix\">\n\t\t\t\t<p style=\"text-align: left;\"><span style=\"font-family: helvetica; font-size: 12pt;\">&nbsp;<strong>IASI<\/strong><\/span><\/p>\n\t\t\t\t\t<\/div>\n\t\t\t\t\t\t<\/div>\n\t\t\t\t<\/div>\n\t\t\t\t<div class=\"elementor-element elementor-element-0789277 elementor-widget elementor-widget-text-editor\" data-id=\"0789277\" data-element_type=\"widget\" data-widget_type=\"text-editor.default\">\n\t\t\t\t<div class=\"elementor-widget-container\">\n\t\t\t\t\t\t\t\t<div class=\"elementor-text-editor elementor-clearfix\">\n\t\t\t\t<p><font face=\"helvetica\">Pacurari 156,<\/font><\/p>\n<p><span style=\"font-family: helvetica; font-size: inherit; text-align: inherit; color: var( --e-global-color-secondary );\">Business House, Iasi<\/span><\/p>\n<p><span style=\"font-family: helvetica; font-size: inherit; text-align: inherit; color: var( --e-global-color-secondary );\">Romania<\/span><\/p>\n<p><span style=\"font-family: helvetica;\">&nbsp;<\/span><\/p>\n<p><span style=\"font-family: helvetica;\">Mob. +40 770740966<\/span><\/p>\n<p><span style=\"font-family: helvetica;\">Tel. +40 314251552<\/span><\/p>\n<p><span style=\"font-family: helvetica;\">&nbsp;<\/span><\/p>\n<p><span style=\"font-family: helvetica;\">contact@gprecruit.ro<\/span><\/p>\n\t\t\t\t\t<\/div>\n\t\t\t\t\t\t<\/div>\n\t\t\t\t<\/div>\n\t\t\t\t\t\t<\/div>\n\t\t\t\t\t<\/div>\n\t\t<\/div>\n\t\t\t\t<div class=\"elementor-column elementor-col-20 elementor-top-column elementor-element elementor-element-682a0af\" data-id=\"682a0af\" data-element_type=\"column\">\n\t\t\t<div class=\"elementor-column-wrap\">\n\t\t\t\t\t\t\t<div class=\"elementor-widget-wrap\">\n\t\t\t\t\t\t\t\t<\/div>\n\t\t\t\t\t<\/div>\n\t\t<\/div>\n\t\t\t\t<div class=\"elementor-column elementor-col-20 elementor-top-column elementor-element elementor-element-0c93883\" data-id=\"0c93883\" data-element_type=\"column\">\n\t\t\t<div class=\"elementor-column-wrap\">\n\t\t\t\t\t\t\t<div class=\"elementor-widget-wrap\">\n\t\t\t\t\t\t\t\t<\/div>\n\t\t\t\t\t<\/div>\n\t\t<\/div>\n\t\t\t\t<div class=\"elementor-column elementor-col-20 elementor-top-column elementor-element elementor-element-b780e5a\" data-id=\"b780e5a\" data-element_type=\"column\">\n\t\t\t<div class=\"elementor-column-wrap elementor-element-populated\">\n\t\t\t\t\t\t\t<div class=\"elementor-widget-wrap\">\n\t\t\t\t\t\t<div class=\"elementor-element elementor-element-cfa8ddd elementor-widget elementor-widget-text-editor\" data-id=\"cfa8ddd\" data-element_type=\"widget\" data-widget_type=\"text-editor.default\">\n\t\t\t\t<div class=\"elementor-widget-container\">\n\t\t\t\t\t\t\t\t<div class=\"elementor-text-editor elementor-clearfix\">\n\t\t\t\t<span style=\"color: #d5d5d5;\"><a style=\"color: #d5d5d5;\" href=\"https:\/\/gprecruitment.eu\/pl\/lacznosc\/\">\u0141OTWA<\/a><\/span>\t\t\t\t\t<\/div>\n\t\t\t\t\t\t<\/div>\n\t\t\t\t<\/div>\n\t\t\t\t<div class=\"elementor-element elementor-element-c1d9caf elementor-widget elementor-widget-text-editor\" data-id=\"c1d9caf\" data-element_type=\"widget\" data-widget_type=\"text-editor.default\">\n\t\t\t\t<div class=\"elementor-widget-container\">\n\t\t\t\t\t\t\t\t<div class=\"elementor-text-editor elementor-clearfix\">\n\t\t\t\t<span style=\"color: #d5d5d5;\"><a style=\"color: #d5d5d5;\" href=\"https:\/\/gprecruitment.eu\/pl\/lacznosc-polska\/\">POLSKA<\/a><\/span>\t\t\t\t\t<\/div>\n\t\t\t\t\t\t<\/div>\n\t\t\t\t<\/div>\n\t\t\t\t<div class=\"elementor-element elementor-element-3215fa7 elementor-widget elementor-widget-text-editor\" data-id=\"3215fa7\" data-element_type=\"widget\" data-widget_type=\"text-editor.default\">\n\t\t\t\t<div class=\"elementor-widget-container\">\n\t\t\t\t\t\t\t\t<div class=\"elementor-text-editor elementor-clearfix\">\n\t\t\t\t<span style=\"color: #d5d5d5;\"><a style=\"color: #d5d5d5;\" href=\"https:\/\/gprecruitment.eu\/pl\/lacznosc-bulgaria\/\">BU\u0141GARIA<\/a><\/span>\t\t\t\t\t<\/div>\n\t\t\t\t\t\t<\/div>\n\t\t\t\t<\/div>\n\t\t\t\t\t\t<\/div>\n\t\t\t\t\t<\/div>\n\t\t<\/div>\n\t\t\t\t<div class=\"elementor-column elementor-col-20 elementor-top-column elementor-element elementor-element-d3a31cd elementor-hidden-tablet elementor-hidden-phone\" data-id=\"d3a31cd\" data-element_type=\"column\">\n\t\t\t<div class=\"elementor-column-wrap elementor-element-populated\">\n\t\t\t\t\t\t\t<div class=\"elementor-widget-wrap\">\n\t\t\t\t\t\t<div class=\"elementor-element elementor-element-64ee4e3 elementor-widget elementor-widget-image\" data-id=\"64ee4e3\" data-element_type=\"widget\" data-widget_type=\"image.default\">\n\t\t\t\t<div class=\"elementor-widget-container\">\n\t\t\t\t\t\t\t\t<div class=\"elementor-image\">\n\t\t\t\t\t\t\t\t\t\t\t\t\t<a href=\"https:\/\/gprecruitment.eu\/pl\/lacznosc\/\">\n\t\t\t\t\t\t\t<img loading=\"lazy\" decoding=\"async\" width=\"109\" height=\"19\" src=\"https:\/\/gprecruitment.eu\/wp-content\/uploads\/2020\/09\/bulta-1.png\" class=\"attachment-large size-large\" alt=\"\" \/>\t\t\t\t\t\t\t\t<\/a>\n\t\t\t\t\t\t\t\t\t\t\t\t\t\t<\/div>\n\t\t\t\t\t\t<\/div>\n\t\t\t\t<\/div>\n\t\t\t\t<div class=\"elementor-element elementor-element-eb16019 elementor-widget elementor-widget-image\" data-id=\"eb16019\" data-element_type=\"widget\" data-widget_type=\"image.default\">\n\t\t\t\t<div class=\"elementor-widget-container\">\n\t\t\t\t\t\t\t\t<div class=\"elementor-image\">\n\t\t\t\t\t\t\t\t\t\t\t\t\t<a href=\"https:\/\/gprecruitment.eu\/pl\/lacznosc-polska\/\">\n\t\t\t\t\t\t\t<img loading=\"lazy\" decoding=\"async\" width=\"109\" height=\"19\" src=\"https:\/\/gprecruitment.eu\/wp-content\/uploads\/2020\/09\/bulta-1.png\" class=\"attachment-large size-large\" alt=\"\" \/>\t\t\t\t\t\t\t\t<\/a>\n\t\t\t\t\t\t\t\t\t\t\t\t\t\t<\/div>\n\t\t\t\t\t\t<\/div>\n\t\t\t\t<\/div>\n\t\t\t\t<div class=\"elementor-element elementor-element-f39a23e elementor-widget elementor-widget-image\" data-id=\"f39a23e\" data-element_type=\"widget\" data-widget_type=\"image.default\">\n\t\t\t\t<div class=\"elementor-widget-container\">\n\t\t\t\t\t\t\t\t<div class=\"elementor-image\">\n\t\t\t\t\t\t\t\t\t\t\t\t\t<a href=\"https:\/\/gprecruitment.eu\/pl\/lacznosc-bulgaria\/\">\n\t\t\t\t\t\t\t<img loading=\"lazy\" decoding=\"async\" width=\"109\" height=\"19\" src=\"https:\/\/gprecruitment.eu\/wp-content\/uploads\/2020\/09\/bulta-1.png\" class=\"attachment-large size-large\" alt=\"\" \/>\t\t\t\t\t\t\t\t<\/a>\n\t\t\t\t\t\t\t\t\t\t\t\t\t\t<\/div>\n\t\t\t\t\t\t<\/div>\n\t\t\t\t<\/div>\n\t\t\t\t\t\t<\/div>\n\t\t\t\t\t<\/div>\n\t\t<\/div>\n\t\t\t\t\t\t\t\t<\/div>\n\t\t\t\t\t<\/div>\n\t\t<\/section>\n\t\t\t\t\t\t\t\t\t<\/div>\n\t\t\t<\/div>\n\t\t\t\t\t<\/div>\n\t\t","protected":false},"excerpt":{"rendered":"<p>\u0141\u0105czno\u015b\u0107 RUMUNIA &nbsp;IASI Pacurari 156, Business House, Iasi Romania &nbsp; Mob. +40 770740966 Tel. +40 314251552 &nbsp; contact@gprecruit.ro \u0141OTWAPOLSKABU\u0141GARIA<\/p>\n","protected":false},"author":6,"featured_media":0,"parent":0,"menu_order":0,"comment_status":"closed","ping_status":"closed","template":"","meta":{"footnotes":""},"class_list":["post-3755","page","type-page","status-publish","hentry"],"yoast_head":"<!-- This site is optimized with the Yoast SEO plugin v26.4 - https:\/\/yoast.com\/wordpress\/plugins\/seo\/ -->\n<title>\u0141\u0104CZNO\u015a\u0106 Rumunia - GP Recruitment<\/title>\n<meta name=\"robots\" content=\"index, follow, max-snippet:-1, max-image-preview:large, max-video-preview:-1\" \/>\n<link rel=\"canonical\" href=\"https:\/\/gpr.lv\/pl\/lacznosc-rumunia\/\" \/>\n<meta property=\"og:locale\" content=\"pl_PL\" \/>\n<meta property=\"og:type\" content=\"article\" \/>\n<meta property=\"og:title\" content=\"\u0141\u0104CZNO\u015a\u0106 Rumunia - GP Recruitment\" \/>\n<meta property=\"og:description\" content=\"\u0141\u0105czno\u015b\u0107 RUMUNIA &nbsp;IASI Pacurari 156, Business House, Iasi Romania &nbsp; Mob. +40 770740966 Tel. +40 314251552 &nbsp; contact@gprecruit.ro \u0141OTWAPOLSKABU\u0141GARIA\" \/>\n<meta property=\"og:url\" content=\"https:\/\/gpr.lv\/pl\/lacznosc-rumunia\/\" \/>\n<meta property=\"og:site_name\" content=\"GP Recruitment\" \/>\n<meta property=\"article:modified_time\" content=\"2022-02-23T09:13:35+00:00\" \/>\n<meta property=\"og:image\" content=\"https:\/\/gpr.lv\/wp-content\/uploads\/2020\/09\/bulta-1.png\" \/>\n<meta name=\"twitter:card\" content=\"summary_large_image\" \/>\n<meta name=\"twitter:label1\" content=\"Szacowany czas czytania\" \/>\n\t<meta name=\"twitter:data1\" content=\"1 minuta\" \/>\n<script type=\"application\/ld+json\" class=\"yoast-schema-graph\">{\"@context\":\"https:\/\/schema.org\",\"@graph\":[{\"@type\":\"WebPage\",\"@id\":\"https:\/\/gpr.lv\/pl\/lacznosc-rumunia\/\",\"url\":\"https:\/\/gpr.lv\/pl\/lacznosc-rumunia\/\",\"name\":\"\u0141\u0104CZNO\u015a\u0106 Rumunia - GP Recruitment\",\"isPartOf\":{\"@id\":\"https:\/\/gpr.lv\/bg\/#website\"},\"primaryImageOfPage\":{\"@id\":\"https:\/\/gpr.lv\/pl\/lacznosc-rumunia\/#primaryimage\"},\"image\":{\"@id\":\"https:\/\/gpr.lv\/pl\/lacznosc-rumunia\/#primaryimage\"},\"thumbnailUrl\":\"https:\/\/gprecruitment.eu\/wp-content\/uploads\/2020\/09\/bulta-1.png\",\"datePublished\":\"2022-02-22T22:25:00+00:00\",\"dateModified\":\"2022-02-23T09:13:35+00:00\",\"breadcrumb\":{\"@id\":\"https:\/\/gpr.lv\/pl\/lacznosc-rumunia\/#breadcrumb\"},\"inLanguage\":\"pl-PL\",\"potentialAction\":[{\"@type\":\"ReadAction\",\"target\":[\"https:\/\/gpr.lv\/pl\/lacznosc-rumunia\/\"]}]},{\"@type\":\"ImageObject\",\"inLanguage\":\"pl-PL\",\"@id\":\"https:\/\/gpr.lv\/pl\/lacznosc-rumunia\/#primaryimage\",\"url\":\"https:\/\/gprecruitment.eu\/wp-content\/uploads\/2020\/09\/bulta-1.png\",\"contentUrl\":\"https:\/\/gprecruitment.eu\/wp-content\/uploads\/2020\/09\/bulta-1.png\"},{\"@type\":\"BreadcrumbList\",\"@id\":\"https:\/\/gpr.lv\/pl\/lacznosc-rumunia\/#breadcrumb\",\"itemListElement\":[{\"@type\":\"ListItem\",\"position\":1,\"name\":\"Home\",\"item\":\"https:\/\/gprecruitment.eu\/pl\/\"},{\"@type\":\"ListItem\",\"position\":2,\"name\":\"\u0141\u0104CZNO\u015a\u0106 Rumunia\"}]},{\"@type\":\"WebSite\",\"@id\":\"https:\/\/gpr.lv\/bg\/#website\",\"url\":\"https:\/\/gpr.lv\/bg\/\",\"name\":\"GP Recruitment\",\"description\":\"Find job abroad quickly\",\"publisher\":{\"@id\":\"https:\/\/gpr.lv\/bg\/#organization\"},\"potentialAction\":[{\"@type\":\"SearchAction\",\"target\":{\"@type\":\"EntryPoint\",\"urlTemplate\":\"https:\/\/gpr.lv\/bg\/?s={search_term_string}\"},\"query-input\":{\"@type\":\"PropertyValueSpecification\",\"valueRequired\":true,\"valueName\":\"search_term_string\"}}],\"inLanguage\":\"pl-PL\"},{\"@type\":\"Organization\",\"@id\":\"https:\/\/gpr.lv\/bg\/#organization\",\"name\":\"GP Recruitment\",\"url\":\"https:\/\/gpr.lv\/bg\/\",\"logo\":{\"@type\":\"ImageObject\",\"inLanguage\":\"pl-PL\",\"@id\":\"https:\/\/gpr.lv\/bg\/#\/schema\/logo\/image\/\",\"url\":\"https:\/\/gprecruitment.eu\/wp-content\/uploads\/2020\/09\/Logo_gpr.png\",\"contentUrl\":\"https:\/\/gprecruitment.eu\/wp-content\/uploads\/2020\/09\/Logo_gpr.png\",\"width\":171,\"height\":83,\"caption\":\"GP Recruitment\"},\"image\":{\"@id\":\"https:\/\/gpr.lv\/bg\/#\/schema\/logo\/image\/\"}}]}<\/script>\n<!-- \/ Yoast SEO plugin. -->","yoast_head_json":{"title":"\u0141\u0104CZNO\u015a\u0106 Rumunia - GP Recruitment","robots":{"index":"index","follow":"follow","max-snippet":"max-snippet:-1","max-image-preview":"max-image-preview:large","max-video-preview":"max-video-preview:-1"},"canonical":"https:\/\/gpr.lv\/pl\/lacznosc-rumunia\/","og_locale":"pl_PL","og_type":"article","og_title":"\u0141\u0104CZNO\u015a\u0106 Rumunia - GP Recruitment","og_description":"\u0141\u0105czno\u015b\u0107 RUMUNIA &nbsp;IASI Pacurari 156, Business House, Iasi Romania &nbsp; Mob. +40 770740966 Tel. +40 314251552 &nbsp; contact@gprecruit.ro \u0141OTWAPOLSKABU\u0141GARIA","og_url":"https:\/\/gpr.lv\/pl\/lacznosc-rumunia\/","og_site_name":"GP Recruitment","article_modified_time":"2022-02-23T09:13:35+00:00","og_image":[{"url":"https:\/\/gpr.lv\/wp-content\/uploads\/2020\/09\/bulta-1.png","type":"","width":"","height":""}],"twitter_card":"summary_large_image","twitter_misc":{"Szacowany czas czytania":"1 minuta"},"schema":{"@context":"https:\/\/schema.org","@graph":[{"@type":"WebPage","@id":"https:\/\/gpr.lv\/pl\/lacznosc-rumunia\/","url":"https:\/\/gpr.lv\/pl\/lacznosc-rumunia\/","name":"\u0141\u0104CZNO\u015a\u0106 Rumunia - GP Recruitment","isPartOf":{"@id":"https:\/\/gpr.lv\/bg\/#website"},"primaryImageOfPage":{"@id":"https:\/\/gpr.lv\/pl\/lacznosc-rumunia\/#primaryimage"},"image":{"@id":"https:\/\/gpr.lv\/pl\/lacznosc-rumunia\/#primaryimage"},"thumbnailUrl":"https:\/\/gprecruitment.eu\/wp-content\/uploads\/2020\/09\/bulta-1.png","datePublished":"2022-02-22T22:25:00+00:00","dateModified":"2022-02-23T09:13:35+00:00","breadcrumb":{"@id":"https:\/\/gpr.lv\/pl\/lacznosc-rumunia\/#breadcrumb"},"inLanguage":"pl-PL","potentialAction":[{"@type":"ReadAction","target":["https:\/\/gpr.lv\/pl\/lacznosc-rumunia\/"]}]},{"@type":"ImageObject","inLanguage":"pl-PL","@id":"https:\/\/gpr.lv\/pl\/lacznosc-rumunia\/#primaryimage","url":"https:\/\/gprecruitment.eu\/wp-content\/uploads\/2020\/09\/bulta-1.png","contentUrl":"https:\/\/gprecruitment.eu\/wp-content\/uploads\/2020\/09\/bulta-1.png"},{"@type":"BreadcrumbList","@id":"https:\/\/gpr.lv\/pl\/lacznosc-rumunia\/#breadcrumb","itemListElement":[{"@type":"ListItem","position":1,"name":"Home","item":"https:\/\/gprecruitment.eu\/pl\/"},{"@type":"ListItem","position":2,"name":"\u0141\u0104CZNO\u015a\u0106 Rumunia"}]},{"@type":"WebSite","@id":"https:\/\/gpr.lv\/bg\/#website","url":"https:\/\/gpr.lv\/bg\/","name":"GP Recruitment","description":"Find job abroad quickly","publisher":{"@id":"https:\/\/gpr.lv\/bg\/#organization"},"potentialAction":[{"@type":"SearchAction","target":{"@type":"EntryPoint","urlTemplate":"https:\/\/gpr.lv\/bg\/?s={search_term_string}"},"query-input":{"@type":"PropertyValueSpecification","valueRequired":true,"valueName":"search_term_string"}}],"inLanguage":"pl-PL"},{"@type":"Organization","@id":"https:\/\/gpr.lv\/bg\/#organization","name":"GP Recruitment","url":"https:\/\/gpr.lv\/bg\/","logo":{"@type":"ImageObject","inLanguage":"pl-PL","@id":"https:\/\/gpr.lv\/bg\/#\/schema\/logo\/image\/","url":"https:\/\/gprecruitment.eu\/wp-content\/uploads\/2020\/09\/Logo_gpr.png","contentUrl":"https:\/\/gprecruitment.eu\/wp-content\/uploads\/2020\/09\/Logo_gpr.png","width":171,"height":83,"caption":"GP Recruitment"},"image":{"@id":"https:\/\/gpr.lv\/bg\/#\/schema\/logo\/image\/"}}]}},"_links":{"self":[{"href":"https:\/\/gprecruitment.eu\/pl\/wp-json\/wp\/v2\/pages\/3755","targetHints":{"allow":["GET"]}}],"collection":[{"href":"https:\/\/gprecruitment.eu\/pl\/wp-json\/wp\/v2\/pages"}],"about":[{"href":"https:\/\/gprecruitment.eu\/pl\/wp-json\/wp\/v2\/types\/page"}],"author":[{"embeddable":true,"href":"https:\/\/gprecruitment.eu\/pl\/wp-json\/wp\/v2\/users\/6"}],"replies":[{"embeddable":true,"href":"https:\/\/gprecruitment.eu\/pl\/wp-json\/wp\/v2\/comments?post=3755"}],"version-history":[{"count":0,"href":"https:\/\/gprecruitment.eu\/pl\/wp-json\/wp\/v2\/pages\/3755\/revisions"}],"wp:attachment":[{"href":"https:\/\/gprecruitment.eu\/pl\/wp-json\/wp\/v2\/media?parent=3755"}],"curies":[{"name":"wp","href":"https:\/\/api.w.org\/{rel}","templated":true}]}}